{"id":6870,"date":"2025-05-17T11:09:51","date_gmt":"2025-05-17T11:09:51","guid":{"rendered":"https:\/\/weddingvideographeramalficoast.com\/same-sex-wedding-in-positano-lamore-vero-matthew-and-eddie\/"},"modified":"2025-05-17T15:40:48","modified_gmt":"2025-05-17T15:40:48","slug":"same-sex-wedding-in-positano-lamore-vero-matthew-and-eddie","status":"publish","type":"page","link":"https:\/\/weddingvideographeramalficoast.com\/it\/same-sex-wedding-in-positano-lamore-vero-matthew-and-eddie\/","title":{"rendered":"Same sex wedding in Positano, L&#8217;Amore Vero &#8211; Matthew and Eddie"},"content":{"rendered":"<section class=\"wpb-content-wrapper\"><p>[vc_row][vc_column][vc_custom_heading text=&#8221;Same sex wedding in Positano, Matthew e Eddie&#8221; font_container=&#8221;tag:h4|text_align:center&#8221;][vc_separator][vc_column_text]<\/p>\n<p style=\"text-align: center;\"><strong><span class=\"hding-mbs\" style=\"color: #9ca48e; font-size: 45px; font-weight: bold; font-family: 'Playfair Display' !important;\">L&#8217;AMORE VERO<br \/>\n<\/span><\/strong><span style=\"color: #333333;\">Hotel Marincanto, Positano<\/span><\/p>\n<p>[\/vc_column_text][vc_separator][\/vc_column][\/vc_row][vc_section][vc_row][vc_column][vc_column_text]La storia d&#8217;amore di una coppia in una cornice cinematografica di balconi decorati, sguardi teneri e balli sotto la luna.<br \/>\nChiuderesti gli occhi un attimo?<br \/>\nRiesci a sentire il rumore del mare che sfiora la riva, le risate che emergono dal cuore, l&#8217;amore che passeggia per le strade di Positano?<br \/>\nCe la stai facendo. Clicca sul pulsante.<\/p>\n<p>Cavalca l&#8217;onda di una storia che profuma di mare, sa di passione e parla di libert\u00e0.<br \/>\nQuesto \u00e8 il viaggio di Matthew ed Eddie, un film di matrimonio omosessuale a Positano. Un pezzo d&#8217;amore che ha scelto l&#8217;Italia come palcoscenico, la Costiera Amalfitana come poesia, e sguardi che vedono cose invisibili a tutti tranne che alla memoria viva.[\/vc_column_text][\/vc_column][\/vc_row][vc_row full_width=&#8221;stretch_row_content&#8221;][vc_column][vc_video link=&#8221;https:\/\/vimeo.com\/1085225835&#8243;][\/vc_column][\/vc_row][vc_row][vc_column][vc_column_text]Quando l&#8217;emozione prende vita attraverso il movimento<br \/>\nIl film di un matrimonio non \u00e8 solo la registrazione di ci\u00f2 che \u00e8 accaduto. \u00c8 il respiro di un giorno che non si ripeter\u00e0 mai pi\u00f9. \u00c8 il battito del cuore che risuona ogni volta che premi &#8220;play&#8221;.<\/p>\n<p>Mentre le foto catturano un singolo istante, un <a href=\"https:\/\/weddingvideographeramalficoast.com\/it\/wedding-film\/\" target=\"_blank\" rel=\"noopener\">film di un matrimonio<\/a> tra persone dello stesso sesso a Positano pu\u00f2 riprodurre il suono delle parole, il ritmo della musica, lo sguardo tremante prima del &#8220;s\u00ec, lo voglio&#8221;.<br \/>\n\u00c8 la voce soffocata dell&#8217;emozione, il cuore che sobbalza, quando gli occhi si incontrano per la prima volta, il tintinnio dei bicchieri nella luce della sera.<br \/>\n\u00c8 la brezza che soffia sopra la testa di Positano, un drone che sorvola la terrazza del Marincanto; \u00e8 un abbraccio dopo un ballo, la risata inaspettata in compagnia di amici.[\/vc_column_text][vc_masonry_media_grid element_width=&#8221;12&#8243; grid_id=&#8221;vc_gid:1747495824708-dd9ea406-5f44-7&#8243; include=&#8221;6821,6823,6825&#8243;][vc_column_text]<strong>Matthew ed Eddie considerano questo film un&#8217;espressione di verit\u00e0.<\/strong><br \/>\nIl racconto di ci\u00f2 che provano, di ci\u00f2 che li lega e della loro decisione di coinvolgere un piccolo gruppo di persone care e amici nella loro gioia.<br \/>\nQuesto video \u00e8 un ricordo da consumare oggi, domani e tra trent&#8217;anni.<br \/>\nUn dono da lasciare a chi verr\u00e0 dopo, perch\u00e9 ogni storia d&#8217;amore come questa merita di essere raccontata con verit\u00e0 e bellezza.<br \/>\nCon il passare del tempo, i ricordi tendono ad allontanarsi. Tuttavia, un video di nozze sincero e visivo resterebbe per sempre nei cuori di tutti.[\/vc_column_text][vc_masonry_media_grid element_width=&#8221;12&#8243; grid_id=&#8221;vc_gid:1747495824709-b0ae47d3-48bd-5&#8243; include=&#8221;6828,6830,6832&#8243;][vc_column_text]<strong>Ogni amore \u00e8 un universo diverso. Ogni storia \u00e8 una verit\u00e0 inespressa.<\/strong><br \/>\nNon amiamo la sequenza degli eventi delle storie che vengono prodotte in anticipo. Amiamo le persone che le raccontano. La connessione con il vero te. Le piccole cose rivelano la tua personalit\u00e0: questo \u00e8 ci\u00f2 che crediamo nell&#8217;organizzazione del tuo video di matrimonio. Ogni video di matrimonio che creiamo \u00e8 il frutto dell&#8217;ascolto, del sentimento e della nostra presenza, ed \u00e8 molto discreto e molto autentico.<br \/>\nMatthew ed Eddie ci hanno abbracciati in modo naturale e discreto, e anche quando erano fermi, trasmettevano la luce della gentilezza. Avevano una storia d&#8217;amore unica nel suo genere, e doveva essere un evento privato, pieno di poesia e allo stesso tempo allegro. Il loro amore ha mostrato la via: un amore che resiste nonostante le differenze, diventa un simbolo e sceglie l&#8217;Italia come piattaforma unica per pronunciare il suo &#8220;s\u00ec&#8221; con libert\u00e0 e orgoglio.[\/vc_column_text][vc_masonry_media_grid element_width=&#8221;12&#8243; grid_id=&#8221;vc_gid:1747495824709-2b03a3f5-4fa3-7&#8243; include=&#8221;6834,6836,6838,6840&#8243;][vc_column_text]<strong>Il nostro approccio \u00e8 quello di un film:<\/strong> ci preoccupiamo della luce, della composizione e della colonna sonora. Ma non \u00e8 solo per questo, \u00e8 perch\u00e9 l&#8217;unica cosa che cerchiamo \u00e8 l&#8217;autenticit\u00e0. Lacrime, oh! Uno sguardo, uno sguardo profondo e significativo, un tocco, \u00e8 cos\u00ec che creiamo le storie.<br \/>\n<strong>&#8220;L&#8217;amore \u00e8 un viaggio che registriamo con una videocamera&#8221;<\/strong>. Questo \u00e8 il nostro scopo. Mostrare l&#8217;amore come un viaggio. Se l&#8217;amore non \u00e8 un evento, dovrebbe essere un&#8217;esperienza da ricordare. Ogni film \u00e8 su misura per la coppia. Non c&#8217;\u00e8 una sceneggiatura, solo la verit\u00e0 che emerge dal giorno pi\u00f9 importante.[\/vc_column_text][vc_masonry_media_grid element_width=&#8221;6&#8243; grid_id=&#8221;vc_gid:1747495824710-511cc561-5156-3&#8243; include=&#8221;6844,6850,6842,6846&#8243;][vc_column_text]<strong>La magia di un matrimonio in Italia<\/strong><br \/>\nRealizzare un sogno vivendo un altro luogo. L&#8217;Italia non \u00e8 solo una location, \u00e8 una dichiarazione dell&#8217;incredibile fascino del mondo con la sua cultura e la sua calda atmosfera.<br \/>\nPer chi viene da terre lontane, come Matthew ed Eddie, la decisione di sposarsi in questo luogo non \u00e8 solo l&#8217;eleganza di una location, ma anche l&#8217;emozione di un&#8217;esperienza che sceglierebbero.<br \/>\nPur essendo una piccola localit\u00e0, Positano, con le sue case colorate a picco sulle scogliere, i vicoli profumati di limoni e le terrazze con vista sul mare infinito, \u00e8 il mondo della Costiera Amalfitana che Matthew ed Eddie hanno scelto per il loro matrimonio.<br \/>\nDall&#8217;<a href=\"https:\/\/www.marincanto.it\/it\/home\/\" target=\"_blank\" rel=\"noopener\">Hotel Marincanto<\/a>, dove si sono giurati amore di fronte a un panorama incantevole, alla romantica cena a lume di candela sulla terrazza del <a href=\"https:\/\/www.radapositano.it\/\" target=\"_blank\" rel=\"noopener\">Rada<\/a>, illuminata solo dalle candele e dalle luci lontane di Positano, fino alla festa vivace al <a href=\"https:\/\/musicontherocks.it\/\" target=\"_blank\" rel=\"noopener\">Music on the Rocks<\/a>, ogni momento \u00e8 stato permeato dall&#8217;atmosfera della dolce vita italiana. Chi si sposa in Italia, in altre parole, \u00e8 circondato da elementi di bellezza, storia e calore. E chi sogna un matrimonio in una destinazione cos\u00ec seducente da renderlo indimenticabile trover\u00e0 ogni angolo unico del Paese molto utile nella sua ricerca dell&#8217;amore.[\/vc_column_text][vc_masonry_media_grid element_width=&#8221;12&#8243; grid_id=&#8221;vc_gid:1747495824710-bd4d5d03-eb8c-10&#8243; include=&#8221;6861,6859,6857,6854&#8243;][vc_column_text]<strong>Dettagli e momenti memorabili<\/strong><br \/>\nEmozioni inaspettate e scene da ricordare.<br \/>\nIl film del matrimonio di Matthew ed Eddie inizia con un&#8217;incantevole ripresa aerea di Positano, mentre una voce narrante offre al pubblico una sensazione di serenit\u00e0 e distacco dalla realt\u00e0. Quella scena era solo una parte di una narrazione emozionante e autentica.<br \/>\nIl loro primo sguardo \u00e8 stato indescrivibile: un momento di silenzio, l&#8217;unico suono era il battito dei cuori, mentre i loro occhi si incrociavano e diventavano la luce del mondo. Pi\u00f9 tardi, la passeggiata per le vie di Positano, affollata di turisti curiosi e pittori locali, \u00e8 stata quasi come una scena cinematografica, pur essendo vita reale.<br \/>\nUna toccante performance sulla terrazza del Marincanto, \u00e8 stata tra le pi\u00f9 toccanti: il mare sullo sfondo, una voce tremante di emozione, applausi pieni d&#8217;amore.<br \/>\nLa cena al Rada, con le candele scintillanti, ha evocato un&#8217;atmosfera quasi congelata nel tempo, mentre la serata si \u00e8 conclusa con una festa scatenata al Music on the Rocks. Un&#8217;atmosfera di allegria, la libert\u00e0 di divertirsi. Quella giornata non \u00e8 stata solo un mix di intimit\u00e0 ed euforia, romanticismo e gioia esplosiva. Eravamo anche noi a poterla raccontare senza arie.[\/vc_column_text][vc_masonry_media_grid element_width=&#8221;12&#8243; grid_id=&#8221;vc_gid:1747495824711-61abb86c-f673-3&#8243; include=&#8221;6863&#8243;][vc_column_text]Ogni amore \u00e8 un viaggio da raccontare. Lascia che il tuo diventi un film.<br \/>\nMatthew ed Eddie, con il loro video di matrimonio a Positano, ci hanno insegnato che il vero amore \u00e8 sempre un atto di coraggio. Scegliere di viverlo appieno, di celebrarlo autenticamente e di renderlo un ricordo \u00e8 un gesto potente. Il loro video di matrimonio ne \u00e8 la prova.<br \/>\nSe sogni un matrimonio in Italia, sappi che ogni dettaglio della tua storia merita di essere raccontato con cura.<br \/>\nCon sensibilit\u00e0. Con uno sguardo che va oltre la superficie.<br \/>\nEcho of Journey \u00e8 qui per questo. Per custodire le tue emozioni. Per trasformare i momenti in un film. Per rendere il tuo amore un ricordo eterno.<br \/>\nScopri il <a href=\"https:\/\/weddingvideographeramalficoast.com\/it\/wedding-film\/\" target=\"_blank\" rel=\"noopener\">nostro portfolio<\/a> e <a href=\"https:\/\/weddingvideographeramalficoast.com\/it\/contattaci\/\" target=\"_blank\" rel=\"noopener\">contattaci<\/a> per creare insieme il video del tuo matrimonio.<br \/>\nSiamo pronti ad accompagnarti, ovunque ti porti il \u200b\u200bcuore.<br \/>\n&#8220;Se il tuo amore ha il sapore dell&#8217;avventura, di momenti senza tempo e di vera bellezza, siamo pronti a raccontarlo.&#8221;[\/vc_column_text][\/vc_column][\/vc_row][\/vc_section]<\/p>\n<\/section>","protected":false},"excerpt":{"rendered":"<p>[vc_row][vc_column][vc_custom_heading text=&#8221;Same sex wedding in Positano, Matthew e Eddie&#8221; font_container=&#8221;tag:h4|text_align:center&#8221;][vc_separator][vc_column_text] L&#8217;AMORE VERO Hotel Marincanto, Positano [\/vc_column_text][vc_separator][\/vc_column][\/vc_row][vc_section][vc_row][vc_column][vc_column_text]La storia d&#8217;amore di una coppia in una cornice cinematografica di balconi decorati, sguardi teneri e balli sotto la luna. Chiuderesti gli occhi un attimo? Riesci a sentire il rumore del mare che sfiora la riva, le risate che emergono&hellip; <a class=\"more-link\" href=\"https:\/\/weddingvideographeramalficoast.com\/it\/same-sex-wedding-in-positano-lamore-vero-matthew-and-eddie\/\">Continue reading <span class=\"screen-reader-text\">Same sex wedding in Positano, L&#8217;Amore Vero &#8211; Matthew and Eddie<\/span><\/a><\/p>\n","protected":false},"author":1,"featured_media":6853,"parent":0,"menu_order":0,"comment_status":"closed","ping_status":"closed","template":"","meta":{"_acf_changed":false,"footnotes":""},"acf":[],"yoast_head":"<!-- This site is optimized with the Yoast SEO plugin v20.5 - https:\/\/yoast.com\/wordpress\/plugins\/seo\/ -->\n<title>Same Sex Wedding Film in Positano | Wedding Videographer<\/title>\n<meta name=\"description\" content=\"Experience the emotional same sex wedding film of Matthew &amp; Eddie \u2014 a romantic celebration on the Amalfi Coast. A cinematic love story crafted by Echo of Journey, destination wedding videographer in Italy.\" \/>\n<meta name=\"robots\" content=\"index, follow, max-snippet:-1, max-image-preview:large, max-video-preview:-1\" \/>\n<link rel=\"canonical\" href=\"https:\/\/weddingvideographeramalficoast.com\/it\/same-sex-wedding-in-positano-lamore-vero-matthew-and-eddie\/\" \/>\n<meta property=\"og:locale\" content=\"it_IT\" \/>\n<meta property=\"og:type\" content=\"article\" \/>\n<meta property=\"og:title\" content=\"Same Sex Wedding Film in Positano | Wedding Videographer\" \/>\n<meta property=\"og:description\" content=\"Experience the emotional same sex wedding film of Matthew &amp; Eddie \u2014 a romantic celebration on the Amalfi Coast. A cinematic love story crafted by Echo of Journey, destination wedding videographer in Italy.\" \/>\n<meta property=\"og:url\" content=\"https:\/\/weddingvideographeramalficoast.com\/it\/same-sex-wedding-in-positano-lamore-vero-matthew-and-eddie\/\" \/>\n<meta property=\"og:site_name\" content=\"Echo of Journey\" \/>\n<meta property=\"article:modified_time\" content=\"2025-05-17T15:40:48+00:00\" \/>\n<meta property=\"og:image\" content=\"https:\/\/weddingvideographeramalficoast.com\/wp-content\/uploads\/2025\/05\/Matthew-and-Eddie_7.7.1-scaled.jpg\" \/>\n\t<meta property=\"og:image:width\" content=\"2560\" \/>\n\t<meta property=\"og:image:height\" content=\"1440\" \/>\n\t<meta property=\"og:image:type\" content=\"image\/jpeg\" \/>\n<meta name=\"twitter:card\" content=\"summary_large_image\" \/>\n<meta name=\"twitter:label1\" content=\"Tempo di lettura stimato\" \/>\n\t<meta name=\"twitter:data1\" content=\"6 minuti\" \/>\n<script type=\"application\/ld+json\" class=\"yoast-schema-graph\">{\"@context\":\"https:\/\/schema.org\",\"@graph\":[{\"@type\":\"WebPage\",\"@id\":\"https:\/\/weddingvideographeramalficoast.com\/it\/same-sex-wedding-in-positano-lamore-vero-matthew-and-eddie\/\",\"url\":\"https:\/\/weddingvideographeramalficoast.com\/it\/same-sex-wedding-in-positano-lamore-vero-matthew-and-eddie\/\",\"name\":\"Same Sex Wedding Film in Positano | Wedding Videographer\",\"isPartOf\":{\"@id\":\"https:\/\/weddingvideographeramalficoast.com\/#website\"},\"datePublished\":\"2025-05-17T11:09:51+00:00\",\"dateModified\":\"2025-05-17T15:40:48+00:00\",\"description\":\"Experience the emotional same sex wedding film of Matthew & Eddie \u2014 a romantic celebration on the Amalfi Coast. A cinematic love story crafted by Echo of Journey, destination wedding videographer in Italy.\",\"breadcrumb\":{\"@id\":\"https:\/\/weddingvideographeramalficoast.com\/it\/same-sex-wedding-in-positano-lamore-vero-matthew-and-eddie\/#breadcrumb\"},\"inLanguage\":\"it-IT\",\"potentialAction\":[{\"@type\":\"ReadAction\",\"target\":[\"https:\/\/weddingvideographeramalficoast.com\/it\/same-sex-wedding-in-positano-lamore-vero-matthew-and-eddie\/\"]}]},{\"@type\":\"BreadcrumbList\",\"@id\":\"https:\/\/weddingvideographeramalficoast.com\/it\/same-sex-wedding-in-positano-lamore-vero-matthew-and-eddie\/#breadcrumb\",\"itemListElement\":[{\"@type\":\"ListItem\",\"position\":1,\"name\":\"Home\",\"item\":\"https:\/\/weddingvideographeramalficoast.com\/it\/\"},{\"@type\":\"ListItem\",\"position\":2,\"name\":\"Same sex wedding in Positano, L&#8217;Amore Vero &#8211; Matthew and Eddie\"}]},{\"@type\":\"WebSite\",\"@id\":\"https:\/\/weddingvideographeramalficoast.com\/#website\",\"url\":\"https:\/\/weddingvideographeramalficoast.com\/\",\"name\":\"Echo of Journey\",\"description\":\"wedding films\",\"publisher\":{\"@id\":\"https:\/\/weddingvideographeramalficoast.com\/#organization\"},\"potentialAction\":[{\"@type\":\"SearchAction\",\"target\":{\"@type\":\"EntryPoint\",\"urlTemplate\":\"https:\/\/weddingvideographeramalficoast.com\/?s={search_term_string}\"},\"query-input\":\"required name=search_term_string\"}],\"inLanguage\":\"it-IT\"},{\"@type\":\"Organization\",\"@id\":\"https:\/\/weddingvideographeramalficoast.com\/#organization\",\"name\":\"Echo of Journey\",\"url\":\"https:\/\/weddingvideographeramalficoast.com\/\",\"logo\":{\"@type\":\"ImageObject\",\"inLanguage\":\"it-IT\",\"@id\":\"https:\/\/weddingvideographeramalficoast.com\/#\/schema\/logo\/image\/\",\"url\":\"https:\/\/weddingvideographeramalficoast.com\/wp-content\/uploads\/2024\/11\/cropped-3-2.png\",\"contentUrl\":\"https:\/\/weddingvideographeramalficoast.com\/wp-content\/uploads\/2024\/11\/cropped-3-2.png\",\"width\":200,\"height\":111,\"caption\":\"Echo of Journey\"},\"image\":{\"@id\":\"https:\/\/weddingvideographeramalficoast.com\/#\/schema\/logo\/image\/\"}}]}<\/script>\n<!-- \/ Yoast SEO plugin. -->","yoast_head_json":{"title":"Same Sex Wedding Film in Positano | Wedding Videographer","description":"Experience the emotional same sex wedding film of Matthew & Eddie \u2014 a romantic celebration on the Amalfi Coast. A cinematic love story crafted by Echo of Journey, destination wedding videographer in Italy.","robots":{"index":"index","follow":"follow","max-snippet":"max-snippet:-1","max-image-preview":"max-image-preview:large","max-video-preview":"max-video-preview:-1"},"canonical":"https:\/\/weddingvideographeramalficoast.com\/it\/same-sex-wedding-in-positano-lamore-vero-matthew-and-eddie\/","og_locale":"it_IT","og_type":"article","og_title":"Same Sex Wedding Film in Positano | Wedding Videographer","og_description":"Experience the emotional same sex wedding film of Matthew & Eddie \u2014 a romantic celebration on the Amalfi Coast. A cinematic love story crafted by Echo of Journey, destination wedding videographer in Italy.","og_url":"https:\/\/weddingvideographeramalficoast.com\/it\/same-sex-wedding-in-positano-lamore-vero-matthew-and-eddie\/","og_site_name":"Echo of Journey","article_modified_time":"2025-05-17T15:40:48+00:00","og_image":[{"width":2560,"height":1440,"url":"https:\/\/weddingvideographeramalficoast.com\/wp-content\/uploads\/2025\/05\/Matthew-and-Eddie_7.7.1-scaled.jpg","type":"image\/jpeg"}],"twitter_card":"summary_large_image","twitter_misc":{"Tempo di lettura stimato":"6 minuti"},"schema":{"@context":"https:\/\/schema.org","@graph":[{"@type":"WebPage","@id":"https:\/\/weddingvideographeramalficoast.com\/it\/same-sex-wedding-in-positano-lamore-vero-matthew-and-eddie\/","url":"https:\/\/weddingvideographeramalficoast.com\/it\/same-sex-wedding-in-positano-lamore-vero-matthew-and-eddie\/","name":"Same Sex Wedding Film in Positano | Wedding Videographer","isPartOf":{"@id":"https:\/\/weddingvideographeramalficoast.com\/#website"},"datePublished":"2025-05-17T11:09:51+00:00","dateModified":"2025-05-17T15:40:48+00:00","description":"Experience the emotional same sex wedding film of Matthew & Eddie \u2014 a romantic celebration on the Amalfi Coast. A cinematic love story crafted by Echo of Journey, destination wedding videographer in Italy.","breadcrumb":{"@id":"https:\/\/weddingvideographeramalficoast.com\/it\/same-sex-wedding-in-positano-lamore-vero-matthew-and-eddie\/#breadcrumb"},"inLanguage":"it-IT","potentialAction":[{"@type":"ReadAction","target":["https:\/\/weddingvideographeramalficoast.com\/it\/same-sex-wedding-in-positano-lamore-vero-matthew-and-eddie\/"]}]},{"@type":"BreadcrumbList","@id":"https:\/\/weddingvideographeramalficoast.com\/it\/same-sex-wedding-in-positano-lamore-vero-matthew-and-eddie\/#breadcrumb","itemListElement":[{"@type":"ListItem","position":1,"name":"Home","item":"https:\/\/weddingvideographeramalficoast.com\/it\/"},{"@type":"ListItem","position":2,"name":"Same sex wedding in Positano, L&#8217;Amore Vero &#8211; Matthew and Eddie"}]},{"@type":"WebSite","@id":"https:\/\/weddingvideographeramalficoast.com\/#website","url":"https:\/\/weddingvideographeramalficoast.com\/","name":"Echo of Journey","description":"wedding films","publisher":{"@id":"https:\/\/weddingvideographeramalficoast.com\/#organization"},"potentialAction":[{"@type":"SearchAction","target":{"@type":"EntryPoint","urlTemplate":"https:\/\/weddingvideographeramalficoast.com\/?s={search_term_string}"},"query-input":"required name=search_term_string"}],"inLanguage":"it-IT"},{"@type":"Organization","@id":"https:\/\/weddingvideographeramalficoast.com\/#organization","name":"Echo of Journey","url":"https:\/\/weddingvideographeramalficoast.com\/","logo":{"@type":"ImageObject","inLanguage":"it-IT","@id":"https:\/\/weddingvideographeramalficoast.com\/#\/schema\/logo\/image\/","url":"https:\/\/weddingvideographeramalficoast.com\/wp-content\/uploads\/2024\/11\/cropped-3-2.png","contentUrl":"https:\/\/weddingvideographeramalficoast.com\/wp-content\/uploads\/2024\/11\/cropped-3-2.png","width":200,"height":111,"caption":"Echo of Journey"},"image":{"@id":"https:\/\/weddingvideographeramalficoast.com\/#\/schema\/logo\/image\/"}}]}},"_links":{"self":[{"href":"https:\/\/weddingvideographeramalficoast.com\/it\/wp-json\/wp\/v2\/pages\/6870"}],"collection":[{"href":"https:\/\/weddingvideographeramalficoast.com\/it\/wp-json\/wp\/v2\/pages"}],"about":[{"href":"https:\/\/weddingvideographeramalficoast.com\/it\/wp-json\/wp\/v2\/types\/page"}],"author":[{"embeddable":true,"href":"https:\/\/weddingvideographeramalficoast.com\/it\/wp-json\/wp\/v2\/users\/1"}],"replies":[{"embeddable":true,"href":"https:\/\/weddingvideographeramalficoast.com\/it\/wp-json\/wp\/v2\/comments?post=6870"}],"version-history":[{"count":2,"href":"https:\/\/weddingvideographeramalficoast.com\/it\/wp-json\/wp\/v2\/pages\/6870\/revisions"}],"predecessor-version":[{"id":6872,"href":"https:\/\/weddingvideographeramalficoast.com\/it\/wp-json\/wp\/v2\/pages\/6870\/revisions\/6872"}],"wp:featuredmedia":[{"embeddable":true,"href":"https:\/\/weddingvideographeramalficoast.com\/it\/wp-json\/wp\/v2\/media\/6853"}],"wp:attachment":[{"href":"https:\/\/weddingvideographeramalficoast.com\/it\/wp-json\/wp\/v2\/media?parent=6870"}],"curies":[{"name":"wp","href":"https:\/\/api.w.org\/{rel}","templated":true}]}}