{"id":5751,"date":"2024-09-21T12:37:07","date_gmt":"2024-09-21T12:37:07","guid":{"rendered":"https:\/\/weddingvideographeramalficoast.com\/?page_id=5751"},"modified":"2024-09-21T12:37:07","modified_gmt":"2024-09-21T12:37:07","slug":"in-che-modo-un-videografo-professionista-di-matrimoni-italiano-puo-influenzare-la-tua-esperienza-di-matrimonio","status":"publish","type":"page","link":"https:\/\/weddingvideographeramalficoast.com\/it\/in-che-modo-un-videografo-professionista-di-matrimoni-italiano-puo-influenzare-la-tua-esperienza-di-matrimonio\/","title":{"rendered":"In che modo un videografo professionista di matrimoni italiano pu\u00f2 influenzare la tua esperienza di matrimonio?"},"content":{"rendered":"<section class=\"wpb-content-wrapper\"><p>[vc_section css=&#8221;.vc_custom_1706682083741{margin-top: 50px !important;margin-bottom: 50px !important;}&#8221;][vc_row][vc_column][vc_custom_heading text=&#8221;In che modo un videografo professionista di matrimoni italiano pu\u00f2 influenzare la tua esperienza di matrimonio?&#8221; font_container=&#8221;tag:h2|font_size:24px|text_align:left&#8221; use_theme_fonts=&#8221;yes&#8221;][vc_column_text]Uno dei momenti pi\u00f9 importanti della vita e anche uno dei pi\u00f9 amati \u00e8 il matrimonio. Catturare questo momento alla perfezione \u00e8, quindi, della massima importanza per preservarne la magia. L&#8217;assunzione di videografi professionisti di matrimoni italiani, come Luciano di Lascio della Costiera Amalfitana, pu\u00f2 fare un&#8217;enorme differenza nella tua esperienza di matrimonio trasformando questi momenti fugaci in ricordi senza tempo. Ecco come un abile videografo di matrimoni pu\u00f2 elevare il tuo giorno speciale.[\/vc_column_text][\/vc_column][\/vc_row][vc_row][vc_column][vc_custom_heading text=&#8221;Narrazione esperta&#8221; font_container=&#8221;tag:h2|font_size:20px|text_align:left&#8221; use_theme_fonts=&#8221;yes&#8221;][vc_column_text]Un videografo professionista di matrimoni pu\u00f2 raccontare una storia con i film di matrimonio, come Luciano di Lascio. Questo \u00e8 pi\u00f9 delle istantanee casuali o dei video amatoriali che un videografo esperto realizza; riflette il vostro viaggio unico insieme come coppia. Catturando tutti gli eventi importanti e talvolta momenti spontanei ed emozionanti, pu\u00f2 mettere insieme una storia sul giorno del tuo matrimonio. Questo approccio narrativo significa che il tuo film di matrimonio sar\u00e0 pi\u00f9 di semplici pezzi e frammenti messi insieme; \u00e8 una storia ben montata che mostra il vero nucleo della tua relazione. [\/vc_column_text][vc_custom_heading text=&#8221;Immagini di alta qualit\u00e0&#8221; font_container=&#8221;tag:h2|font_size:20px|text_align:left&#8221; use_theme_fonts=&#8221;yes&#8221;][vc_column_text]L&#8217;aspetto del tuo video di nozze pu\u00f2 fare la differenza nel modo in cui ricordi un giorno cos\u00ec importante. I videografi di matrimoni italiani investono in attrezzature e tecniche di alta qualit\u00e0 che assicurano riprese nitide, vivaci e cinematografiche. Luciano di Lascio \u00e8 un professionista affermato con molte occasioni riprese con la telecamera lungo la splendida Costiera Amalfitana; utilizza le pi\u00f9 recenti attrezzature tecnologiche per presentare ogni singolo dettaglio in modo inconfondibile ed elegante. Questa visualizzazione di categoria premium assicurer\u00e0 che il tuo video di nozze si distingua e mantenga viva la bellezza e la grandiosit\u00e0 del tuo evento per molti anni a venire.[\/vc_column_text][vc_custom_heading text=&#8221;Integrazione perfetta con la location&#8221; font_container=&#8221;tag:h2|font_size:20px|text_align:left&#8221; use_theme_fonts=&#8221;yes&#8221;][vc_column_text]Uno degli aspetti positivi pi\u00f9 grandi \u00e8 che un professionista locale come Luciano di Lascio ha una conoscenza approfondita della location. Dai bellissimi paesaggi di Amalfi alle location storiche, un videografo dovrebbe essere in grado di capire esattamente come si potrebbe usare al meglio quel potenziale. Un professionista come Luciano integrer\u00e0 sicuramente la bellezza naturale nel tuo video di nozze, nascondendo la bellezza dell&#8217;ambientazione ed elevando ulteriormente il tono della tua celebrazione. Ci\u00f2 significa che il tuo video di nozze non solo catturer\u00e0 l&#8217;evento in s\u00e9, ma anche lo scenario fantastico che la tua location ha in serbo.[\/vc_column_text][vc_custom_heading text=&#8221;Attenzione ai momenti emozionanti&#8221; font_container=&#8221;tag:h2|font_size:20px|text_align:left&#8221; use_theme_fonts=&#8221;yes&#8221;][vc_column_text]Il videografo professionista di matrimoni sarebbe in grado di catturare tutte le sfumature emozionali del giorno delle nozze, dalle lacrime di gioia ai brindisi sentiti e alle risate profonde: tutti i momenti importanti vengono catturati in modo premuroso. Con Luciano di Lascio, sar\u00e0 in grado di anticipare e documentare ogni momento prezioso in modo che il film del tuo matrimonio rifletta veramente le vere emozioni e i legami tra familiari e amici.[\/vc_column_text][vc_custom_heading text=&#8221;Approccio personalizzato&#8221; font_container=&#8221;tag:h2|font_size:20px|text_align:left&#8221; use_theme_fonts=&#8221;yes&#8221;][vc_column_text]Nessuna storia d&#8217;amore \u00e8 uguale all&#8217;altra e quindi ogni coppia merita un approccio individualistico. Un videografo di matrimoni italiano potrebbe essere Luciano di Lascio, che si prenderebbe il tempo necessario per comprendere il tuo stile, le tue preferenze e cosa stai cercando esattamente nella cattura del tuo grande giorno. L&#8217;approccio personalizzato unisce le tue aspettative a quelle del giorno. Che tu immagini il tuo film come un pezzo cinematografico romantico o qualcosa di leggero e divertente, un professionista avr\u00e0 uno stile adatto alle tue esigenze.[\/vc_column_text][vc_custom_heading text=&#8221;Ricordi duraturi&#8221; font_container=&#8221;tag:h2|font_size:20px|text_align:left&#8221; use_theme_fonts=&#8221;yes&#8221;][vc_column_text]Una delle pi\u00f9 grandi influenze derivanti dall&#8217;assunzione di un miglior videografo di matrimoni in Italia \u00e8 la creazione di ricordi a lungo termine. Naturalmente, le foto sono importanti, ma i film di nozze offrono un modo pi\u00f9 dinamico di rivivere la giornata, consentendoti di vivere le immagini e i suoni insieme alle emozioni mentre si svolgono. L&#8217;esperienza di Luciano di Lascio garantir\u00e0 che il tuo film di nozze sia un ricordo di alta qualit\u00e0 e duraturo che tu e i tuoi cari custodirete per sempre.[\/vc_column_text][vc_custom_heading text=&#8221;Esperienza senza stress&#8221; font_container=&#8221;tag:h2|font_size:20px|text_align:left&#8221; use_theme_fonts=&#8221;yes&#8221;][vc_column_text]Il giorno delle tue nozze, l&#8217;ultima cosa di cui vuoi preoccuparti \u00e8 se il video sar\u00e0 fatto bene. Un lusso come Luciano di Lascio si prende cura di tutto ci\u00f2 che riguarda la videografia senza disturbare minimamente, cos\u00ec puoi concentrarti sulla gioia del giorno. La sua esperienza e professionalit\u00e0 assicurano che tutto vada come dovrebbe, cos\u00ec puoi sentirti sicuro e prendere parte alla gioia.[\/vc_column_text][vc_custom_heading text=&#8221;Conclusione&#8221; font_container=&#8221;tag:h2|font_size:20px|text_align:left&#8221; use_theme_fonts=&#8221;yes&#8221;][vc_column_text]Un videografo di nozze italiano in Costiera Amalfitana, come Luciano di Lascio, migliora sicuramente l&#8217;esperienza del tuo matrimonio. Assumendo un videografo davvero bravo, dalla narrazione esperta e immagini di alta qualit\u00e0 alla cattura di momenti emozionanti e alla personalizzazione del tuo film, gli impatti possono essere piuttosto profondi. Avrete la certezza che il filmato del vostro matrimonio sar\u00e0 una testimonianza splendida e duratura di questo giorno speciale e ne preserver\u00e0 la magia per le generazioni future.[\/vc_column_text][\/vc_column][\/vc_row][\/vc_section]<\/p>\n<\/section>","protected":false},"excerpt":{"rendered":"<p>[vc_section css=&#8221;.vc_custom_1706682083741{margin-top: 50px !important;margin-bottom: 50px !important;}&#8221;][vc_row][vc_column][vc_custom_heading text=&#8221;In che modo un videografo professionista di matrimoni italiano pu\u00f2 influenzare la tua esperienza di matrimonio?&#8221; font_container=&#8221;tag:h2|font_size:24px|text_align:left&#8221; use_theme_fonts=&#8221;yes&#8221;][vc_column_text]Uno dei momenti pi\u00f9 importanti della vita e anche uno dei pi\u00f9 amati \u00e8 il matrimonio. Catturare questo momento alla perfezione \u00e8, quindi, della massima importanza per preservarne la magia. L&#8217;assunzione di&hellip; <a class=\"more-link\" href=\"https:\/\/weddingvideographeramalficoast.com\/it\/in-che-modo-un-videografo-professionista-di-matrimoni-italiano-puo-influenzare-la-tua-esperienza-di-matrimonio\/\">Continue reading <span class=\"screen-reader-text\">In che modo un videografo professionista di matrimoni italiano pu\u00f2 influenzare la tua esperienza di matrimonio?<\/span><\/a><\/p>\n","protected":false},"author":1,"featured_media":5075,"parent":0,"menu_order":0,"comment_status":"closed","ping_status":"closed","template":"","meta":{"_acf_changed":false,"om_disable_all_campaigns":false,"_monsterinsights_skip_tracking":false,"_monsterinsights_sitenote_active":false,"_monsterinsights_sitenote_note":"","_monsterinsights_sitenote_category":0,"footnotes":""},"acf":[],"aioseo_notices":[],"_links":{"self":[{"href":"https:\/\/weddingvideographeramalficoast.com\/it\/wp-json\/wp\/v2\/pages\/5751"}],"collection":[{"href":"https:\/\/weddingvideographeramalficoast.com\/it\/wp-json\/wp\/v2\/pages"}],"about":[{"href":"https:\/\/weddingvideographeramalficoast.com\/it\/wp-json\/wp\/v2\/types\/page"}],"author":[{"embeddable":true,"href":"https:\/\/weddingvideographeramalficoast.com\/it\/wp-json\/wp\/v2\/users\/1"}],"replies":[{"embeddable":true,"href":"https:\/\/weddingvideographeramalficoast.com\/it\/wp-json\/wp\/v2\/comments?post=5751"}],"version-history":[{"count":1,"href":"https:\/\/weddingvideographeramalficoast.com\/it\/wp-json\/wp\/v2\/pages\/5751\/revisions"}],"predecessor-version":[{"id":5752,"href":"https:\/\/weddingvideographeramalficoast.com\/it\/wp-json\/wp\/v2\/pages\/5751\/revisions\/5752"}],"wp:featuredmedia":[{"embeddable":true,"href":"https:\/\/weddingvideographeramalficoast.com\/it\/wp-json\/wp\/v2\/media\/5075"}],"wp:attachment":[{"href":"https:\/\/weddingvideographeramalficoast.com\/it\/wp-json\/wp\/v2\/media?parent=5751"}],"curies":[{"name":"wp","href":"https:\/\/api.w.org\/{rel}","templated":true}]}}