{"id":4886,"date":"2024-05-04T13:48:12","date_gmt":"2024-05-04T13:48:12","guid":{"rendered":"https:\/\/weddingvideographeramalficoast.com\/?page_id=4886"},"modified":"2024-09-19T07:17:26","modified_gmt":"2024-09-19T07:17:26","slug":"destination-wedding-palazzo-belmonte-laura-and-conor","status":"publish","type":"page","link":"https:\/\/weddingvideographeramalficoast.com\/it\/destination-wedding-palazzo-belmonte-laura-and-conor\/","title":{"rendered":"Destination wedding Palazzo Belmonte &#8211; Laura and Conor"},"content":{"rendered":"<section class=\"wpb-content-wrapper\"><p>[vc_section css=&#8221;.vc_custom_1714831316828{margin-top: 10px !important;margin-bottom: 80px !important;}&#8221;][vc_row][vc_column][vc_custom_heading text=&#8221;<b>Destination wedding a Palazzo Belmonte: Vivere un Matrimonio da Sogno in Italia<\/b>&#8221; font_container=&#8221;tag:h1|text_align:center&#8221;][\/vc_column][\/vc_row][vc_row][vc_column][vc_column_text]<\/p>\n<div style=\"padding: 56.25% 0 0 0; position: relative;\"><iframe style=\"position: absolute; top: 0; left: 0; width: 100%; height: 100%;\" src=\"https:\/\/player.vimeo.com\/video\/913997804?h=080abe3f28&amp;title=0&amp;byline=0&amp;portrait=0\" frameborder=\"0\" allowfullscreen=\"allowfullscreen\" data-mce-fragment=\"1\"><\/iframe><\/div>\n<p>[\/vc_column_text][vc_custom_heading text=&#8221;<b>LAURA AND CONOR<\/b>&#8221; font_container=&#8221;tag:h2|text_align:center&#8221;][vc_custom_heading text=&#8221;Destination wedding in Cilento Coast&#8221; font_container=&#8221;tag:h2|text_align:center&#8221;][vc_column_text]<\/p>\n<p class=\"p1\"><b>Il Fascino di un Matrimonio a <a href=\"https:\/\/palazzobelmonte.com\/en\/?adblast=6490156421&amp;vbadw=6490156421&amp;gad_source=1&amp;gclid=Cj0KCQjwudexBhDKARIsAI-GWYVrvKOJnctaByA2_oIu39PLhBHSuK4l5-yZdKEp5kWmyJdfSWD5gxsaAnP6EALw_wcB\" target=\"_blank\" rel=\"noopener\">Palazzo Belmonte<\/a><\/b><\/p>\n<p class=\"p1\">Se siete in cerca di un luogo magico e romantico per il vostro destination wedding in Italia, non c&#8217;\u00e8 posto migliore di Palazzo Belmonte. Situato sulla splendida costa del Cilento, questo antico palazzo offre un&#8217;atmosfera senza tempo e una cornice mozzafiato per celebrare il vostro amore.<\/p>\n<p class=\"p1\">Immaginatevi immersi nell&#8217;atmosfera incantata di un antico palazzo italiano, circondati dalla bellezza del mare e dalla storia che permea ogni angolo. Questo \u00e8 ci\u00f2 che vi aspetta a Palazzo Belmonte. Con le sue terrazze panoramiche, i giardini lussureggianti e gli interni eleganti, questo luogo offre uno scenario da favola per il vostro matrimonio.<\/p>\n<p class=\"p1\"><b>Catturare l&#8217;Essenza del Giorno con un Video Professionale<\/b><\/p>\n<p class=\"p1\">Nessun&#8217;altra forma di media pu\u00f2 catturare l&#8217;essenza e l&#8217;emozione di un matrimonio come un video professionale. Nel nostro lavoro con Laura e Conor, abbiamo avuto l&#8217;onore di documentare ogni momento significativo del loro matrimonio a Palazzo Belmonte. Dalla cerimonia nella suggestiva Parrocchia di Santa Maria a Mare al ricevimento sul terrazzo al tramonto, ogni istante \u00e8 stato catturato per essere rivissuto ancora e ancora.<\/p>\n<p class=\"p1\"><b>Destination Wedding: L&#8217;Esperienza Unica<\/b><\/p>\n<p class=\"p1\">Il matrimonio \u00e8 un momento speciale nella vita di ogni coppia, e scegliere una destinazione come Palazzo Belmonte lo rende ancora pi\u00f9 memorabile. Le coppie provenienti dall&#8217;Irlanda, ad esempio, trovano qui il luogo perfetto per celebrare il loro amore in un ambiente romantico e suggestivo. Grazie all&#8217;organizzazione di <a href=\"https:\/\/amoreweddings.ie\/\" target=\"_blank\" rel=\"noopener\">Amore weddings Italy<\/a> , Un matrimonio in Italia si trasforma in un&#8217;esperienza indimenticabile che unisce cultura, tradizione e paesaggi mozzafiato.<\/p>\n<p class=\"p1\"><b>Il Comfort e l&#8217;Ospitalit\u00e0 di Palazzo Belmonte<\/b><\/p>\n<p class=\"p1\">Oltre alla sua bellezza mozzafiato, Palazzo Belmonte offre anche il comfort e l&#8217;ospitalit\u00e0 necessari per rendere il vostro destination wedding un&#8217;esperienza senza stress. Con un&#8217;ampia selezione di camere e suite elegantemente arredate, il palazzo pu\u00f2 ospitare comodamente tutti i vostri invitati. Questo non solo crea un&#8217;atmosfera intima e accogliente per il vostro matrimonio, ma limita anche gli spostamenti, permettendo a tutti di godersi al massimo ogni istante della celebrazione.<\/p>\n<p class=\"p1\"><b>Emozioni Autentiche al Tramonto<\/b><\/p>\n<p class=\"p1\">Il video del matrimonio non \u00e8 solo un ricordo, ma un mezzo per rivivere le emozioni e la magia di quel giorno speciale. Nel caso di Laura e Conor, il video del loro matrimonio a Palazzo Belmonte ha permesso loro di rivivere l&#8217;euforia e la felicit\u00e0 di quel giorno ogni volta che lo desiderano.<span class=\"Apple-converted-space\">\u00a0<\/span><\/p>\n<p class=\"p1\">Uno dei momenti pi\u00f9 toccanti del matrimonio di Laura e Conor \u00e8 stato durante gli speech al tramonto sul terrazzo di Palazzo Belmonte. Qui, circondati dalla bellezza del mare e dei colori del cielo al crepuscolo, lo sposo ha espresso le sue emozioni pi\u00f9 profonde per la sua<span class=\"Apple-converted-space\">\u00a0 <\/span>sposa. Con parole sincere e cuore aperto, ha reso quel momento ancora pi\u00f9 speciale, trasmettendo tutta l&#8217;emozione e l&#8217;amore che provava per la sua favolosa sposa. \u00c8 stato un momento che ha fatto battere il cuore di tutti i presenti e che \u00e8 stato reso ancora pi\u00f9 memorabile grazie al suggestivo scenario offerto da Palazzo Belmonte.<\/p>\n<p class=\"p1\"><b>La Bellezza della Blue Hour<\/b><\/p>\n<p class=\"p1\">Con il mare come sfondo e i colori caldi del cielo che si mescolano con le luci del ricevimento, questo \u00e8 il momento in cui la magia davvero prende vita. Nel video di Laura e Conor, abbiamo catturato la bellezza di questo momento unico, trasformandolo in un&#8217;immagine che rimarr\u00e0 per sempre nella loro memoria.<\/p>\n<p class=\"p1\"><b>Il Matrimonio dei Vostri Sogni a Palazzo Belmonte<\/b><\/p>\n<p class=\"p1\">In conclusione, se state cercando il luogo perfetto per il vostro destination wedding in Italia, non c&#8217;\u00e8 posto migliore di Palazzo Belmonte. Con la sua bellezza senza tempo e la sua atmosfera romantica, questo antico palazzo offre tutto ci\u00f2 di cui avete bisogno per creare ricordi che dureranno per sempre. E con un video professionale per catturare ogni momento, potrete rivivere l&#8217;emozione di questo giorno speciale ogni volta che lo desiderate.<\/p>\n<p>[\/vc_column_text][\/vc_column][\/vc_row][\/vc_section]<\/p>\n<\/section>","protected":false},"excerpt":{"rendered":"<p>[vc_section css=&#8221;.vc_custom_1714831316828{margin-top: 10px !important;margin-bottom: 80px !important;}&#8221;][vc_row][vc_column][vc_custom_heading text=&#8221;Destination wedding a Palazzo Belmonte: Vivere un Matrimonio da Sogno in Italia&#8221; font_container=&#8221;tag:h1|text_align:center&#8221;][\/vc_column][\/vc_row][vc_row][vc_column][vc_column_text] [\/vc_column_text][vc_custom_heading text=&#8221;LAURA AND CONOR&#8221; font_container=&#8221;tag:h2|text_align:center&#8221;][vc_custom_heading text=&#8221;Destination wedding in Cilento Coast&#8221; font_container=&#8221;tag:h2|text_align:center&#8221;][vc_column_text] Il Fascino di un Matrimonio a Palazzo Belmonte Se siete in cerca di un luogo magico e romantico per il vostro destination wedding in Italia,&hellip; <a class=\"more-link\" href=\"https:\/\/weddingvideographeramalficoast.com\/it\/destination-wedding-palazzo-belmonte-laura-and-conor\/\">Continue reading <span class=\"screen-reader-text\">Destination wedding Palazzo Belmonte &#8211; Laura and Conor<\/span><\/a><\/p>\n","protected":false},"author":1,"featured_media":4868,"parent":0,"menu_order":0,"comment_status":"closed","ping_status":"closed","template":"","meta":{"_acf_changed":false,"om_disable_all_campaigns":false,"_monsterinsights_skip_tracking":false,"_monsterinsights_sitenote_active":false,"_monsterinsights_sitenote_note":"","_monsterinsights_sitenote_category":0,"footnotes":""},"acf":[],"aioseo_notices":[],"_links":{"self":[{"href":"https:\/\/weddingvideographeramalficoast.com\/it\/wp-json\/wp\/v2\/pages\/4886"}],"collection":[{"href":"https:\/\/weddingvideographeramalficoast.com\/it\/wp-json\/wp\/v2\/pages"}],"about":[{"href":"https:\/\/weddingvideographeramalficoast.com\/it\/wp-json\/wp\/v2\/types\/page"}],"author":[{"embeddable":true,"href":"https:\/\/weddingvideographeramalficoast.com\/it\/wp-json\/wp\/v2\/users\/1"}],"replies":[{"embeddable":true,"href":"https:\/\/weddingvideographeramalficoast.com\/it\/wp-json\/wp\/v2\/comments?post=4886"}],"version-history":[{"count":3,"href":"https:\/\/weddingvideographeramalficoast.com\/it\/wp-json\/wp\/v2\/pages\/4886\/revisions"}],"predecessor-version":[{"id":5717,"href":"https:\/\/weddingvideographeramalficoast.com\/it\/wp-json\/wp\/v2\/pages\/4886\/revisions\/5717"}],"wp:featuredmedia":[{"embeddable":true,"href":"https:\/\/weddingvideographeramalficoast.com\/it\/wp-json\/wp\/v2\/media\/4868"}],"wp:attachment":[{"href":"https:\/\/weddingvideographeramalficoast.com\/it\/wp-json\/wp\/v2\/media?parent=4886"}],"curies":[{"name":"wp","href":"https:\/\/api.w.org\/{rel}","templated":true}]}}