{"id":4677,"date":"2024-04-10T12:10:30","date_gmt":"2024-04-10T12:10:30","guid":{"rendered":"https:\/\/weddingvideographeramalficoast.com\/?page_id=4677"},"modified":"2024-04-10T12:14:15","modified_gmt":"2024-04-10T12:14:15","slug":"organizzatore-di-matrimoni-positano","status":"publish","type":"page","link":"https:\/\/weddingvideographeramalficoast.com\/it\/organizzatore-di-matrimoni-positano\/","title":{"rendered":"Organizzatore di matrimoni Positano"},"content":{"rendered":"<section class=\"wpb-content-wrapper\"><p>[vc_section css=&#8221;.vc_custom_1712750628513{margin-top: 30px !important;margin-bottom: 30px !important;}&#8221;][vc_row][vc_column][vc_custom_heading text=&#8221;Lascia che i nostri Wedding Planner professionisti Positano rendano il tuo matrimonio perfetto&#8221; font_container=&#8221;tag:h2|font_size:28px|text_align:left&#8221; use_theme_fonts=&#8221;yes&#8221;][vc_single_image image=&#8221;4494&#8243; img_size=&#8221;full&#8221;][vc_column_text]Benvenuti a Positano, una bellissima cittadina sulla costa dove il vostro sogno di un incantevole matrimonio con vista sull&#8217;azzurro Mar Mediterraneo diventa realt\u00e0. In qualit\u00e0 di miglior cameraman di matrimonio in questo bellissimo posto, devi assicurarti che tutto vada alla perfezione. Consigliamo vivamente di collaborare con wedding planner esperti che siano esperti nell&#8217;organizzare eventi straordinari a Positano. Questi professionisti hanno molte utili conoscenze locali e collegamenti che aiutano a garantire che ogni parte del processo di pianificazione, dalla scelta del luogo alla realizzazione delle composizioni floreali, si adatti perfettamente allo splendido scenario di Positano. Quando le coppie lavorano con manager esperti, possono godersi ogni momento del loro giorno speciale senza doversi preoccupare dei dettagli. Positano \u00e8 un bellissimo posto dove sposarsi e ci sono professionisti che possono aiutarti a pianificare un evento straordinario in questa splendida cornice italiana. Lascia che la magia di Positano agisca su di te e affida la tua visione a coloro che conoscono e vivono la bellezza di questo luogo splendidamente situato.[\/vc_column_text][\/vc_column][\/vc_row][vc_row][vc_column][vc_custom_heading text=&#8221;Perch\u00e9 scegliere un Wedding Planner esclusivo a Positano?&#8221; font_container=&#8221;tag:h2|font_size:28px|text_align:left&#8221; use_theme_fonts=&#8221;yes&#8221; css=&#8221;.vc_custom_1712751149969{margin-top: 0px !important;padding-top: 0px !important;}&#8221;][vc_column_text]Quando pianifichi un matrimonio a Positano, devi sapere molto sulla zona e su come funzionano le cose l\u00ec. I nostri wedding planner di Positano consigliati sono esperti nel realizzare eventi che le persone non dimenticheranno mai in questa bellissima citt\u00e0 costiera. Sanno come raggiungere i luoghi pi\u00f9 belli e hanno i link per ottenerli. Le strade di Positano sono molto confuse.<\/p>\n<p>Questi professionisti esperti sanno quanto sia importante ogni dettaglio, dalla scelta del posto giusto per la cerimonia con vista sul blu del Mediterraneo alla realizzazione di bellissime composizioni floreali che si adattino alla bellezza naturale di Positano. Dare a questi professionisti le tue idee significa che puoi rilassarti e goderti il processo di pianificazione, sapendo che il tuo giorno speciale \u00e8 in buone mani.<\/p>\n<p>Prendi spunto dalla bellezza di Positano per il tuo matrimonio e lascia che i nostri esperti pianificatori si assicurino che ogni momento sia magico e romantico in questa splendida cornice italiana. Positano \u00e8 bellissima e puoi creare ricordi che dureranno tutta la vita con l&#8217;aiuto di persone che la capiscono e la rispettano davvero.[\/vc_column_text][vc_custom_heading text=&#8221;Servizi offerti dai nostri wedding planner consigliati a Positano&#8221; font_container=&#8221;tag:h2|font_size:28px|text_align:left&#8221; use_theme_fonts=&#8221;yes&#8221;][vc_column_text]Scelta della location: I nostri wedding planner di Positano vivono a Positano da molto tempo, quindi possono aiutarvi a trovare e prenotare il posto giusto per la vostra cerimonia e ricevimento. Possono costruirti una terrazza in cima a una scogliera con vista su tutta la zona o un grazioso giardino con vista sul mare.<\/p>\n<p>Coordinamento dei fornitori: i nostri progettisti lavorano con una rete di fornitori locali fidati, come fioristi, musicisti, ristoratori e decoratori, per dare vita alla tua idea. Si prenderanno cura di tutto e si assicureranno che il tuo matrimonio si adatti al tuo stile e ai tuoi gusti.<\/p>\n<p>Legalit\u00e0 e permessi: pu\u00f2 essere difficile capire quali siano i requisiti legali per un matrimonio in vacanza. Per un matrimonio senza stress in Italia, i nostri organizzatori si prenderanno cura di tutti i documenti, i permessi e gli aspetti legali.<\/p>\n<p>Gestione della logistica: i nostri pianificatori si prendono cura di tutti i dettagli, come pianificare il viaggio, trovare posti in cui le persone possano soggiornare e accompagnarle da e verso l&#8217;evento, cos\u00ec potrai goderti questo momento speciale con la tua famiglia e i tuoi amici.<\/p>\n<p>Coordinamento del giorno: i nostri pianificatori sono i leader dietro le quinte del giorno del vostro matrimonio, assicurandosi che tutto vada liscio. Si occuperanno di tutto, dall&#8217;allestimento delle decorazioni al controllo che tutto fili liscio. Puoi semplicemente rilassarti e goderti ogni momento.[\/vc_column_text][vc_custom_heading text=&#8221;Perch\u00e9 fidarsi dei nostri consigli?&#8221; font_container=&#8221;tag:h2|font_size:28px|text_align:left&#8221; use_theme_fonts=&#8221;yes&#8221;][vc_column_text]Come videografi di matrimoni professionisti che vivono e lavorano in questa bellissima zona, abbiamo avuto l&#8217;onore di catturare innumerevoli storie d&#8217;amore in questo splendido scenario. Poich\u00e9 operiamo nel settore da cos\u00ec tanto tempo, abbiamo costruito forti rapporti con i migliori wedding planner di Positano, professionisti che condividono la nostra dedizione all&#8217;eccellenza e alla felicit\u00e0 del cliente. Questi wedding planner suggeriti non solo sono bravissimi in quello che fanno, ma amano anche creare ricordi che dureranno tutta la vita. Sanno molto sui siti unici di Positano, sui venditori locali e sulle parti difficili della pianificazione di un evento. La loro attenzione ai dettagli fa s\u00ec che ogni parte del vostro giorno speciale si svolga perfettamente, dai piccoli eventi con vista sull&#8217;acqua blu alle grandi feste sotto il cielo del Mediterraneo.<\/p>\n<p>Quando lavori con questi pianificatori affidabili, puoi essere sicuro che i tuoi sogni di matrimonio diventeranno realt\u00e0 con creativit\u00e0, abilit\u00e0 e una profonda comprensione della bellezza di Positano. Lascia che la nostra conoscenza diretta ti aiuti a trovare la squadra giusta che realizzer\u00e0 i tuoi sogni in questa bellissima parte d&#8217;Italia.[\/vc_column_text][vc_custom_heading text=&#8221;Contattaci per iniziare a pianificare&#8221; font_container=&#8221;tag:h2|font_size:28px|text_align:left&#8221; use_theme_fonts=&#8221;yes&#8221;][vc_column_text]Siete pronti per iniziare a pianificare il vostro matrimonio a Positano? Contattaci subito per metterti in contatto con i nostri wedding planner consigliati, esperti nel rendere davvero unici gli eventi in questa bellissima cittadina costiera. Facciamo questo emozionante viaggio insieme e creiamo ricordi che dureranno tutta la vita mentre ci godiamo la straordinaria bellezza di Positano. I nostri fidati organizzatori possono realizzare il matrimonio dei vostri sogni, sia che vogliate una piccola cerimonia con vista sul blu del Mediterraneo o una grande festa in uno dei luoghi esclusivi di Positano. Si prenderanno cura di ogni dettaglio con grande cura e conoscenza del territorio, dalla scelta del luogo alle composizioni floreali, al catering e altro ancora.<\/p>\n<p>Allora contattaci subito per iniziare a pianificare il tuo matrimonio da sogno a Positano. Possiamo aiutarvi a capire tutti i dettagli della pianificazione di un matrimonio in questa bellissima parte d&#8217;Italia, assicurandoci che l&#8217;intero processo proceda senza intoppi e magicamente. Inizia subito a organizzare il tuo matrimonio da sogno a Positano![\/vc_column_text][\/vc_column][\/vc_row][\/vc_section]<\/p>\n<\/section>","protected":false},"excerpt":{"rendered":"<p>[vc_section css=&#8221;.vc_custom_1712750628513{margin-top: 30px !important;margin-bottom: 30px !important;}&#8221;][vc_row][vc_column][vc_custom_heading text=&#8221;Lascia che i nostri Wedding Planner professionisti Positano rendano il tuo matrimonio perfetto&#8221; font_container=&#8221;tag:h2|font_size:28px|text_align:left&#8221; use_theme_fonts=&#8221;yes&#8221;][vc_single_image image=&#8221;4494&#8243; img_size=&#8221;full&#8221;][vc_column_text]Benvenuti a Positano, una bellissima cittadina sulla costa dove il vostro sogno di un incantevole matrimonio con vista sull&#8217;azzurro Mar Mediterraneo diventa realt\u00e0. In qualit\u00e0 di miglior cameraman di matrimonio in questo bellissimo&hellip; <a class=\"more-link\" href=\"https:\/\/weddingvideographeramalficoast.com\/it\/organizzatore-di-matrimoni-positano\/\">Continue reading <span class=\"screen-reader-text\">Organizzatore di matrimoni Positano<\/span><\/a><\/p>\n","protected":false},"author":1,"featured_media":4700,"parent":0,"menu_order":0,"comment_status":"closed","ping_status":"closed","template":"","meta":{"_acf_changed":false,"footnotes":""},"acf":[],"yoast_head":"<!-- This site is optimized with the Yoast SEO plugin v20.5 - https:\/\/yoast.com\/wordpress\/plugins\/seo\/ -->\n<title>Organizzatore di matrimoni Positano - Echo of Journey<\/title>\n<meta name=\"robots\" content=\"index, follow, max-snippet:-1, max-image-preview:large, max-video-preview:-1\" \/>\n<link rel=\"canonical\" href=\"https:\/\/weddingvideographeramalficoast.com\/it\/organizzatore-di-matrimoni-positano\/\" \/>\n<meta property=\"og:locale\" content=\"it_IT\" \/>\n<meta property=\"og:type\" content=\"article\" \/>\n<meta property=\"og:title\" content=\"Organizzatore di matrimoni Positano - Echo of Journey\" \/>\n<meta property=\"og:description\" content=\"[vc_section css=&#8221;.vc_custom_1712750628513{margin-top: 30px !important;margin-bottom: 30px !important;}&#8221;][vc_row][vc_column][vc_custom_heading text=&#8221;Lascia che i nostri Wedding Planner professionisti Positano rendano il tuo matrimonio perfetto&#8221; font_container=&#8221;tag:h2|font_size:28px|text_align:left&#8221; use_theme_fonts=&#8221;yes&#8221;][vc_single_image image=&#8221;4494&#8243; img_size=&#8221;full&#8221;][vc_column_text]Benvenuti a Positano, una bellissima cittadina sulla costa dove il vostro sogno di un incantevole matrimonio con vista sull&#8217;azzurro Mar Mediterraneo diventa realt\u00e0. In qualit\u00e0 di miglior cameraman di matrimonio in questo bellissimo&hellip; Continue reading Organizzatore di matrimoni Positano\" \/>\n<meta property=\"og:url\" content=\"https:\/\/weddingvideographeramalficoast.com\/it\/organizzatore-di-matrimoni-positano\/\" \/>\n<meta property=\"og:site_name\" content=\"Echo of Journey\" \/>\n<meta property=\"article:modified_time\" content=\"2024-04-10T12:14:15+00:00\" \/>\n<meta property=\"og:image\" content=\"https:\/\/weddingvideographeramalficoast.com\/wp-content\/uploads\/2024\/04\/Wedding-Planners-Positano.webp\" \/>\n\t<meta property=\"og:image:width\" content=\"1536\" \/>\n\t<meta property=\"og:image:height\" content=\"864\" \/>\n\t<meta property=\"og:image:type\" content=\"image\/webp\" \/>\n<meta name=\"twitter:card\" content=\"summary_large_image\" \/>\n<meta name=\"twitter:label1\" content=\"Tempo di lettura stimato\" \/>\n\t<meta name=\"twitter:data1\" content=\"5 minuti\" \/>\n<script type=\"application\/ld+json\" class=\"yoast-schema-graph\">{\"@context\":\"https:\/\/schema.org\",\"@graph\":[{\"@type\":\"WebPage\",\"@id\":\"https:\/\/weddingvideographeramalficoast.com\/it\/organizzatore-di-matrimoni-positano\/\",\"url\":\"https:\/\/weddingvideographeramalficoast.com\/it\/organizzatore-di-matrimoni-positano\/\",\"name\":\"Organizzatore di matrimoni Positano - Echo of Journey\",\"isPartOf\":{\"@id\":\"https:\/\/weddingvideographeramalficoast.com\/#website\"},\"datePublished\":\"2024-04-10T12:10:30+00:00\",\"dateModified\":\"2024-04-10T12:14:15+00:00\",\"breadcrumb\":{\"@id\":\"https:\/\/weddingvideographeramalficoast.com\/it\/organizzatore-di-matrimoni-positano\/#breadcrumb\"},\"inLanguage\":\"it-IT\",\"potentialAction\":[{\"@type\":\"ReadAction\",\"target\":[\"https:\/\/weddingvideographeramalficoast.com\/it\/organizzatore-di-matrimoni-positano\/\"]}]},{\"@type\":\"BreadcrumbList\",\"@id\":\"https:\/\/weddingvideographeramalficoast.com\/it\/organizzatore-di-matrimoni-positano\/#breadcrumb\",\"itemListElement\":[{\"@type\":\"ListItem\",\"position\":1,\"name\":\"Home\",\"item\":\"https:\/\/weddingvideographeramalficoast.com\/it\/\"},{\"@type\":\"ListItem\",\"position\":2,\"name\":\"Organizzatore di matrimoni Positano\"}]},{\"@type\":\"WebSite\",\"@id\":\"https:\/\/weddingvideographeramalficoast.com\/#website\",\"url\":\"https:\/\/weddingvideographeramalficoast.com\/\",\"name\":\"Echo of Journey\",\"description\":\"wedding films\",\"publisher\":{\"@id\":\"https:\/\/weddingvideographeramalficoast.com\/#organization\"},\"potentialAction\":[{\"@type\":\"SearchAction\",\"target\":{\"@type\":\"EntryPoint\",\"urlTemplate\":\"https:\/\/weddingvideographeramalficoast.com\/?s={search_term_string}\"},\"query-input\":\"required name=search_term_string\"}],\"inLanguage\":\"it-IT\"},{\"@type\":\"Organization\",\"@id\":\"https:\/\/weddingvideographeramalficoast.com\/#organization\",\"name\":\"Echo of Journey\",\"url\":\"https:\/\/weddingvideographeramalficoast.com\/\",\"logo\":{\"@type\":\"ImageObject\",\"inLanguage\":\"it-IT\",\"@id\":\"https:\/\/weddingvideographeramalficoast.com\/#\/schema\/logo\/image\/\",\"url\":\"https:\/\/weddingvideographeramalficoast.com\/wp-content\/uploads\/2024\/11\/cropped-3-2.png\",\"contentUrl\":\"https:\/\/weddingvideographeramalficoast.com\/wp-content\/uploads\/2024\/11\/cropped-3-2.png\",\"width\":200,\"height\":111,\"caption\":\"Echo of Journey\"},\"image\":{\"@id\":\"https:\/\/weddingvideographeramalficoast.com\/#\/schema\/logo\/image\/\"}}]}<\/script>\n<!-- \/ Yoast SEO plugin. -->","yoast_head_json":{"title":"Organizzatore di matrimoni Positano - Echo of Journey","robots":{"index":"index","follow":"follow","max-snippet":"max-snippet:-1","max-image-preview":"max-image-preview:large","max-video-preview":"max-video-preview:-1"},"canonical":"https:\/\/weddingvideographeramalficoast.com\/it\/organizzatore-di-matrimoni-positano\/","og_locale":"it_IT","og_type":"article","og_title":"Organizzatore di matrimoni Positano - Echo of Journey","og_description":"[vc_section css=&#8221;.vc_custom_1712750628513{margin-top: 30px !important;margin-bottom: 30px !important;}&#8221;][vc_row][vc_column][vc_custom_heading text=&#8221;Lascia che i nostri Wedding Planner professionisti Positano rendano il tuo matrimonio perfetto&#8221; font_container=&#8221;tag:h2|font_size:28px|text_align:left&#8221; use_theme_fonts=&#8221;yes&#8221;][vc_single_image image=&#8221;4494&#8243; img_size=&#8221;full&#8221;][vc_column_text]Benvenuti a Positano, una bellissima cittadina sulla costa dove il vostro sogno di un incantevole matrimonio con vista sull&#8217;azzurro Mar Mediterraneo diventa realt\u00e0. In qualit\u00e0 di miglior cameraman di matrimonio in questo bellissimo&hellip; Continue reading Organizzatore di matrimoni Positano","og_url":"https:\/\/weddingvideographeramalficoast.com\/it\/organizzatore-di-matrimoni-positano\/","og_site_name":"Echo of Journey","article_modified_time":"2024-04-10T12:14:15+00:00","og_image":[{"width":1536,"height":864,"url":"https:\/\/weddingvideographeramalficoast.com\/wp-content\/uploads\/2024\/04\/Wedding-Planners-Positano.webp","type":"image\/webp"}],"twitter_card":"summary_large_image","twitter_misc":{"Tempo di lettura stimato":"5 minuti"},"schema":{"@context":"https:\/\/schema.org","@graph":[{"@type":"WebPage","@id":"https:\/\/weddingvideographeramalficoast.com\/it\/organizzatore-di-matrimoni-positano\/","url":"https:\/\/weddingvideographeramalficoast.com\/it\/organizzatore-di-matrimoni-positano\/","name":"Organizzatore di matrimoni Positano - Echo of Journey","isPartOf":{"@id":"https:\/\/weddingvideographeramalficoast.com\/#website"},"datePublished":"2024-04-10T12:10:30+00:00","dateModified":"2024-04-10T12:14:15+00:00","breadcrumb":{"@id":"https:\/\/weddingvideographeramalficoast.com\/it\/organizzatore-di-matrimoni-positano\/#breadcrumb"},"inLanguage":"it-IT","potentialAction":[{"@type":"ReadAction","target":["https:\/\/weddingvideographeramalficoast.com\/it\/organizzatore-di-matrimoni-positano\/"]}]},{"@type":"BreadcrumbList","@id":"https:\/\/weddingvideographeramalficoast.com\/it\/organizzatore-di-matrimoni-positano\/#breadcrumb","itemListElement":[{"@type":"ListItem","position":1,"name":"Home","item":"https:\/\/weddingvideographeramalficoast.com\/it\/"},{"@type":"ListItem","position":2,"name":"Organizzatore di matrimoni Positano"}]},{"@type":"WebSite","@id":"https:\/\/weddingvideographeramalficoast.com\/#website","url":"https:\/\/weddingvideographeramalficoast.com\/","name":"Echo of Journey","description":"wedding films","publisher":{"@id":"https:\/\/weddingvideographeramalficoast.com\/#organization"},"potentialAction":[{"@type":"SearchAction","target":{"@type":"EntryPoint","urlTemplate":"https:\/\/weddingvideographeramalficoast.com\/?s={search_term_string}"},"query-input":"required name=search_term_string"}],"inLanguage":"it-IT"},{"@type":"Organization","@id":"https:\/\/weddingvideographeramalficoast.com\/#organization","name":"Echo of Journey","url":"https:\/\/weddingvideographeramalficoast.com\/","logo":{"@type":"ImageObject","inLanguage":"it-IT","@id":"https:\/\/weddingvideographeramalficoast.com\/#\/schema\/logo\/image\/","url":"https:\/\/weddingvideographeramalficoast.com\/wp-content\/uploads\/2024\/11\/cropped-3-2.png","contentUrl":"https:\/\/weddingvideographeramalficoast.com\/wp-content\/uploads\/2024\/11\/cropped-3-2.png","width":200,"height":111,"caption":"Echo of Journey"},"image":{"@id":"https:\/\/weddingvideographeramalficoast.com\/#\/schema\/logo\/image\/"}}]}},"_links":{"self":[{"href":"https:\/\/weddingvideographeramalficoast.com\/it\/wp-json\/wp\/v2\/pages\/4677"}],"collection":[{"href":"https:\/\/weddingvideographeramalficoast.com\/it\/wp-json\/wp\/v2\/pages"}],"about":[{"href":"https:\/\/weddingvideographeramalficoast.com\/it\/wp-json\/wp\/v2\/types\/page"}],"author":[{"embeddable":true,"href":"https:\/\/weddingvideographeramalficoast.com\/it\/wp-json\/wp\/v2\/users\/1"}],"replies":[{"embeddable":true,"href":"https:\/\/weddingvideographeramalficoast.com\/it\/wp-json\/wp\/v2\/comments?post=4677"}],"version-history":[{"count":3,"href":"https:\/\/weddingvideographeramalficoast.com\/it\/wp-json\/wp\/v2\/pages\/4677\/revisions"}],"predecessor-version":[{"id":4680,"href":"https:\/\/weddingvideographeramalficoast.com\/it\/wp-json\/wp\/v2\/pages\/4677\/revisions\/4680"}],"wp:featuredmedia":[{"embeddable":true,"href":"https:\/\/weddingvideographeramalficoast.com\/it\/wp-json\/wp\/v2\/media\/4700"}],"wp:attachment":[{"href":"https:\/\/weddingvideographeramalficoast.com\/it\/wp-json\/wp\/v2\/media?parent=4677"}],"curies":[{"name":"wp","href":"https:\/\/api.w.org\/{rel}","templated":true}]}}