{"id":4637,"date":"2024-04-04T06:10:09","date_gmt":"2024-04-04T06:10:09","guid":{"rendered":"https:\/\/weddingvideographeramalficoast.com\/?page_id=4637"},"modified":"2024-04-04T06:13:09","modified_gmt":"2024-04-04T06:13:09","slug":"wedding-cinematographer-destination-wedding","status":"publish","type":"page","link":"https:\/\/weddingvideographeramalficoast.com\/it\/wedding-cinematographer-destination-wedding\/","title":{"rendered":"Wedding Cinematographer Destination Wedding"},"content":{"rendered":"<section class=\"wpb-content-wrapper\"><p>[vc_section][vc_row][vc_column][vc_custom_heading text=&#8221;Wedding Cinematographer: Immortala il tuo Destination Wedding con il team di Luciano Di Lascio&#8221; font_container=&#8221;tag:h2|font_size:22px|text_align:left&#8221; use_theme_fonts=&#8221;yes&#8221;][vc_column_text]Quando immagini il tuo matrimonio all&#8217;estero, cosa vedi? \u00c8 solo lo scambio delle promesse in una location mozzafiato, o \u00e8 un giorno cos\u00ec vivido da sentire ogni momento come una scena tratta da un film romantico? Se il tuo sogno si inclina verso quest&#8217;ultima opzione, allora l&#8217;esperienza di un wedding cinematographer come il team di Luciano Di Lascio \u00e8 ci\u00f2 che serve per trasformare quella visione in realt\u00e0. Un wedding cinematographer non si limita a registrare; trasforma il giorno del tuo matrimonio in un&#8217;esperienza cinematografica, assicurandosi che ogni emozione, ogni dettaglio e ogni momento indimenticabile sia catturato con uno stile artistico e una narrazione avvincente.[\/vc_column_text][vc_single_image image=&#8221;4624&#8243; img_size=&#8221;full&#8221;][\/vc_column][\/vc_row][vc_row][vc_column][vc_custom_heading text=&#8221;L&#8217;Essenza della Wedding Cinematography&#8221; font_container=&#8221;tag:h2|font_size:22px|text_align:left&#8221; use_theme_fonts=&#8221;yes&#8221;][vc_column_text]L&#8217;arte della wedding cinematography riguarda la cattura dell&#8217;anima e dello spirito del giorno del tuo matrimonio. \u00c8 un passo oltre la videografia tradizionale; \u00e8 creare un film che incarna l&#8217;amore, la gioia e l&#8217;essenza della vostra relazione. Luciano Di Lascio, un wedding cinematographer italiano noto per la sua eccezionale abilit\u00e0 e visione artistica, si specializza nel trasformare il tuo matrimonio all&#8217;estero in un capolavoro cinematografico. Con il team di Luciano dietro l&#8217;obiettivo, il tuo film di matrimonio sar\u00e0 pi\u00f9 di un semplice video; sar\u00e0 una narrazione che conserverai per tutta la vita.[\/vc_column_text][vc_custom_heading text=&#8221;Scegliere il team di Luciano Di Lascio come Tuo Wedding Cinematographer&#8221; font_container=&#8221;tag:h2|font_size:22px|text_align:left&#8221; use_theme_fonts=&#8221;yes&#8221;][vc_column_text]Optare per il team di Luciano Di Lascio come tuo wedding cinematographer significa scegliere qualcuno che comprende l&#8217;importanza di un destination wedding. La sua capacit\u00e0 di fondere gli sfondi mozzafiato della tua location scelta con i momenti intimi del tuo matrimonio \u00e8 senza paragoni. Le radici italiane di Luciano contribuiscono al suo stile cinematografico unico, caratterizzato da romanticismo, narrazione dettagliata e un occhio per catturare la bellezza del momento. Con il team di Luciano Di Lascio, il tuo destination wedding non \u00e8 solo un evento; \u00e8 un viaggio cinematografico.[\/vc_column_text][\/vc_column][\/vc_row][vc_row][vc_column width=&#8221;1\/2&#8243;][vc_single_image image=&#8221;4626&#8243; img_size=&#8221;full&#8221;][\/vc_column][vc_column width=&#8221;1\/2&#8243;][vc_single_image image=&#8221;4628&#8243; img_size=&#8221;full&#8221;][\/vc_column][\/vc_row][vc_row][vc_column][vc_custom_heading text=&#8221;Cosa Distingue il team di Luciano&#8221; font_container=&#8221;tag:h2|font_size:22px|text_align:left&#8221; use_theme_fonts=&#8221;yes&#8221;][vc_column_text]<strong>1. Flair Cinematografico Italiano:<\/strong> L&#8217;approccio italiano alla wedding cinematography porta con s\u00e9 un talento naturale per il romanticismo e il dramma, assicurando che il tuo film di matrimonio sia spettacolare.<\/p>\n<p><strong>2. Narrativa Esperta:<\/strong> Il talento del team di Luciano per la narrazione significa che il tuo film di matrimonio sar\u00e0 una storia ricca e coesa che evidenzia l&#8217;essenza del tuo amore e la gioia della tua celebrazione.<\/p>\n<p><strong>3. Approccio Personalizzato:<\/strong> Comprendendo che ogni coppia \u00e8 unica, Luciano offre servizi personalizzati progettati per catturare l&#8217;essenza di ogni storia d&#8217;amore e giorno di matrimonio.[\/vc_column_text][vc_custom_heading text=&#8221;Servizi di Wedding Cinematographer&#8221; font_container=&#8221;tag:h2|font_size:22px|text_align:left&#8221; use_theme_fonts=&#8221;yes&#8221;][vc_column_text]Luciano Di Lascio offre un pacchetto completo di wedding cinematographer progettato per soddisfare le esigenze delle coppie che pianificano un matrimonio all&#8217;estero. Dalla consulenza iniziale alla consegna finale del tuo film di matrimonio cinematografico, ogni passo \u00e8 gestito con professionalit\u00e0 e un tocco di creativit\u00e0 italiana.<\/p>\n<p><strong>&#8211; Consultazione e Pianificazione:<\/strong> Inizia con una consulenza dettagliata per discutere la tua visione e le tue aspettative per il film di matrimonio.<\/p>\n<p><strong>&#8211; Copertura Cinematografica:<\/strong> Nel giorno del matrimonio, Luciano e la sua squadra saranno presenti per catturare ogni momento, dai sguardi sottili alle grandi emozioni.<\/p>\n<p><strong>&#8211; Maestria nella Post-Produzione:<\/strong> Le riprese vengono poi trasformate in un capolavoro cinematografico, con un&#8217;attenta cura nel montaggio, nella colorazione e nel design del suono.[\/vc_column_text][vc_single_image image=&#8221;4633&#8243; img_size=&#8221;full&#8221;][\/vc_column][\/vc_row][vc_row][vc_column][vc_custom_heading text=&#8221;Rendi Reale il Tuo Sogno&#8221; font_container=&#8221;tag:h2|font_size:22px|text_align:left&#8221; use_theme_fonts=&#8221;yes&#8221;][vc_column_text]Il tuo matrimonio all&#8217;estero merita di essere immortalato in modo che rifletta la sua bellezza, emozione e storia unica. Un wedding cinematographer come Luciano Di Lascio non \u00e8 solo un videografo; \u00e8 un artigiano che trasformer\u00e0 il giorno del tuo matrimonio in un tesoro cinematografico. Per iniziare questo viaggio cinematografico e assicurarti che il tuo matrimonio sia catturato in tutta la sua gloria, contatta oggi stesso Luciano Di Lascio per una consulenza gratuita. La tua storia d&#8217;amore merita di essere raccontata nel modo pi\u00f9 bello possibile; lascia che sia il team di Luciano Di Lascio a raccontarla.<\/p>\n<p>Immortala l&#8217;essenza del tuo amore e la bellezza del tuo matrimonio all&#8217;estero con l&#8217;arte incomparabile del wedding cinematographer del team di Luciano Di Lascio. Vivi un servizio che trascende la videografia tradizionale, creando un capolavoro cinematografico che sar\u00e0 tesoro di generazioni. Non lasciare che il giorno del tuo matrimonio sia solo un ricordo; trasformalo in un&#8217;esperienza cinematografica con il team di Luciano Di Lascio.[\/vc_column_text][vc_column_text]<strong>**Suggerimenti per Link in Entrata**:<\/strong><br \/>\n&#8211; Pagina Principale del Sito Web di Luciano Di Lascio<br \/>\n&#8211; Galleria dei Precedenti Film di Matrimonio di Luciano Di Lascio<\/p>\n<p><strong>**Suggerimenti per Link in Uscita**:<\/strong><br \/>\n&#8211; Recensioni dei Servizi di Luciano Di Lascio su WeddingWire o The Knot<br \/>\n&#8211; Articolo sull&#8217;Importanza di Scegliere il Giusto Wedding Cinematographer[\/vc_column_text][\/vc_column][\/vc_row][\/vc_section]<\/p>\n<\/section>","protected":false},"excerpt":{"rendered":"<p>[vc_section][vc_row][vc_column][vc_custom_heading text=&#8221;Wedding Cinematographer: Immortala il tuo Destination Wedding con il team di Luciano Di Lascio&#8221; font_container=&#8221;tag:h2|font_size:22px|text_align:left&#8221; use_theme_fonts=&#8221;yes&#8221;][vc_column_text]Quando immagini il tuo matrimonio all&#8217;estero, cosa vedi? \u00c8 solo lo scambio delle promesse in una location mozzafiato, o \u00e8 un giorno cos\u00ec vivido da sentire ogni momento come una scena tratta da un film romantico? Se il tuo&hellip; <a class=\"more-link\" href=\"https:\/\/weddingvideographeramalficoast.com\/it\/wedding-cinematographer-destination-wedding\/\">Continue reading <span class=\"screen-reader-text\">Wedding Cinematographer Destination Wedding<\/span><\/a><\/p>\n","protected":false},"author":1,"featured_media":4643,"parent":0,"menu_order":0,"comment_status":"closed","ping_status":"closed","template":"","meta":{"_acf_changed":false,"footnotes":""},"acf":[],"yoast_head":"<!-- This site is optimized with the Yoast SEO plugin v20.5 - https:\/\/yoast.com\/wordpress\/plugins\/seo\/ -->\n<title>Wedding Cinematographer Destination Wedding - Echo of Journey<\/title>\n<meta name=\"robots\" content=\"index, follow, max-snippet:-1, max-image-preview:large, max-video-preview:-1\" \/>\n<link rel=\"canonical\" href=\"https:\/\/weddingvideographeramalficoast.com\/it\/wedding-cinematographer-destination-wedding\/\" \/>\n<meta property=\"og:locale\" content=\"it_IT\" \/>\n<meta property=\"og:type\" content=\"article\" \/>\n<meta property=\"og:title\" content=\"Wedding Cinematographer Destination Wedding - Echo of Journey\" \/>\n<meta property=\"og:description\" content=\"[vc_section][vc_row][vc_column][vc_custom_heading text=&#8221;Wedding Cinematographer: Immortala il tuo Destination Wedding con il team di Luciano Di Lascio&#8221; font_container=&#8221;tag:h2|font_size:22px|text_align:left&#8221; use_theme_fonts=&#8221;yes&#8221;][vc_column_text]Quando immagini il tuo matrimonio all&#8217;estero, cosa vedi? \u00c8 solo lo scambio delle promesse in una location mozzafiato, o \u00e8 un giorno cos\u00ec vivido da sentire ogni momento come una scena tratta da un film romantico? Se il tuo&hellip; Continue reading Wedding Cinematographer Destination Wedding\" \/>\n<meta property=\"og:url\" content=\"https:\/\/weddingvideographeramalficoast.com\/it\/wedding-cinematographer-destination-wedding\/\" \/>\n<meta property=\"og:site_name\" content=\"Echo of Journey\" \/>\n<meta property=\"article:modified_time\" content=\"2024-04-04T06:13:09+00:00\" \/>\n<meta property=\"og:image\" content=\"https:\/\/weddingvideographeramalficoast.com\/wp-content\/uploads\/2024\/04\/wedding-cinematography.webp\" \/>\n\t<meta property=\"og:image:width\" content=\"1170\" \/>\n\t<meta property=\"og:image:height\" content=\"658\" \/>\n\t<meta property=\"og:image:type\" content=\"image\/webp\" \/>\n<meta name=\"twitter:card\" content=\"summary_large_image\" \/>\n<meta name=\"twitter:label1\" content=\"Tempo di lettura stimato\" \/>\n\t<meta name=\"twitter:data1\" content=\"4 minuti\" \/>\n<script type=\"application\/ld+json\" class=\"yoast-schema-graph\">{\"@context\":\"https:\/\/schema.org\",\"@graph\":[{\"@type\":\"WebPage\",\"@id\":\"https:\/\/weddingvideographeramalficoast.com\/it\/wedding-cinematographer-destination-wedding\/\",\"url\":\"https:\/\/weddingvideographeramalficoast.com\/it\/wedding-cinematographer-destination-wedding\/\",\"name\":\"Wedding Cinematographer Destination Wedding - Echo of Journey\",\"isPartOf\":{\"@id\":\"https:\/\/weddingvideographeramalficoast.com\/#website\"},\"datePublished\":\"2024-04-04T06:10:09+00:00\",\"dateModified\":\"2024-04-04T06:13:09+00:00\",\"breadcrumb\":{\"@id\":\"https:\/\/weddingvideographeramalficoast.com\/it\/wedding-cinematographer-destination-wedding\/#breadcrumb\"},\"inLanguage\":\"it-IT\",\"potentialAction\":[{\"@type\":\"ReadAction\",\"target\":[\"https:\/\/weddingvideographeramalficoast.com\/it\/wedding-cinematographer-destination-wedding\/\"]}]},{\"@type\":\"BreadcrumbList\",\"@id\":\"https:\/\/weddingvideographeramalficoast.com\/it\/wedding-cinematographer-destination-wedding\/#breadcrumb\",\"itemListElement\":[{\"@type\":\"ListItem\",\"position\":1,\"name\":\"Home\",\"item\":\"https:\/\/weddingvideographeramalficoast.com\/it\/\"},{\"@type\":\"ListItem\",\"position\":2,\"name\":\"Wedding Cinematographer Destination Wedding\"}]},{\"@type\":\"WebSite\",\"@id\":\"https:\/\/weddingvideographeramalficoast.com\/#website\",\"url\":\"https:\/\/weddingvideographeramalficoast.com\/\",\"name\":\"Echo of Journey\",\"description\":\"wedding films\",\"publisher\":{\"@id\":\"https:\/\/weddingvideographeramalficoast.com\/#organization\"},\"potentialAction\":[{\"@type\":\"SearchAction\",\"target\":{\"@type\":\"EntryPoint\",\"urlTemplate\":\"https:\/\/weddingvideographeramalficoast.com\/?s={search_term_string}\"},\"query-input\":\"required name=search_term_string\"}],\"inLanguage\":\"it-IT\"},{\"@type\":\"Organization\",\"@id\":\"https:\/\/weddingvideographeramalficoast.com\/#organization\",\"name\":\"Echo of Journey\",\"url\":\"https:\/\/weddingvideographeramalficoast.com\/\",\"logo\":{\"@type\":\"ImageObject\",\"inLanguage\":\"it-IT\",\"@id\":\"https:\/\/weddingvideographeramalficoast.com\/#\/schema\/logo\/image\/\",\"url\":\"https:\/\/weddingvideographeramalficoast.com\/wp-content\/uploads\/2024\/11\/cropped-3-2.png\",\"contentUrl\":\"https:\/\/weddingvideographeramalficoast.com\/wp-content\/uploads\/2024\/11\/cropped-3-2.png\",\"width\":200,\"height\":111,\"caption\":\"Echo of Journey\"},\"image\":{\"@id\":\"https:\/\/weddingvideographeramalficoast.com\/#\/schema\/logo\/image\/\"}}]}<\/script>\n<!-- \/ Yoast SEO plugin. -->","yoast_head_json":{"title":"Wedding Cinematographer Destination Wedding - Echo of Journey","robots":{"index":"index","follow":"follow","max-snippet":"max-snippet:-1","max-image-preview":"max-image-preview:large","max-video-preview":"max-video-preview:-1"},"canonical":"https:\/\/weddingvideographeramalficoast.com\/it\/wedding-cinematographer-destination-wedding\/","og_locale":"it_IT","og_type":"article","og_title":"Wedding Cinematographer Destination Wedding - Echo of Journey","og_description":"[vc_section][vc_row][vc_column][vc_custom_heading text=&#8221;Wedding Cinematographer: Immortala il tuo Destination Wedding con il team di Luciano Di Lascio&#8221; font_container=&#8221;tag:h2|font_size:22px|text_align:left&#8221; use_theme_fonts=&#8221;yes&#8221;][vc_column_text]Quando immagini il tuo matrimonio all&#8217;estero, cosa vedi? \u00c8 solo lo scambio delle promesse in una location mozzafiato, o \u00e8 un giorno cos\u00ec vivido da sentire ogni momento come una scena tratta da un film romantico? Se il tuo&hellip; Continue reading Wedding Cinematographer Destination Wedding","og_url":"https:\/\/weddingvideographeramalficoast.com\/it\/wedding-cinematographer-destination-wedding\/","og_site_name":"Echo of Journey","article_modified_time":"2024-04-04T06:13:09+00:00","og_image":[{"width":1170,"height":658,"url":"https:\/\/weddingvideographeramalficoast.com\/wp-content\/uploads\/2024\/04\/wedding-cinematography.webp","type":"image\/webp"}],"twitter_card":"summary_large_image","twitter_misc":{"Tempo di lettura stimato":"4 minuti"},"schema":{"@context":"https:\/\/schema.org","@graph":[{"@type":"WebPage","@id":"https:\/\/weddingvideographeramalficoast.com\/it\/wedding-cinematographer-destination-wedding\/","url":"https:\/\/weddingvideographeramalficoast.com\/it\/wedding-cinematographer-destination-wedding\/","name":"Wedding Cinematographer Destination Wedding - Echo of Journey","isPartOf":{"@id":"https:\/\/weddingvideographeramalficoast.com\/#website"},"datePublished":"2024-04-04T06:10:09+00:00","dateModified":"2024-04-04T06:13:09+00:00","breadcrumb":{"@id":"https:\/\/weddingvideographeramalficoast.com\/it\/wedding-cinematographer-destination-wedding\/#breadcrumb"},"inLanguage":"it-IT","potentialAction":[{"@type":"ReadAction","target":["https:\/\/weddingvideographeramalficoast.com\/it\/wedding-cinematographer-destination-wedding\/"]}]},{"@type":"BreadcrumbList","@id":"https:\/\/weddingvideographeramalficoast.com\/it\/wedding-cinematographer-destination-wedding\/#breadcrumb","itemListElement":[{"@type":"ListItem","position":1,"name":"Home","item":"https:\/\/weddingvideographeramalficoast.com\/it\/"},{"@type":"ListItem","position":2,"name":"Wedding Cinematographer Destination Wedding"}]},{"@type":"WebSite","@id":"https:\/\/weddingvideographeramalficoast.com\/#website","url":"https:\/\/weddingvideographeramalficoast.com\/","name":"Echo of Journey","description":"wedding films","publisher":{"@id":"https:\/\/weddingvideographeramalficoast.com\/#organization"},"potentialAction":[{"@type":"SearchAction","target":{"@type":"EntryPoint","urlTemplate":"https:\/\/weddingvideographeramalficoast.com\/?s={search_term_string}"},"query-input":"required name=search_term_string"}],"inLanguage":"it-IT"},{"@type":"Organization","@id":"https:\/\/weddingvideographeramalficoast.com\/#organization","name":"Echo of Journey","url":"https:\/\/weddingvideographeramalficoast.com\/","logo":{"@type":"ImageObject","inLanguage":"it-IT","@id":"https:\/\/weddingvideographeramalficoast.com\/#\/schema\/logo\/image\/","url":"https:\/\/weddingvideographeramalficoast.com\/wp-content\/uploads\/2024\/11\/cropped-3-2.png","contentUrl":"https:\/\/weddingvideographeramalficoast.com\/wp-content\/uploads\/2024\/11\/cropped-3-2.png","width":200,"height":111,"caption":"Echo of Journey"},"image":{"@id":"https:\/\/weddingvideographeramalficoast.com\/#\/schema\/logo\/image\/"}}]}},"_links":{"self":[{"href":"https:\/\/weddingvideographeramalficoast.com\/it\/wp-json\/wp\/v2\/pages\/4637"}],"collection":[{"href":"https:\/\/weddingvideographeramalficoast.com\/it\/wp-json\/wp\/v2\/pages"}],"about":[{"href":"https:\/\/weddingvideographeramalficoast.com\/it\/wp-json\/wp\/v2\/types\/page"}],"author":[{"embeddable":true,"href":"https:\/\/weddingvideographeramalficoast.com\/it\/wp-json\/wp\/v2\/users\/1"}],"replies":[{"embeddable":true,"href":"https:\/\/weddingvideographeramalficoast.com\/it\/wp-json\/wp\/v2\/comments?post=4637"}],"version-history":[{"count":2,"href":"https:\/\/weddingvideographeramalficoast.com\/it\/wp-json\/wp\/v2\/pages\/4637\/revisions"}],"predecessor-version":[{"id":4641,"href":"https:\/\/weddingvideographeramalficoast.com\/it\/wp-json\/wp\/v2\/pages\/4637\/revisions\/4641"}],"wp:featuredmedia":[{"embeddable":true,"href":"https:\/\/weddingvideographeramalficoast.com\/it\/wp-json\/wp\/v2\/media\/4643"}],"wp:attachment":[{"href":"https:\/\/weddingvideographeramalficoast.com\/it\/wp-json\/wp\/v2\/media?parent=4637"}],"curies":[{"name":"wp","href":"https:\/\/api.w.org\/{rel}","templated":true}]}}