{"id":4468,"date":"2024-03-27T07:45:04","date_gmt":"2024-03-27T07:45:04","guid":{"rendered":"https:\/\/weddingvideographeramalficoast.com\/?page_id=4468"},"modified":"2024-03-30T05:35:00","modified_gmt":"2024-03-30T05:35:00","slug":"pacchetto-videografo-e-fotografo-di-matrimonio","status":"publish","type":"page","link":"https:\/\/weddingvideographeramalficoast.com\/it\/pacchetto-videografo-e-fotografo-di-matrimonio\/","title":{"rendered":"Pacchetto videografo e fotografo di matrimonio"},"content":{"rendered":"<section class=\"wpb-content-wrapper\"><p>[vc_section css=&#8221;.vc_custom_1706694084164{margin-top: 80px !important;margin-bottom: 80px !important;}&#8221;][vc_row css=&#8221;.vc_custom_1706694101516{margin-bottom: 50px !important;}&#8221;][vc_column][vc_custom_heading text=&#8221;Wedding Videographer and Photographer Package&#8221; font_container=&#8221;tag:h2|font_size:28px|text_align:center&#8221; use_theme_fonts=&#8221;yes&#8221;][\/vc_column][\/vc_row][vc_row css=&#8221;.vc_custom_1706683590985{margin-top: 30px !important;margin-bottom: 30px !important;}&#8221;][vc_column][vc_column_text]<\/p>\n<h2>Scegliere il Pacchetto Videografo e Fotografo di Matrimonio Giusto:<br \/>\nUn Investimento nell\u2019Emozione e nei Ricordi<\/h2>\n<p>[\/vc_column_text][vc_single_image image=&#8221;4499&#8243; img_size=&#8221;full&#8221;][vc_column_text]<strong>Scegliere il pacchetto videografo giusto<\/strong><\/p>\n<p>Nel giorno pi\u00f9 importante della vostra vita, ogni dettaglio conta, ogni sorriso \u00e8 un ricordo e ogni momento \u00e8\u2019emozione che merita di essere catturata. \u00c8 qui che entra in gioco la scelta di un <strong>pacchetto videografo e fotografo di matrimonio<\/strong>. Questa non \u00e8 solo una decisione logistica; \u00e8 un investimento nelle vostre memorie, un modo per assicurarsi che ogni lacrima di gioia, ogni risata condivisa e ogni passo verso l\u2019altare sia immortalato per sempre. Con \u2018offerta che spazia da <strong>pacchetti videografia e fotografia per matrimonio<\/strong> a opzioni pi\u00f9 economiche di fotografia e videografia, il nostro obiettivo \u00e8 garantire che possiate rivivere il vostro giorno speciale in tutte le sue sfumature, anche a distanza di anni.<\/p>\n<p><strong>La Scelta del Videografo Giusto<\/strong><\/p>\n<p>Scegliere il videografo di matrimonio giusto significa affidare a qualcuno la responsabilit\u00e0 di raccontare la storia del vostro amore attraverso lenti e obiettivi. Non si tratta solo di <strong>videographer prices<\/strong> o di <strong>videographer cost<\/strong>; \u00e8 una questione di trovare un professionista che sappia catturare le emozioni, i dettagli e le atmosfere uniche del vostro grande giorno. Un <strong>pacchetto videografo e fotografo di matrimonio<\/strong> di qualit\u00e0 \u00e8 la chiave per assicurarsi che ogni gesto, ogni bacio, e ogni abbraccio siano catturati con maestria e sensibilit\u00e0.<\/p>\n<p>Quando valutate i <strong>pacchetti di videografia<\/strong>, considerate non solo il <strong>costo del videografo di matrimonio per ora o il costo medio del videografo di matrimonio<\/strong>, ma anche lo stile, l\u2019approccio e la capacit\u00e0 del videografo di raccontare storie. Chiedete di vedere portfolio e campioni di lavoro precedenti per avere un\u2019idea della loro capacit\u00e0 di catturare la magia in modo che risuoni con voi e con la vostra visione.[\/vc_column_text][vc_single_image image=&#8221;4494&#8243; img_size=&#8221;full&#8221;][vc_column_text]<\/p>\n<h2>Il valore di un video di matrimonio<\/h2>\n<p>Pensare al video del proprio matrimonio come ad un investimento piuttosto che ad una spesa \u00e8 fondamentale. Al di l\u00e0 dei <strong>prezzi del video di matrimonio<\/strong> o del <strong>costo del video di matrimonio<\/strong>, pensa al valore che un video di alta qualit\u00e0 aggiunge al tuo matrimonio. Questo non \u00e8 solo un film; \u00e8 una capsula del tempo che ti permette di rivivere i momenti pi\u00f9 preziosi del tuo giorno speciale.<\/p>\n<p>Con i giusti <strong>pacchetti e prezzi di videografia<\/strong>, otterrai un ricordo che va oltre le fotografie, catturando la voce tremante delle tue promesse, le risate dei tuoi cari e la musica che riempiva l&#8217;aria. <strong>Il costo medio di un fotografo e videografo di matrimonio<\/strong> \u00e8 un piccolo prezzo da pagare per un\u2019eredit\u00e0 visiva che puoi condividere con le generazioni future.<\/p>\n<p><strong>Pacchetti personalizzabili per ogni coppia<\/strong><\/p>\n<p>Comprendere che ogni coppia \u00e8 unica e che ogni matrimonio ha esigenze diverse \u00e8 al centro della nostra offerta. Sia che tu stia cercando <strong>pacchetti fotografici e videografici convenienti<\/strong> o opzioni pi\u00f9 elaborate, il nostro obiettivo \u00e8 fornire pacchetti che consentano ai nostri clienti di scegliere liberamente ci\u00f2 che \u00e8 pi\u00f9 importante per loro. Dalla videografia di matrimonio ai <strong>pacchetti fotografici fino ai costi orari del videografo di matrimonio<\/strong>, offriamo una gamma di opzioni per soddisfare ogni budget e ogni desiderio.<\/p>\n<p>Personalizzazione non significa solo scegliere tra <strong>pacchetti di videografia a prezzi diversi<\/strong>; significa lavorare insieme per creare un pacchetto che rispecchi perfettamente la tua giornata. Questo approccio ti consente di investire nelle funzionalit\u00e0 che contano di pi\u00f9 per te, assicurandoti di non dover scendere a compromessi sui ricordi che desideri conservare.[\/vc_column_text][vc_single_image image=&#8221;4496&#8243; img_size=&#8221;full&#8221;][vc_column_text]Scegliere un <strong>pacchetto per videografo e fotografo di matrimonio<\/strong> \u00e8 molto pi\u00f9 di una semplice transazione. \u00c8 una decisione che influenza il modo in cui ricorderai uno dei giorni pi\u00f9 importanti della tua vita. In un&#8217;epoca in cui i dettagli possono facilmente sfuggire alla memoria, un video di matrimonio ben realizzato offre una finestra indietro nel tempo, permettendoti di rivivere la gioia, l&#8217;amore e l&#8217;emozione del tuo giorno speciale.<\/p>\n<p>Investire in un <strong>videografo di matrimonio<\/strong> non significa semplicemente investire in un servizio, ma nei ricordi stessi. Con i giusti <strong>pacchetti di videografia<\/strong>, hai la tranquillit\u00e0 di sapere che ogni momento viene catturato con cura e professionalit\u00e0. \u00c8 un modo per garantire che, anche quando i dettagli svaniscono dalla memoria, la storia del tuo amore continui a brillare luminosa e chiara.<\/p>\n<p>In conclusione, la scelta di un <strong>pacchetto per videografo e fotografo di matrimonio<\/strong> dovrebbe essere vista come una delle decisioni pi\u00f9 cruciali nella pianificazione del vostro grande giorno. Non solo garantisce che i ricordi del tuo matrimonio siano preservati nella loro vibrante interezza, ma offre anche la possibilit\u00e0 di condividere quelle emozioni con amici, familiari e persino con le generazioni future. Con un&#8217;ampia gamma di <strong>pacchetti di videografia e fotografia di matrimonio<\/strong>, dal <strong>costo medio<\/strong> di un <strong>videografo di matrimonio<\/strong> a <strong>opzioni pi\u00f9 convenienti e accessibili<\/strong>, c&#8217;\u00e8 un pacchetto adatto ad ogni coppia, che ti consente di catturare la magia del tuo giorno speciale senza compromessi.<\/p>\n<p>Scegliere il giusto videografo significa affidare i tuoi ricordi ad un artista capace di catturare l&#8217;essenza del tuo amore, la gioia delle tue celebrazioni e la bellezza dei tuoi momenti pi\u00f9 preziosi.[\/vc_column_text][\/vc_column][\/vc_row][vc_row disable_element=&#8221;yes&#8221; css=&#8221;.vc_custom_1711543224514{margin-top: 30px !important;background-color: #f9f9f9 !important;}&#8221;][vc_column][vc_column_text css=&#8221;.vc_custom_1706684061353{padding-right: 90px !important;padding-left: 90px !important;}&#8221;]<\/p>\n<p style=\"text-align: center; font-size: 18px;\">CINEMATOGRAPHY\u00a0<strong>Luciano Di Lascio \u2013 Emilia Viscido<\/strong>\u00a0| PHOTOGRAPHY\u00a0<a href=\"https:\/\/www.joannedunn.it\/\"><strong>JoAnne Dunn<\/strong><\/a>\u00a0| EVENT PLANNING\u00a0<a href=\"https:\/\/www.instagram.com\/anna.sorrentino.ravello\/?hl=it\"><strong>Anna Sorrentino Wedding Planner<\/strong><\/a>| MUSIC <a href=\"https:\/\/www.weddingmusic.it\/\"><strong>Wedding Music<\/strong><\/a> | CEREMONY LOCATION <strong>Belvedere principessa di Piemonte<\/strong> | FLORIST\u00a0 <a href=\"https:\/\/www.facebook.com\/people\/Larte-Del-Fiore-Starace\/100063770371025\/\"><strong>L\u2019Arte del fiore Starace<\/strong><\/a> | VENUE <a href=\"https:\/\/www.hotelvillacimbrone.com\/it\/\"><strong>Villa Cimbrone<\/strong><\/a><\/p>\n<p>[\/vc_column_text][\/vc_column][\/vc_row][vc_row disable_element=&#8221;yes&#8221; css=&#8221;.vc_custom_1707457859722{margin-top: 30px !important;}&#8221;][vc_column width=&#8221;1\/6&#8243;][vc_single_image image=&#8221;3760&#8243; img_size=&#8221;full&#8221; alignment=&#8221;right&#8221; onclick=&#8221;custom_link&#8221; link=&#8221;https:\/\/weddingvideographeramalficoast.com\/destination-wedding-cilento-coast\/&#8221;][\/vc_column][vc_column width=&#8221;1\/3&#8243; css=&#8221;.vc_custom_1707388628398{padding-right: 20px !important;}&#8221;][vc_custom_heading text=&#8221;PREVIOUS STORY&#8221; font_container=&#8221;tag:h2|font_size:24px|text_align:right&#8221; use_theme_fonts=&#8221;yes&#8221; css=&#8221;.vc_custom_1707388098498{padding-top: 20px !important;}&#8221;][vc_column_text css=&#8221;.vc_custom_1707386938556{margin-top: -15px !important;}&#8221;]<\/p>\n<p style=\"text-align: right;\">I GOT LOST IN YOUR SILENCE<br \/>\nTorre Perrotti, Cilento Coast<\/p>\n<p>[\/vc_column_text][\/vc_column][vc_column width=&#8221;1\/3&#8243; css=&#8221;.vc_custom_1707388636950{padding-left: 20px !important;}&#8221;][vc_custom_heading text=&#8221;PREVIOUS STORY&#8221; font_container=&#8221;tag:h2|font_size:24px|text_align:left&#8221; use_theme_fonts=&#8221;yes&#8221; css=&#8221;.vc_custom_1707388105704{padding-top: 20px !important;}&#8221;][vc_column_text css=&#8221;.vc_custom_1707387049588{margin-top: -15px !important;}&#8221;]AMORE IN ITALIA<br \/>\nHotel Marincanto, Positano Amalfi Coast[\/vc_column_text][\/vc_column][vc_column width=&#8221;1\/6&#8243;][vc_single_image image=&#8221;3762&#8243; img_size=&#8221;full&#8221; onclick=&#8221;custom_link&#8221; link=&#8221;https:\/\/weddingvideographeramalficoast.com\/destination-wedding-positano\/&#8221;][\/vc_column][\/vc_row][\/vc_section]<\/p>\n<\/section>","protected":false},"excerpt":{"rendered":"<p>[vc_section css=&#8221;.vc_custom_1706694084164{margin-top: 80px !important;margin-bottom: 80px !important;}&#8221;][vc_row css=&#8221;.vc_custom_1706694101516{margin-bottom: 50px !important;}&#8221;][vc_column][vc_custom_heading text=&#8221;Wedding Videographer and Photographer Package&#8221; font_container=&#8221;tag:h2|font_size:28px|text_align:center&#8221; use_theme_fonts=&#8221;yes&#8221;][\/vc_column][\/vc_row][vc_row css=&#8221;.vc_custom_1706683590985{margin-top: 30px !important;margin-bottom: 30px !important;}&#8221;][vc_column][vc_column_text] Scegliere il Pacchetto Videografo e Fotografo di Matrimonio Giusto: Un Investimento nell\u2019Emozione e nei Ricordi [\/vc_column_text][vc_single_image image=&#8221;4499&#8243; img_size=&#8221;full&#8221;][vc_column_text]Scegliere il pacchetto videografo giusto Nel giorno pi\u00f9 importante della vostra vita, ogni dettaglio conta, ogni sorriso&hellip; <a class=\"more-link\" href=\"https:\/\/weddingvideographeramalficoast.com\/it\/pacchetto-videografo-e-fotografo-di-matrimonio\/\">Continue reading <span class=\"screen-reader-text\">Pacchetto videografo e fotografo di matrimonio<\/span><\/a><\/p>\n","protected":false},"author":1,"featured_media":4552,"parent":0,"menu_order":0,"comment_status":"closed","ping_status":"closed","template":"","meta":{"_acf_changed":false,"footnotes":""},"acf":[],"yoast_head":"<!-- This site is optimized with the Yoast SEO plugin v20.5 - https:\/\/yoast.com\/wordpress\/plugins\/seo\/ -->\n<title>Pacchetto videografo e fotografo di matrimonio - Echo of Journey<\/title>\n<meta name=\"robots\" content=\"index, follow, max-snippet:-1, max-image-preview:large, max-video-preview:-1\" \/>\n<link rel=\"canonical\" href=\"https:\/\/weddingvideographeramalficoast.com\/it\/pacchetto-videografo-e-fotografo-di-matrimonio\/\" \/>\n<meta property=\"og:locale\" content=\"it_IT\" \/>\n<meta property=\"og:type\" content=\"article\" \/>\n<meta property=\"og:title\" content=\"Pacchetto videografo e fotografo di matrimonio - Echo of Journey\" \/>\n<meta property=\"og:description\" content=\"[vc_section css=&#8221;.vc_custom_1706694084164{margin-top: 80px !important;margin-bottom: 80px !important;}&#8221;][vc_row css=&#8221;.vc_custom_1706694101516{margin-bottom: 50px !important;}&#8221;][vc_column][vc_custom_heading text=&#8221;Wedding Videographer and Photographer Package&#8221; font_container=&#8221;tag:h2|font_size:28px|text_align:center&#8221; use_theme_fonts=&#8221;yes&#8221;][\/vc_column][\/vc_row][vc_row css=&#8221;.vc_custom_1706683590985{margin-top: 30px !important;margin-bottom: 30px !important;}&#8221;][vc_column][vc_column_text] Scegliere il Pacchetto Videografo e Fotografo di Matrimonio Giusto: Un Investimento nell\u2019Emozione e nei Ricordi [\/vc_column_text][vc_single_image image=&#8221;4499&#8243; img_size=&#8221;full&#8221;][vc_column_text]Scegliere il pacchetto videografo giusto Nel giorno pi\u00f9 importante della vostra vita, ogni dettaglio conta, ogni sorriso&hellip; Continue reading Pacchetto videografo e fotografo di matrimonio\" \/>\n<meta property=\"og:url\" content=\"https:\/\/weddingvideographeramalficoast.com\/it\/pacchetto-videografo-e-fotografo-di-matrimonio\/\" \/>\n<meta property=\"og:site_name\" content=\"Echo of Journey\" \/>\n<meta property=\"article:modified_time\" content=\"2024-03-30T05:35:00+00:00\" \/>\n<meta property=\"og:image\" content=\"https:\/\/weddingvideographeramalficoast.com\/wp-content\/uploads\/2024\/03\/Wedding-Videographer-and-Photographer-Package.webp\" \/>\n\t<meta property=\"og:image:width\" content=\"1536\" \/>\n\t<meta property=\"og:image:height\" content=\"864\" \/>\n\t<meta property=\"og:image:type\" content=\"image\/webp\" \/>\n<meta name=\"twitter:card\" content=\"summary_large_image\" \/>\n<meta name=\"twitter:label1\" content=\"Tempo di lettura stimato\" \/>\n\t<meta name=\"twitter:data1\" content=\"5 minuti\" \/>\n<script type=\"application\/ld+json\" class=\"yoast-schema-graph\">{\"@context\":\"https:\/\/schema.org\",\"@graph\":[{\"@type\":\"WebPage\",\"@id\":\"https:\/\/weddingvideographeramalficoast.com\/it\/pacchetto-videografo-e-fotografo-di-matrimonio\/\",\"url\":\"https:\/\/weddingvideographeramalficoast.com\/it\/pacchetto-videografo-e-fotografo-di-matrimonio\/\",\"name\":\"Pacchetto videografo e fotografo di matrimonio - Echo of Journey\",\"isPartOf\":{\"@id\":\"https:\/\/weddingvideographeramalficoast.com\/#website\"},\"datePublished\":\"2024-03-27T07:45:04+00:00\",\"dateModified\":\"2024-03-30T05:35:00+00:00\",\"breadcrumb\":{\"@id\":\"https:\/\/weddingvideographeramalficoast.com\/it\/pacchetto-videografo-e-fotografo-di-matrimonio\/#breadcrumb\"},\"inLanguage\":\"it-IT\",\"potentialAction\":[{\"@type\":\"ReadAction\",\"target\":[\"https:\/\/weddingvideographeramalficoast.com\/it\/pacchetto-videografo-e-fotografo-di-matrimonio\/\"]}]},{\"@type\":\"BreadcrumbList\",\"@id\":\"https:\/\/weddingvideographeramalficoast.com\/it\/pacchetto-videografo-e-fotografo-di-matrimonio\/#breadcrumb\",\"itemListElement\":[{\"@type\":\"ListItem\",\"position\":1,\"name\":\"Home\",\"item\":\"https:\/\/weddingvideographeramalficoast.com\/it\/\"},{\"@type\":\"ListItem\",\"position\":2,\"name\":\"Pacchetto videografo e fotografo di matrimonio\"}]},{\"@type\":\"WebSite\",\"@id\":\"https:\/\/weddingvideographeramalficoast.com\/#website\",\"url\":\"https:\/\/weddingvideographeramalficoast.com\/\",\"name\":\"Echo of Journey\",\"description\":\"wedding films\",\"publisher\":{\"@id\":\"https:\/\/weddingvideographeramalficoast.com\/#organization\"},\"potentialAction\":[{\"@type\":\"SearchAction\",\"target\":{\"@type\":\"EntryPoint\",\"urlTemplate\":\"https:\/\/weddingvideographeramalficoast.com\/?s={search_term_string}\"},\"query-input\":\"required name=search_term_string\"}],\"inLanguage\":\"it-IT\"},{\"@type\":\"Organization\",\"@id\":\"https:\/\/weddingvideographeramalficoast.com\/#organization\",\"name\":\"Echo of Journey\",\"url\":\"https:\/\/weddingvideographeramalficoast.com\/\",\"logo\":{\"@type\":\"ImageObject\",\"inLanguage\":\"it-IT\",\"@id\":\"https:\/\/weddingvideographeramalficoast.com\/#\/schema\/logo\/image\/\",\"url\":\"https:\/\/weddingvideographeramalficoast.com\/wp-content\/uploads\/2024\/11\/cropped-3-2.png\",\"contentUrl\":\"https:\/\/weddingvideographeramalficoast.com\/wp-content\/uploads\/2024\/11\/cropped-3-2.png\",\"width\":200,\"height\":111,\"caption\":\"Echo of Journey\"},\"image\":{\"@id\":\"https:\/\/weddingvideographeramalficoast.com\/#\/schema\/logo\/image\/\"}}]}<\/script>\n<!-- \/ Yoast SEO plugin. -->","yoast_head_json":{"title":"Pacchetto videografo e fotografo di matrimonio - Echo of Journey","robots":{"index":"index","follow":"follow","max-snippet":"max-snippet:-1","max-image-preview":"max-image-preview:large","max-video-preview":"max-video-preview:-1"},"canonical":"https:\/\/weddingvideographeramalficoast.com\/it\/pacchetto-videografo-e-fotografo-di-matrimonio\/","og_locale":"it_IT","og_type":"article","og_title":"Pacchetto videografo e fotografo di matrimonio - Echo of Journey","og_description":"[vc_section css=&#8221;.vc_custom_1706694084164{margin-top: 80px !important;margin-bottom: 80px !important;}&#8221;][vc_row css=&#8221;.vc_custom_1706694101516{margin-bottom: 50px !important;}&#8221;][vc_column][vc_custom_heading text=&#8221;Wedding Videographer and Photographer Package&#8221; font_container=&#8221;tag:h2|font_size:28px|text_align:center&#8221; use_theme_fonts=&#8221;yes&#8221;][\/vc_column][\/vc_row][vc_row css=&#8221;.vc_custom_1706683590985{margin-top: 30px !important;margin-bottom: 30px !important;}&#8221;][vc_column][vc_column_text] Scegliere il Pacchetto Videografo e Fotografo di Matrimonio Giusto: Un Investimento nell\u2019Emozione e nei Ricordi [\/vc_column_text][vc_single_image image=&#8221;4499&#8243; img_size=&#8221;full&#8221;][vc_column_text]Scegliere il pacchetto videografo giusto Nel giorno pi\u00f9 importante della vostra vita, ogni dettaglio conta, ogni sorriso&hellip; Continue reading Pacchetto videografo e fotografo di matrimonio","og_url":"https:\/\/weddingvideographeramalficoast.com\/it\/pacchetto-videografo-e-fotografo-di-matrimonio\/","og_site_name":"Echo of Journey","article_modified_time":"2024-03-30T05:35:00+00:00","og_image":[{"width":1536,"height":864,"url":"https:\/\/weddingvideographeramalficoast.com\/wp-content\/uploads\/2024\/03\/Wedding-Videographer-and-Photographer-Package.webp","type":"image\/webp"}],"twitter_card":"summary_large_image","twitter_misc":{"Tempo di lettura stimato":"5 minuti"},"schema":{"@context":"https:\/\/schema.org","@graph":[{"@type":"WebPage","@id":"https:\/\/weddingvideographeramalficoast.com\/it\/pacchetto-videografo-e-fotografo-di-matrimonio\/","url":"https:\/\/weddingvideographeramalficoast.com\/it\/pacchetto-videografo-e-fotografo-di-matrimonio\/","name":"Pacchetto videografo e fotografo di matrimonio - Echo of Journey","isPartOf":{"@id":"https:\/\/weddingvideographeramalficoast.com\/#website"},"datePublished":"2024-03-27T07:45:04+00:00","dateModified":"2024-03-30T05:35:00+00:00","breadcrumb":{"@id":"https:\/\/weddingvideographeramalficoast.com\/it\/pacchetto-videografo-e-fotografo-di-matrimonio\/#breadcrumb"},"inLanguage":"it-IT","potentialAction":[{"@type":"ReadAction","target":["https:\/\/weddingvideographeramalficoast.com\/it\/pacchetto-videografo-e-fotografo-di-matrimonio\/"]}]},{"@type":"BreadcrumbList","@id":"https:\/\/weddingvideographeramalficoast.com\/it\/pacchetto-videografo-e-fotografo-di-matrimonio\/#breadcrumb","itemListElement":[{"@type":"ListItem","position":1,"name":"Home","item":"https:\/\/weddingvideographeramalficoast.com\/it\/"},{"@type":"ListItem","position":2,"name":"Pacchetto videografo e fotografo di matrimonio"}]},{"@type":"WebSite","@id":"https:\/\/weddingvideographeramalficoast.com\/#website","url":"https:\/\/weddingvideographeramalficoast.com\/","name":"Echo of Journey","description":"wedding films","publisher":{"@id":"https:\/\/weddingvideographeramalficoast.com\/#organization"},"potentialAction":[{"@type":"SearchAction","target":{"@type":"EntryPoint","urlTemplate":"https:\/\/weddingvideographeramalficoast.com\/?s={search_term_string}"},"query-input":"required name=search_term_string"}],"inLanguage":"it-IT"},{"@type":"Organization","@id":"https:\/\/weddingvideographeramalficoast.com\/#organization","name":"Echo of Journey","url":"https:\/\/weddingvideographeramalficoast.com\/","logo":{"@type":"ImageObject","inLanguage":"it-IT","@id":"https:\/\/weddingvideographeramalficoast.com\/#\/schema\/logo\/image\/","url":"https:\/\/weddingvideographeramalficoast.com\/wp-content\/uploads\/2024\/11\/cropped-3-2.png","contentUrl":"https:\/\/weddingvideographeramalficoast.com\/wp-content\/uploads\/2024\/11\/cropped-3-2.png","width":200,"height":111,"caption":"Echo of Journey"},"image":{"@id":"https:\/\/weddingvideographeramalficoast.com\/#\/schema\/logo\/image\/"}}]}},"_links":{"self":[{"href":"https:\/\/weddingvideographeramalficoast.com\/it\/wp-json\/wp\/v2\/pages\/4468"}],"collection":[{"href":"https:\/\/weddingvideographeramalficoast.com\/it\/wp-json\/wp\/v2\/pages"}],"about":[{"href":"https:\/\/weddingvideographeramalficoast.com\/it\/wp-json\/wp\/v2\/types\/page"}],"author":[{"embeddable":true,"href":"https:\/\/weddingvideographeramalficoast.com\/it\/wp-json\/wp\/v2\/users\/1"}],"replies":[{"embeddable":true,"href":"https:\/\/weddingvideographeramalficoast.com\/it\/wp-json\/wp\/v2\/comments?post=4468"}],"version-history":[{"count":9,"href":"https:\/\/weddingvideographeramalficoast.com\/it\/wp-json\/wp\/v2\/pages\/4468\/revisions"}],"predecessor-version":[{"id":4558,"href":"https:\/\/weddingvideographeramalficoast.com\/it\/wp-json\/wp\/v2\/pages\/4468\/revisions\/4558"}],"wp:featuredmedia":[{"embeddable":true,"href":"https:\/\/weddingvideographeramalficoast.com\/it\/wp-json\/wp\/v2\/media\/4552"}],"wp:attachment":[{"href":"https:\/\/weddingvideographeramalficoast.com\/it\/wp-json\/wp\/v2\/media?parent=4468"}],"curies":[{"name":"wp","href":"https:\/\/api.w.org\/{rel}","templated":true}]}}