{"id":3654,"date":"2024-02-01T10:46:31","date_gmt":"2024-02-01T10:46:31","guid":{"rendered":"https:\/\/weddingvideographeramalficoast.com\/?page_id=3654"},"modified":"2024-02-08T07:28:42","modified_gmt":"2024-02-08T07:28:42","slug":"videografo-matrimonio-ravello","status":"publish","type":"page","link":"https:\/\/weddingvideographeramalficoast.com\/it\/videografo-matrimonio-ravello\/","title":{"rendered":"Videografo Matrimonio Ravello"},"content":{"rendered":"<section class=\"wpb-content-wrapper\"><p>[vc_row css=&#8221;.vc_custom_1706783885037{margin-top: 80px !important;}&#8221;][vc_column width=&#8221;1\/2&#8243;][vc_custom_heading text=&#8221;Ravello \u00e8 la destinazione perfetta per il film del tuo matrimonio da sogno&#8221;][vc_column_text]<\/p>\n<p>Un matrimonio a Ravello \u00e8 qualcosa di speciale e indimenticabile. Ravello \u00e8 un&#8217;affascinante cittadina che catturer\u00e0 la tua immaginazione e soddisfer\u00e0 tutte le tue fantasie italiane. I matrimoni a Ravello sono incredibilmente unici e, come videografi di matrimonio a Ravello, siamo qui per documentarlo e documentare il tuo<br \/>\nMatrimonio italiano. Le persone subiscono metamorfosi a causa di Ravello. Questa imponente Ravello fu fondata nel 5<br \/>\nsecolo come rifugio dagli invasori barbari che avevano appena preso Roma d&#8217;assedio. A differenza di altri insediamenti amalfitani, fu edificato su una collina anzich\u00e9 lungo la costa. Si riflette nei suoi giardini ben curati, nelle case di lusso (molte delle quali sono state trasformate in sfarzosi hotel) e in uno dei migliori festival musicali italiani. Non esitate a contattarci. Come videografi di matrimoni professionisti, il nostro obiettivo \u00e8 rendere il tuo giorno speciale bello come lo hai sempre immaginato.<\/p>\n<p>[\/vc_column_text][\/vc_column][vc_column width=&#8221;1\/2&#8243;][vc_single_image image=&#8221;3146&#8243; img_size=&#8221;full&#8221;][\/vc_column][\/vc_row][vc_row css=&#8221;.vc_custom_1706784269206{margin-top: 25px !important;margin-bottom: 25px !important;}&#8221;][vc_column][vc_separator][\/vc_column][\/vc_row][vc_row][vc_column width=&#8221;1\/2&#8243;][vc_single_image image=&#8221;3148&#8243; img_size=&#8221;full&#8221;][\/vc_column][vc_column width=&#8221;1\/2&#8243;][vc_custom_heading text=&#8221;Cerchi un videografo di matrimonio di lusso a Ravello?&#8221;][vc_column_text]Come videografo di matrimoni di lusso a Ravello, il mio obiettivo \u00e8 preservare la bellezza del tuo momento prezioso. Per creare un documentario di matrimonio distintivo e autentico che racconti la tua storia e ti incarni. La maggior parte dei videografi probabilmente registrerebbe per te tutto ci\u00f2 che \u00e8 accaduto il giorno del tuo matrimonio. \u00c8 invece pi\u00f9 delicato e intimo comunicare la vostra storia di coppia attraverso il giorno del matrimonio. Mi occuper\u00f2 e mi occuper\u00f2 di questo soprattutto per te.[\/vc_column_text][\/vc_column][\/vc_row][vc_row css=&#8221;.vc_custom_1706784283580{margin-top: 25px !important;margin-bottom: 25px !important;}&#8221;][vc_column][vc_separator][\/vc_column][\/vc_row][vc_row][vc_column width=&#8221;1\/2&#8243;][vc_custom_heading text=&#8221;Perch\u00e9 dovrei registrare il tuo videografo di matrimonio esclusivo a Ravello?&#8221;][vc_column_text]In qualit\u00e0 di tuo esclusivo videografo di matrimonio Ravello, posso documentare l&#8217;ambientazione speciale e le splendide caratteristiche delle location sopra menzionate o altre. Tuttavia, l\u2019ambientazione e la location sono solo una piccola parte del film del tuo <a href=\"https:\/\/weddingvideographeramalficoast.com\/it\/elopement-in-ravello\/\">matrimonio<\/a>. All&#8217;inizio riguarda voi due e la vostra storia come coppia.<br \/>\nFornirti qualcosa che sia senza et\u00e0, genuino e fedele a chi sei \u00e8 il nostro obiettivo principale. In Costiera Amalfitana a Ravello, perch\u00e9 dovresti accettare qualcosa di diverso dal meglio per il video del tuo matrimonio? Far\u00f2 della magnifica Costiera Amalfitana un personaggio del tuo racconto come uno dei videografi professionisti di <a href=\"https:\/\/en.wikipedia.org\/wiki\/Ravello\">matrimonio Ravello<\/a>, andando oltre la semplice cattura della sua bellezza. La citt\u00e0 di Ravello \u00e8 piena di leggende, alcune delle quali basate su fatti reali e altre evocate dai materiali di un ambiente cos\u00ec mozzafiato. Rendi il tuo matrimonio la seguente incantevole storia di Ravello portandola in vita su pellicola per incantare i tuoi ospiti per sempre.[\/vc_column_text][\/vc_column][vc_column width=&#8221;1\/2&#8243;][vc_single_image image=&#8221;3150&#8243; img_size=&#8221;full&#8221;][\/vc_column][\/vc_row][vc_row css=&#8221;.vc_custom_1706784290665{margin-top: 25px !important;margin-bottom: 25px !important;}&#8221;][vc_column][vc_separator][\/vc_column][\/vc_row][vc_row][vc_column width=&#8221;1\/2&#8243;][vc_single_image image=&#8221;3152&#8243; img_size=&#8221;full&#8221;][\/vc_column][vc_column width=&#8221;1\/2&#8243;][vc_custom_heading text=&#8221;Pensando al me interiore&#8221;][vc_column_text]Ogni volta che incontro una nuova persona e condivido la sua storia d&#8217;amore, provo una nuova sensazione. Viaggio per l&#8217;Italia raccontando video di matrimonio unici. Mi piace usare i filmati del mio matrimonio per esprimere emozioni; pertanto, mi rende molto felice quando i clienti sono soddisfatti dei risultati. Il tuo Matrimonio Ravello \u00e8 un piccolo e lussuoso incontro di amici intimi e familiari? Scrivimi senza alcuna esitazione; Sar\u00f2 lieto di rispondere a qualsiasi vostra richiesta relativa al prezzo o al pacchetto e fornire istruzioni su come rendere il giorno del vostro <a href=\"https:\/\/weddingvideographeramalficoast.com\/it\/videografo-matrimonio-ravello\/\">matrimonio a Ravello<\/a> un&#8217;occasione davvero memorabile.[\/vc_column_text][\/vc_column][\/vc_row][vc_row css=&#8221;.vc_custom_1706783971370{margin-bottom: 80px !important;}&#8221;][vc_column][vc_custom_heading text=&#8221;Se qualunque cosa pu\u00f2 essere immaginata o scritta, pu\u00f2 essere filmata.&#8221; font_container=&#8221;tag:h2|text_align:center&#8221;][\/vc_column][\/vc_row]<\/p>\n<\/section>","protected":false},"excerpt":{"rendered":"<p>[vc_row css=&#8221;.vc_custom_1706783885037{margin-top: 80px !important;}&#8221;][vc_column width=&#8221;1\/2&#8243;][vc_custom_heading text=&#8221;Ravello \u00e8 la destinazione perfetta per il film del tuo matrimonio da sogno&#8221;][vc_column_text] Un matrimonio a Ravello \u00e8 qualcosa di speciale e indimenticabile. Ravello \u00e8 un&#8217;affascinante cittadina che catturer\u00e0 la tua immaginazione e soddisfer\u00e0 tutte le tue fantasie italiane. I matrimoni a Ravello sono incredibilmente unici e, come videografi di&hellip; <a class=\"more-link\" href=\"https:\/\/weddingvideographeramalficoast.com\/it\/videografo-matrimonio-ravello\/\">Continue reading <span class=\"screen-reader-text\">Videografo Matrimonio Ravello<\/span><\/a><\/p>\n","protected":false},"author":1,"featured_media":3158,"parent":0,"menu_order":0,"comment_status":"closed","ping_status":"closed","template":"","meta":{"_acf_changed":false,"footnotes":""},"acf":[],"yoast_head":"<!-- This site is optimized with the Yoast SEO plugin v20.5 - https:\/\/yoast.com\/wordpress\/plugins\/seo\/ -->\n<title>Videografo Matrimonio Ravello - Videografo di matrimoni<\/title>\n<meta name=\"description\" content=\"Emozioni autentiche immortalate con maestria. Videografo specializzato in Matrimonio Ravello. Momenti senza tempo catturati con eleganza.\" \/>\n<meta name=\"robots\" content=\"index, follow, max-snippet:-1, max-image-preview:large, max-video-preview:-1\" \/>\n<link rel=\"canonical\" href=\"https:\/\/weddingvideographeramalficoast.com\/it\/videografo-matrimonio-ravello\/\" \/>\n<meta property=\"og:locale\" content=\"it_IT\" \/>\n<meta property=\"og:type\" content=\"article\" \/>\n<meta property=\"og:title\" content=\"Videografo Matrimonio Ravello - Videografo di matrimoni\" \/>\n<meta property=\"og:description\" content=\"Emozioni autentiche immortalate con maestria. Videografo specializzato in Matrimonio Ravello. Momenti senza tempo catturati con eleganza.\" \/>\n<meta property=\"og:url\" content=\"https:\/\/weddingvideographeramalficoast.com\/it\/videografo-matrimonio-ravello\/\" \/>\n<meta property=\"og:site_name\" content=\"Echo of Journey\" \/>\n<meta property=\"article:modified_time\" content=\"2024-02-08T07:28:42+00:00\" \/>\n<meta property=\"og:image\" content=\"https:\/\/weddingvideographeramalficoast.com\/wp-content\/uploads\/2023\/04\/I-GET-LOST-IN-YOUR-SILENCES-1.jpg\" \/>\n\t<meta property=\"og:image:width\" content=\"697\" \/>\n\t<meta property=\"og:image:height\" content=\"384\" \/>\n\t<meta property=\"og:image:type\" content=\"image\/jpeg\" \/>\n<meta name=\"twitter:card\" content=\"summary_large_image\" \/>\n<meta name=\"twitter:title\" content=\"Videografo Matrimonio Ravello - Videografo di matrimoni\" \/>\n<meta name=\"twitter:description\" content=\"Emozioni autentiche immortalate con maestria. Videografo specializzato in Matrimonio Ravello. Momenti senza tempo catturati con eleganza.\" \/>\n<meta name=\"twitter:label1\" content=\"Tempo di lettura stimato\" \/>\n\t<meta name=\"twitter:data1\" content=\"3 minuti\" \/>\n<script type=\"application\/ld+json\" class=\"yoast-schema-graph\">{\"@context\":\"https:\/\/schema.org\",\"@graph\":[{\"@type\":\"WebPage\",\"@id\":\"https:\/\/weddingvideographeramalficoast.com\/it\/videografo-matrimonio-ravello\/\",\"url\":\"https:\/\/weddingvideographeramalficoast.com\/it\/videografo-matrimonio-ravello\/\",\"name\":\"Videografo Matrimonio Ravello - Videografo di matrimoni\",\"isPartOf\":{\"@id\":\"https:\/\/weddingvideographeramalficoast.com\/#website\"},\"datePublished\":\"2024-02-01T10:46:31+00:00\",\"dateModified\":\"2024-02-08T07:28:42+00:00\",\"description\":\"Emozioni autentiche immortalate con maestria. Videografo specializzato in Matrimonio Ravello. Momenti senza tempo catturati con eleganza.\",\"breadcrumb\":{\"@id\":\"https:\/\/weddingvideographeramalficoast.com\/it\/videografo-matrimonio-ravello\/#breadcrumb\"},\"inLanguage\":\"it-IT\",\"potentialAction\":[{\"@type\":\"ReadAction\",\"target\":[\"https:\/\/weddingvideographeramalficoast.com\/it\/videografo-matrimonio-ravello\/\"]}]},{\"@type\":\"BreadcrumbList\",\"@id\":\"https:\/\/weddingvideographeramalficoast.com\/it\/videografo-matrimonio-ravello\/#breadcrumb\",\"itemListElement\":[{\"@type\":\"ListItem\",\"position\":1,\"name\":\"Home\",\"item\":\"https:\/\/weddingvideographeramalficoast.com\/it\/\"},{\"@type\":\"ListItem\",\"position\":2,\"name\":\"Videografo Matrimonio Ravello\"}]},{\"@type\":\"WebSite\",\"@id\":\"https:\/\/weddingvideographeramalficoast.com\/#website\",\"url\":\"https:\/\/weddingvideographeramalficoast.com\/\",\"name\":\"Echo of Journey\",\"description\":\"wedding films\",\"publisher\":{\"@id\":\"https:\/\/weddingvideographeramalficoast.com\/#organization\"},\"potentialAction\":[{\"@type\":\"SearchAction\",\"target\":{\"@type\":\"EntryPoint\",\"urlTemplate\":\"https:\/\/weddingvideographeramalficoast.com\/?s={search_term_string}\"},\"query-input\":\"required name=search_term_string\"}],\"inLanguage\":\"it-IT\"},{\"@type\":\"Organization\",\"@id\":\"https:\/\/weddingvideographeramalficoast.com\/#organization\",\"name\":\"Echo of Journey\",\"url\":\"https:\/\/weddingvideographeramalficoast.com\/\",\"logo\":{\"@type\":\"ImageObject\",\"inLanguage\":\"it-IT\",\"@id\":\"https:\/\/weddingvideographeramalficoast.com\/#\/schema\/logo\/image\/\",\"url\":\"https:\/\/weddingvideographeramalficoast.com\/wp-content\/uploads\/2024\/11\/cropped-3-2.png\",\"contentUrl\":\"https:\/\/weddingvideographeramalficoast.com\/wp-content\/uploads\/2024\/11\/cropped-3-2.png\",\"width\":200,\"height\":111,\"caption\":\"Echo of Journey\"},\"image\":{\"@id\":\"https:\/\/weddingvideographeramalficoast.com\/#\/schema\/logo\/image\/\"}}]}<\/script>\n<!-- \/ Yoast SEO plugin. -->","yoast_head_json":{"title":"Videografo Matrimonio Ravello - Videografo di matrimoni","description":"Emozioni autentiche immortalate con maestria. Videografo specializzato in Matrimonio Ravello. Momenti senza tempo catturati con eleganza.","robots":{"index":"index","follow":"follow","max-snippet":"max-snippet:-1","max-image-preview":"max-image-preview:large","max-video-preview":"max-video-preview:-1"},"canonical":"https:\/\/weddingvideographeramalficoast.com\/it\/videografo-matrimonio-ravello\/","og_locale":"it_IT","og_type":"article","og_title":"Videografo Matrimonio Ravello - Videografo di matrimoni","og_description":"Emozioni autentiche immortalate con maestria. Videografo specializzato in Matrimonio Ravello. Momenti senza tempo catturati con eleganza.","og_url":"https:\/\/weddingvideographeramalficoast.com\/it\/videografo-matrimonio-ravello\/","og_site_name":"Echo of Journey","article_modified_time":"2024-02-08T07:28:42+00:00","og_image":[{"width":697,"height":384,"url":"https:\/\/weddingvideographeramalficoast.com\/wp-content\/uploads\/2023\/04\/I-GET-LOST-IN-YOUR-SILENCES-1.jpg","type":"image\/jpeg"}],"twitter_card":"summary_large_image","twitter_title":"Videografo Matrimonio Ravello - Videografo di matrimoni","twitter_description":"Emozioni autentiche immortalate con maestria. Videografo specializzato in Matrimonio Ravello. Momenti senza tempo catturati con eleganza.","twitter_misc":{"Tempo di lettura stimato":"3 minuti"},"schema":{"@context":"https:\/\/schema.org","@graph":[{"@type":"WebPage","@id":"https:\/\/weddingvideographeramalficoast.com\/it\/videografo-matrimonio-ravello\/","url":"https:\/\/weddingvideographeramalficoast.com\/it\/videografo-matrimonio-ravello\/","name":"Videografo Matrimonio Ravello - Videografo di matrimoni","isPartOf":{"@id":"https:\/\/weddingvideographeramalficoast.com\/#website"},"datePublished":"2024-02-01T10:46:31+00:00","dateModified":"2024-02-08T07:28:42+00:00","description":"Emozioni autentiche immortalate con maestria. Videografo specializzato in Matrimonio Ravello. Momenti senza tempo catturati con eleganza.","breadcrumb":{"@id":"https:\/\/weddingvideographeramalficoast.com\/it\/videografo-matrimonio-ravello\/#breadcrumb"},"inLanguage":"it-IT","potentialAction":[{"@type":"ReadAction","target":["https:\/\/weddingvideographeramalficoast.com\/it\/videografo-matrimonio-ravello\/"]}]},{"@type":"BreadcrumbList","@id":"https:\/\/weddingvideographeramalficoast.com\/it\/videografo-matrimonio-ravello\/#breadcrumb","itemListElement":[{"@type":"ListItem","position":1,"name":"Home","item":"https:\/\/weddingvideographeramalficoast.com\/it\/"},{"@type":"ListItem","position":2,"name":"Videografo Matrimonio Ravello"}]},{"@type":"WebSite","@id":"https:\/\/weddingvideographeramalficoast.com\/#website","url":"https:\/\/weddingvideographeramalficoast.com\/","name":"Echo of Journey","description":"wedding films","publisher":{"@id":"https:\/\/weddingvideographeramalficoast.com\/#organization"},"potentialAction":[{"@type":"SearchAction","target":{"@type":"EntryPoint","urlTemplate":"https:\/\/weddingvideographeramalficoast.com\/?s={search_term_string}"},"query-input":"required name=search_term_string"}],"inLanguage":"it-IT"},{"@type":"Organization","@id":"https:\/\/weddingvideographeramalficoast.com\/#organization","name":"Echo of Journey","url":"https:\/\/weddingvideographeramalficoast.com\/","logo":{"@type":"ImageObject","inLanguage":"it-IT","@id":"https:\/\/weddingvideographeramalficoast.com\/#\/schema\/logo\/image\/","url":"https:\/\/weddingvideographeramalficoast.com\/wp-content\/uploads\/2024\/11\/cropped-3-2.png","contentUrl":"https:\/\/weddingvideographeramalficoast.com\/wp-content\/uploads\/2024\/11\/cropped-3-2.png","width":200,"height":111,"caption":"Echo of Journey"},"image":{"@id":"https:\/\/weddingvideographeramalficoast.com\/#\/schema\/logo\/image\/"}}]}},"_links":{"self":[{"href":"https:\/\/weddingvideographeramalficoast.com\/it\/wp-json\/wp\/v2\/pages\/3654"}],"collection":[{"href":"https:\/\/weddingvideographeramalficoast.com\/it\/wp-json\/wp\/v2\/pages"}],"about":[{"href":"https:\/\/weddingvideographeramalficoast.com\/it\/wp-json\/wp\/v2\/types\/page"}],"author":[{"embeddable":true,"href":"https:\/\/weddingvideographeramalficoast.com\/it\/wp-json\/wp\/v2\/users\/1"}],"replies":[{"embeddable":true,"href":"https:\/\/weddingvideographeramalficoast.com\/it\/wp-json\/wp\/v2\/comments?post=3654"}],"version-history":[{"count":5,"href":"https:\/\/weddingvideographeramalficoast.com\/it\/wp-json\/wp\/v2\/pages\/3654\/revisions"}],"predecessor-version":[{"id":3961,"href":"https:\/\/weddingvideographeramalficoast.com\/it\/wp-json\/wp\/v2\/pages\/3654\/revisions\/3961"}],"wp:featuredmedia":[{"embeddable":true,"href":"https:\/\/weddingvideographeramalficoast.com\/it\/wp-json\/wp\/v2\/media\/3158"}],"wp:attachment":[{"href":"https:\/\/weddingvideographeramalficoast.com\/it\/wp-json\/wp\/v2\/media?parent=3654"}],"curies":[{"name":"wp","href":"https:\/\/api.w.org\/{rel}","templated":true}]}}