{"id":3647,"date":"2024-02-01T10:34:27","date_gmt":"2024-02-01T10:34:27","guid":{"rendered":"https:\/\/weddingvideographeramalficoast.com\/?page_id=3647"},"modified":"2024-02-08T07:39:19","modified_gmt":"2024-02-08T07:39:19","slug":"videografo-matrimonio-villa-cimbrone","status":"publish","type":"page","link":"https:\/\/weddingvideographeramalficoast.com\/it\/videografo-matrimonio-villa-cimbrone\/","title":{"rendered":"Videografo Matrimonio Villa Cimbrone"},"content":{"rendered":"<section class=\"wpb-content-wrapper\"><p>[vc_row css=&#8221;.vc_custom_1706783489709{margin-top: 80px !important;}&#8221;][vc_column width=&#8221;1\/2&#8243;][vc_custom_heading text=&#8221;Videografo Matrimonio Villa Cimbrone&#8221;][vc_column_text]Se stai cercando una cornice mozzafiato per la videografia del tuo matrimonio, non cercare oltre weddingnvideographer a Villa Cimbrone. Questa villa storica si trova in cima a una scogliera che domina la Costiera Amalfitana, offrendo uno scenario straordinario per il tuo video di matrimonio. La villa ha una storia lunga e ricca, che risale all&#8217;XI secolo, e i suoi giardini sono belli quanto la villa stessa. Con giardini curati, fontane di marmo e ampie vedute della costa, Villa Cimbrone \u00e8 la cornice perfetta per il video del tuo matrimonio.<\/p>\n<p>nSiamo sicuri di creare ricordi indimenticabili che custodirai per tutta la vita. Dal momento in cui arriverai, rimarrai incantato dalla bellezza e dall&#8217;atmosfera della villa, rendendola lo sfondo perfetto per il video del tuo matrimonio. Fidati di noi, i tuoi ospiti parleranno del tuo video di matrimonio negli anni a venire![\/vc_column_text][\/vc_column][vc_column width=&#8221;1\/2&#8243;][vc_single_image image=&#8221;3134&#8243; img_size=&#8221;full&#8221;][\/vc_column][vc_column css=&#8221;.vc_custom_1706783360768{margin-top: 25px !important;margin-bottom: 25px !important;}&#8221;][vc_separator][\/vc_column][\/vc_row][vc_row][vc_column width=&#8221;1\/2&#8243;][vc_single_image image=&#8221;3136&#8243; img_size=&#8221;full&#8221;][\/vc_column][vc_column width=&#8221;1\/2&#8243;][vc_custom_heading text=&#8221;Trovando un videografo di matrimonio esclusivo a Villa Cimbrone su cui puoi fare affidamento:&#8221;][vc_column_text]Un videografo di matrimonio esclusivo \u00e8 un must per ogni coppia che vuole rivivere il giorno del proprio matrimonio. Catturare tutte le emozioni, le risate e l&#8217;amore del giorno del tuo matrimonio. Un videografo ti fornir\u00e0 una testimonianza bellissima e duratura del tuo matrimonio. Mentre i fotografi forniscono immagini fisse straordinarie, un operatore video pu\u00f2 fornirti immagini in movimento. E un suono che ti riporter\u00e0 al giorno del tuo matrimonio ogni volta che guardi il tuo video. Assumere un videografo professionista \u00e8 una delle migliori decisioni che puoi prendere per assicurarti che il giorno del tuo matrimonio venga catturato esattamente come lo ricordi.[\/vc_column_text][\/vc_column][\/vc_row][vc_row css=&#8221;.vc_custom_1706783372292{margin-top: 25px !important;margin-bottom: 25px !important;}&#8221;][vc_column][vc_separator][\/vc_column][\/vc_row][vc_row][vc_column width=&#8221;1\/2&#8243;][vc_custom_heading text=&#8221;Cuore del miglior videografo di matrimoni a Villa Cimbrone&#8221;][vc_column_text]<\/p>\n<p>Il videografo di matrimonio professionista \u00e8 una parte importante di qualsiasi matrimonio, poich\u00e9 cattura tutti i momenti speciali. Dalla preparazione degli sposi, al primo ballo, al ballo padre-figlia, ai discorsi e ai brindisi, un videografo cattura tutto. Un operatore video \u00e8 importante anche per catturare l&#8217;emozione e il sentimento della giornata, cosa che le foto semplicemente non possono fare. Un video di matrimonio \u00e8 qualcosa a cui potrai guardare indietro e rivivere il giorno del tuo matrimonio ancora e ancora, ed \u00e8 ci\u00f2 che puoi condividere con i tuoi amici e familiari.<\/p>\n<p>[\/vc_column_text][\/vc_column][vc_column width=&#8221;1\/2&#8243;][vc_single_image image=&#8221;3138&#8243; img_size=&#8221;full&#8221;][\/vc_column][\/vc_row][vc_row css=&#8221;.vc_custom_1706783383212{margin-top: 25px !important;margin-bottom: 25px !important;}&#8221;][vc_column][vc_separator][\/vc_column][\/vc_row][vc_row css=&#8221;.vc_custom_1706783452464{margin-bottom: 50px !important;}&#8221;][vc_column width=&#8221;1\/2&#8243;][vc_single_image image=&#8221;3140&#8243; img_size=&#8221;full&#8221;][\/vc_column][vc_column width=&#8221;1\/2&#8243;][vc_custom_heading text=&#8221;Come scegliere un videografo di matrimonio di lusso Villa Cimbrone per il vostro grande giorno&#8221;][vc_column_text]Quando si tratta di scegliere un videografo per matrimoni, ci sono alcune cose da tenere a mente. Innanzitutto, vuoi assicurarti di scegliere un professionista che abbia molta esperienza.<br \/>\nCi\u00f2 \u00e8 particolarmente importante se ti sposi in una <a href=\"https:\/\/weddingvideographeramalficoast.com\/it\/videografo-matrimonio-villa-cimbrone\/\">villa come Cimbrone<\/a>, nota per le sue viste mozzafiato. Dovrai assicurarti che il tuo videografo sia in grado di catturare tutta la bellezza dell&#8217;ambientazione nelle sue riprese.<\/p>\n<p>Un&#8217;altra cosa importante da considerare \u00e8 lo stile del video che desideri. Vuoi qualcosa di pi\u00f9 tradizionale o stai cercando qualcosa di pi\u00f9 creativo e unico? Ci sono molti ottimi videografi l\u00e0 fuori specializzati in stili diversi, quindi \u00e8 importante fare le tue ricerche e trovare qualcuno che sar\u00e0 in grado di creare il tipo di video che stai immaginando.<\/p>\n<p>Infine, assicurati di sentirti a tuo agio con il tuo <a href=\"https:\/\/en.wikipedia.org\/wiki\/Videography\">videografo<\/a> e che comprenda la tua visione del video. Dopotutto, questo \u00e8 il giorno del tuo matrimonio e vuoi assicurarti che tutto vada secondo i piani. Assicurati di comunicare chiaramente le tue aspettative al tuo <a href=\"https:\/\/weddingvideographeramalficoast.com\/it\/elopement-in-ravello\/\">videografo<\/a> a un prezzo conveniente in modo che possano trasformare il video dei tuoi sogni in realt\u00e0.<\/p>\n<p><b>&#8220;Catturare la pura essenza della vita nascente&#8221;, &#8220;Le fotografie straordinarie richiedono una presentazione eccezionale.&#8221;<\/b>[\/vc_column_text][\/vc_column][\/vc_row]<\/p>\n<\/section>","protected":false},"excerpt":{"rendered":"<p>[vc_row css=&#8221;.vc_custom_1706783489709{margin-top: 80px !important;}&#8221;][vc_column width=&#8221;1\/2&#8243;][vc_custom_heading text=&#8221;Videografo Matrimonio Villa Cimbrone&#8221;][vc_column_text]Se stai cercando una cornice mozzafiato per la videografia del tuo matrimonio, non cercare oltre weddingnvideographer a Villa Cimbrone. Questa villa storica si trova in cima a una scogliera che domina la Costiera Amalfitana, offrendo uno scenario straordinario per il tuo video di matrimonio. La villa ha&hellip; <a class=\"more-link\" href=\"https:\/\/weddingvideographeramalficoast.com\/it\/videografo-matrimonio-villa-cimbrone\/\">Continue reading <span class=\"screen-reader-text\">Videografo Matrimonio Villa Cimbrone<\/span><\/a><\/p>\n","protected":false},"author":1,"featured_media":3859,"parent":0,"menu_order":0,"comment_status":"closed","ping_status":"closed","template":"","meta":{"_acf_changed":false,"om_disable_all_campaigns":false,"_monsterinsights_skip_tracking":false,"_monsterinsights_sitenote_active":false,"_monsterinsights_sitenote_note":"","_monsterinsights_sitenote_category":0,"footnotes":""},"acf":[],"aioseo_notices":[],"_links":{"self":[{"href":"https:\/\/weddingvideographeramalficoast.com\/it\/wp-json\/wp\/v2\/pages\/3647"}],"collection":[{"href":"https:\/\/weddingvideographeramalficoast.com\/it\/wp-json\/wp\/v2\/pages"}],"about":[{"href":"https:\/\/weddingvideographeramalficoast.com\/it\/wp-json\/wp\/v2\/types\/page"}],"author":[{"embeddable":true,"href":"https:\/\/weddingvideographeramalficoast.com\/it\/wp-json\/wp\/v2\/users\/1"}],"replies":[{"embeddable":true,"href":"https:\/\/weddingvideographeramalficoast.com\/it\/wp-json\/wp\/v2\/comments?post=3647"}],"version-history":[{"count":3,"href":"https:\/\/weddingvideographeramalficoast.com\/it\/wp-json\/wp\/v2\/pages\/3647\/revisions"}],"predecessor-version":[{"id":3963,"href":"https:\/\/weddingvideographeramalficoast.com\/it\/wp-json\/wp\/v2\/pages\/3647\/revisions\/3963"}],"wp:featuredmedia":[{"embeddable":true,"href":"https:\/\/weddingvideographeramalficoast.com\/it\/wp-json\/wp\/v2\/media\/3859"}],"wp:attachment":[{"href":"https:\/\/weddingvideographeramalficoast.com\/it\/wp-json\/wp\/v2\/media?parent=3647"}],"curies":[{"name":"wp","href":"https:\/\/api.w.org\/{rel}","templated":true}]}}