{"id":3477,"date":"2024-01-31T12:10:01","date_gmt":"2024-01-31T12:10:01","guid":{"rendered":"https:\/\/weddingvideographeramalficoast.com\/?page_id=3477"},"modified":"2024-02-08T10:04:50","modified_gmt":"2024-02-08T10:04:50","slug":"wedding-torre-normanna","status":"publish","type":"page","link":"https:\/\/weddingvideographeramalficoast.com\/it\/wedding-torre-normanna\/","title":{"rendered":"Wedding Torre Normanna"},"content":{"rendered":"<section class=\"wpb-content-wrapper\"><p>[vc_section css=&#8221;.vc_custom_1706702947363{margin-top: 80px !important;margin-bottom: 80px !important;}&#8221;][vc_row css=&#8221;.vc_custom_1706702955611{margin-bottom: 50px !important;}&#8221;][vc_column][vc_custom_heading text=&#8221;NICOLA AND NICOLE&#8221; font_container=&#8221;tag:h2|font_size:28px|text_align:center&#8221; use_theme_fonts=&#8221;yes&#8221;][vc_custom_heading text=&#8221;Torre Normanna, Amalfi Coast&#8221; font_container=&#8221;tag:h2|font_size:22px|text_align:center&#8221; use_theme_fonts=&#8221;yes&#8221;][\/vc_column][\/vc_row][vc_row][vc_column][vc_video link=&#8221;https:\/\/vimeo.com\/889098462&#8243; css=&#8221;.vc_custom_1706702962151{margin-bottom: 50px !important;}&#8221;][vc_column_text]Il magico matrimonio di Nicola e Nicole ha trasformato l&#8217;incantevole Costiera Amalfitana in uno scenario da favola. Originario degli Stati Uniti, Nicola, con radici italiane, ha scelto di unire il suo destino con Nicole nell&#8217;incantevole localit\u00e0 di Torre Normanna. In questo articolo esploreremo i momenti indimenticabili di questa coppia americana che ha deciso di celebrare il loro amore nel cuore dell&#8217;Italia.[\/vc_column_text][vc_custom_heading text=&#8221;Il primo sguardo magico&#8221; font_container=&#8221;tag:h2|font_size:22px|text_align:left&#8221; use_theme_fonts=&#8221;yes&#8221;][vc_column_text]Il primo sguardo tra Nicola e Nicole \u00e8 avvenuto sulla terrazza a bordo piscina dell&#8217;hotel Le Due Torri. Questa location ha assistito all&#8217;evento di benvenuto per gli ospiti americani la sera precedente, con musica tradizionale e spettacoli pirotecnici. L&#8217;atmosfera era gi\u00e0 carica di emozioni, anticipando il giorno speciale che stava per svolgersi.[\/vc_column_text][vc_custom_heading text=&#8221;Una passeggiata indimenticabile ad Amalfi&#8221; font_container=&#8221;tag:h2|font_size:22px|text_align:left&#8221; use_theme_fonts=&#8221;yes&#8221;][vc_column_text]La passeggiata della coppia ad Amalfi ha aggiunto un tocco di romanticismo al matrimonio. A bordo di una classica 500, Nicola e Nicole hanno percorso le pittoresche strade della cittadina costiera, creando ricordi indelebili sullo sfondo di mari azzurri e case colorate.[\/vc_column_text][vc_custom_heading text=&#8221;Questo \u00e8 un elemento di intestazione personalizzato&#8221; font_container=&#8221;tag:h2|font_size:22px|text_align:left&#8221; use_theme_fonts=&#8221;yes&#8221;][vc_column_text]Il culmine dell&#8217;evento \u00e8 stato quando la coppia si \u00e8 scambiata i voti nuziali sulla scogliera di Torre Normanna, con la maestosa Costiera Amalfitana come sfondo. La scelta di questa location ha reso il loro giorno ancora pi\u00f9 speciale, regalando una cornice mozzafiato alle loro promesse d&#8217;amore.[\/vc_column_text][vc_custom_heading text=&#8221;Discorsi toccanti e cena magica&#8221; font_container=&#8221;tag:h2|font_size:22px|text_align:left&#8221; use_theme_fonts=&#8221;yes&#8221;][vc_column_text]I toccanti discorsi durante la cerimonia hanno intensificato l&#8217;atmosfera emotiva. La cena a lume di candela ha creato un&#8217;atmosfera magica e intima. Gli sposi e gli invitati hanno assaporato le prelibatezze locali mentre il tramonto dipingeva il cielo di calde tonalit\u00e0.[\/vc_column_text][vc_custom_heading text=&#8221;Una festa dalla vista mozzafiato&#8221; font_container=&#8221;tag:h2|font_size:22px|text_align:left&#8221; use_theme_fonts=&#8221;yes&#8221;][vc_column_text]Dopo cena, la pista da ballo si \u00e8 animata con la musica del DJ, luci scintillanti e un open bar. La spettacolare cornice della Costiera Amalfitana ha reso la celebrazione ancora pi\u00f9 indimenticabile. Gli ospiti si sono divertiti in allegria, ballando con la brezza marina e godendosi il panorama mozzafiato.<\/p>\n<p>Il matrimonio di Nicola e Nicole, immerso tra il fascino di Torre Normanna e la bellezza senza tempo della Costiera Amalfitana, \u00e8 stato un inno d&#8217;amore che ha toccato cuori e anime. Questa celebrazione unica \u00e8 stata immortalata in ogni dettaglio, ma un aspetto cruciale ha catturato le emozioni pi\u00f9 intime: il lavoro di un <a href=\"https:\/\/en.wikipedia.org\/wiki\/Videography\">videografo<\/a> professionista.<\/p>\n<p>Scegliere un esperto di visual storytelling per matrimoni ha permesso loro di catturare ogni momento, dai radiosi sorrisi degli sposi alla romantica passeggiata ad Amalfi, ai toccanti discorsi e alla scintillante festa sotto le stelle. Il videografo ha trasformato il giorno speciale di Nicola e Nicole in un racconto cinematografico, un tesoro prezioso che vivr\u00e0 per sempre nei loro ricordi e nel cuore degli invitati.<\/p>\n<p>L\u2019importanza di affidarsi ad un <a href=\"https:\/\/weddingvideographeramalficoast.com\/it\/wedding-torre-normanna\/\">videografo\u00a0Torre Normanna<\/a> professionista va oltre la semplice registrazione. \u00c8 la capacit\u00e0 di cogliere le sfumature delle emozioni, i dettagli che rendono unico ogni momento. Nicola e Nicole hanno scelto con saggezza, regalandoci un ritratto visivo del loro amore che verr\u00e0 tramandato di generazione in generazione, confermando che il lavoro di un videografo esperto \u00e8 la chiave per immortalare i momenti pi\u00f9 belli di un giorno cos\u00ec straordinario.[\/vc_column_text][\/vc_column][\/vc_row][\/vc_section]<\/p>\n<\/section>","protected":false},"excerpt":{"rendered":"<p>[vc_section css=&#8221;.vc_custom_1706702947363{margin-top: 80px !important;margin-bottom: 80px !important;}&#8221;][vc_row css=&#8221;.vc_custom_1706702955611{margin-bottom: 50px !important;}&#8221;][vc_column][vc_custom_heading text=&#8221;NICOLA AND NICOLE&#8221; font_container=&#8221;tag:h2|font_size:28px|text_align:center&#8221; use_theme_fonts=&#8221;yes&#8221;][vc_custom_heading text=&#8221;Torre Normanna, Amalfi Coast&#8221; font_container=&#8221;tag:h2|font_size:22px|text_align:center&#8221; use_theme_fonts=&#8221;yes&#8221;][\/vc_column][\/vc_row][vc_row][vc_column][vc_video link=&#8221;https:\/\/vimeo.com\/889098462&#8243; css=&#8221;.vc_custom_1706702962151{margin-bottom: 50px !important;}&#8221;][vc_column_text]Il magico matrimonio di Nicola e Nicole ha trasformato l&#8217;incantevole Costiera Amalfitana in uno scenario da favola. Originario degli Stati Uniti, Nicola, con radici italiane, ha scelto di unire il suo destino&hellip; <a class=\"more-link\" href=\"https:\/\/weddingvideographeramalficoast.com\/it\/wedding-torre-normanna\/\">Continue reading <span class=\"screen-reader-text\">Wedding Torre Normanna<\/span><\/a><\/p>\n","protected":false},"author":1,"featured_media":3975,"parent":0,"menu_order":0,"comment_status":"closed","ping_status":"closed","template":"","meta":{"_acf_changed":false,"footnotes":""},"acf":[],"yoast_head":"<!-- This site is optimized with the Yoast SEO plugin v20.5 - https:\/\/yoast.com\/wordpress\/plugins\/seo\/ -->\n<title>Matrimonio Torre Normanna - Videografo matrimonio<\/title>\n<meta name=\"description\" content=\"Matrimonio Torre Normanna - Videografo matrimonio: Cattura i momenti pi\u00f9 preziosi del tuo matrimonio con maestria e passione.\" \/>\n<meta name=\"robots\" content=\"index, follow, max-snippet:-1, max-image-preview:large, max-video-preview:-1\" \/>\n<link rel=\"canonical\" href=\"https:\/\/weddingvideographeramalficoast.com\/it\/wedding-torre-normanna\/\" \/>\n<meta property=\"og:locale\" content=\"it_IT\" \/>\n<meta property=\"og:type\" content=\"article\" \/>\n<meta property=\"og:title\" content=\"Matrimonio Torre Normanna - Videografo matrimonio\" \/>\n<meta property=\"og:description\" content=\"Matrimonio Torre Normanna - Videografo matrimonio: Cattura i momenti pi\u00f9 preziosi del tuo matrimonio con maestria e passione.\" \/>\n<meta property=\"og:url\" content=\"https:\/\/weddingvideographeramalficoast.com\/it\/wedding-torre-normanna\/\" \/>\n<meta property=\"og:site_name\" content=\"Echo of Journey\" \/>\n<meta property=\"article:modified_time\" content=\"2024-02-08T10:04:50+00:00\" \/>\n<meta property=\"og:image\" content=\"https:\/\/weddingvideographeramalficoast.com\/wp-content\/uploads\/2024\/02\/Untitled425.png\" \/>\n\t<meta property=\"og:image:width\" content=\"1073\" \/>\n\t<meta property=\"og:image:height\" content=\"587\" \/>\n\t<meta property=\"og:image:type\" content=\"image\/png\" \/>\n<meta name=\"twitter:card\" content=\"summary_large_image\" \/>\n<meta name=\"twitter:title\" content=\"Matrimonio Torre Normanna - Videografo matrimonio\" \/>\n<meta name=\"twitter:description\" content=\"Matrimonio Torre Normanna - Videografo matrimonio: Cattura i momenti pi\u00f9 preziosi del tuo matrimonio con maestria e passione.\" \/>\n<meta name=\"twitter:label1\" content=\"Tempo di lettura stimato\" \/>\n\t<meta name=\"twitter:data1\" content=\"3 minuti\" \/>\n<script type=\"application\/ld+json\" class=\"yoast-schema-graph\">{\"@context\":\"https:\/\/schema.org\",\"@graph\":[{\"@type\":\"WebPage\",\"@id\":\"https:\/\/weddingvideographeramalficoast.com\/it\/wedding-torre-normanna\/\",\"url\":\"https:\/\/weddingvideographeramalficoast.com\/it\/wedding-torre-normanna\/\",\"name\":\"Matrimonio Torre Normanna - Videografo matrimonio\",\"isPartOf\":{\"@id\":\"https:\/\/weddingvideographeramalficoast.com\/#website\"},\"datePublished\":\"2024-01-31T12:10:01+00:00\",\"dateModified\":\"2024-02-08T10:04:50+00:00\",\"description\":\"Matrimonio Torre Normanna - Videografo matrimonio: Cattura i momenti pi\u00f9 preziosi del tuo matrimonio con maestria e passione.\",\"breadcrumb\":{\"@id\":\"https:\/\/weddingvideographeramalficoast.com\/it\/wedding-torre-normanna\/#breadcrumb\"},\"inLanguage\":\"it-IT\",\"potentialAction\":[{\"@type\":\"ReadAction\",\"target\":[\"https:\/\/weddingvideographeramalficoast.com\/it\/wedding-torre-normanna\/\"]}]},{\"@type\":\"BreadcrumbList\",\"@id\":\"https:\/\/weddingvideographeramalficoast.com\/it\/wedding-torre-normanna\/#breadcrumb\",\"itemListElement\":[{\"@type\":\"ListItem\",\"position\":1,\"name\":\"Home\",\"item\":\"https:\/\/weddingvideographeramalficoast.com\/it\/\"},{\"@type\":\"ListItem\",\"position\":2,\"name\":\"Wedding Torre Normanna\"}]},{\"@type\":\"WebSite\",\"@id\":\"https:\/\/weddingvideographeramalficoast.com\/#website\",\"url\":\"https:\/\/weddingvideographeramalficoast.com\/\",\"name\":\"Echo of Journey\",\"description\":\"wedding films\",\"publisher\":{\"@id\":\"https:\/\/weddingvideographeramalficoast.com\/#organization\"},\"potentialAction\":[{\"@type\":\"SearchAction\",\"target\":{\"@type\":\"EntryPoint\",\"urlTemplate\":\"https:\/\/weddingvideographeramalficoast.com\/?s={search_term_string}\"},\"query-input\":\"required name=search_term_string\"}],\"inLanguage\":\"it-IT\"},{\"@type\":\"Organization\",\"@id\":\"https:\/\/weddingvideographeramalficoast.com\/#organization\",\"name\":\"Echo of Journey\",\"url\":\"https:\/\/weddingvideographeramalficoast.com\/\",\"logo\":{\"@type\":\"ImageObject\",\"inLanguage\":\"it-IT\",\"@id\":\"https:\/\/weddingvideographeramalficoast.com\/#\/schema\/logo\/image\/\",\"url\":\"https:\/\/weddingvideographeramalficoast.com\/wp-content\/uploads\/2024\/11\/cropped-3-2.png\",\"contentUrl\":\"https:\/\/weddingvideographeramalficoast.com\/wp-content\/uploads\/2024\/11\/cropped-3-2.png\",\"width\":200,\"height\":111,\"caption\":\"Echo of Journey\"},\"image\":{\"@id\":\"https:\/\/weddingvideographeramalficoast.com\/#\/schema\/logo\/image\/\"}}]}<\/script>\n<!-- \/ Yoast SEO plugin. -->","yoast_head_json":{"title":"Matrimonio Torre Normanna - Videografo matrimonio","description":"Matrimonio Torre Normanna - Videografo matrimonio: Cattura i momenti pi\u00f9 preziosi del tuo matrimonio con maestria e passione.","robots":{"index":"index","follow":"follow","max-snippet":"max-snippet:-1","max-image-preview":"max-image-preview:large","max-video-preview":"max-video-preview:-1"},"canonical":"https:\/\/weddingvideographeramalficoast.com\/it\/wedding-torre-normanna\/","og_locale":"it_IT","og_type":"article","og_title":"Matrimonio Torre Normanna - Videografo matrimonio","og_description":"Matrimonio Torre Normanna - Videografo matrimonio: Cattura i momenti pi\u00f9 preziosi del tuo matrimonio con maestria e passione.","og_url":"https:\/\/weddingvideographeramalficoast.com\/it\/wedding-torre-normanna\/","og_site_name":"Echo of Journey","article_modified_time":"2024-02-08T10:04:50+00:00","og_image":[{"width":1073,"height":587,"url":"https:\/\/weddingvideographeramalficoast.com\/wp-content\/uploads\/2024\/02\/Untitled425.png","type":"image\/png"}],"twitter_card":"summary_large_image","twitter_title":"Matrimonio Torre Normanna - Videografo matrimonio","twitter_description":"Matrimonio Torre Normanna - Videografo matrimonio: Cattura i momenti pi\u00f9 preziosi del tuo matrimonio con maestria e passione.","twitter_misc":{"Tempo di lettura stimato":"3 minuti"},"schema":{"@context":"https:\/\/schema.org","@graph":[{"@type":"WebPage","@id":"https:\/\/weddingvideographeramalficoast.com\/it\/wedding-torre-normanna\/","url":"https:\/\/weddingvideographeramalficoast.com\/it\/wedding-torre-normanna\/","name":"Matrimonio Torre Normanna - Videografo matrimonio","isPartOf":{"@id":"https:\/\/weddingvideographeramalficoast.com\/#website"},"datePublished":"2024-01-31T12:10:01+00:00","dateModified":"2024-02-08T10:04:50+00:00","description":"Matrimonio Torre Normanna - Videografo matrimonio: Cattura i momenti pi\u00f9 preziosi del tuo matrimonio con maestria e passione.","breadcrumb":{"@id":"https:\/\/weddingvideographeramalficoast.com\/it\/wedding-torre-normanna\/#breadcrumb"},"inLanguage":"it-IT","potentialAction":[{"@type":"ReadAction","target":["https:\/\/weddingvideographeramalficoast.com\/it\/wedding-torre-normanna\/"]}]},{"@type":"BreadcrumbList","@id":"https:\/\/weddingvideographeramalficoast.com\/it\/wedding-torre-normanna\/#breadcrumb","itemListElement":[{"@type":"ListItem","position":1,"name":"Home","item":"https:\/\/weddingvideographeramalficoast.com\/it\/"},{"@type":"ListItem","position":2,"name":"Wedding Torre Normanna"}]},{"@type":"WebSite","@id":"https:\/\/weddingvideographeramalficoast.com\/#website","url":"https:\/\/weddingvideographeramalficoast.com\/","name":"Echo of Journey","description":"wedding films","publisher":{"@id":"https:\/\/weddingvideographeramalficoast.com\/#organization"},"potentialAction":[{"@type":"SearchAction","target":{"@type":"EntryPoint","urlTemplate":"https:\/\/weddingvideographeramalficoast.com\/?s={search_term_string}"},"query-input":"required name=search_term_string"}],"inLanguage":"it-IT"},{"@type":"Organization","@id":"https:\/\/weddingvideographeramalficoast.com\/#organization","name":"Echo of Journey","url":"https:\/\/weddingvideographeramalficoast.com\/","logo":{"@type":"ImageObject","inLanguage":"it-IT","@id":"https:\/\/weddingvideographeramalficoast.com\/#\/schema\/logo\/image\/","url":"https:\/\/weddingvideographeramalficoast.com\/wp-content\/uploads\/2024\/11\/cropped-3-2.png","contentUrl":"https:\/\/weddingvideographeramalficoast.com\/wp-content\/uploads\/2024\/11\/cropped-3-2.png","width":200,"height":111,"caption":"Echo of Journey"},"image":{"@id":"https:\/\/weddingvideographeramalficoast.com\/#\/schema\/logo\/image\/"}}]}},"_links":{"self":[{"href":"https:\/\/weddingvideographeramalficoast.com\/it\/wp-json\/wp\/v2\/pages\/3477"}],"collection":[{"href":"https:\/\/weddingvideographeramalficoast.com\/it\/wp-json\/wp\/v2\/pages"}],"about":[{"href":"https:\/\/weddingvideographeramalficoast.com\/it\/wp-json\/wp\/v2\/types\/page"}],"author":[{"embeddable":true,"href":"https:\/\/weddingvideographeramalficoast.com\/it\/wp-json\/wp\/v2\/users\/1"}],"replies":[{"embeddable":true,"href":"https:\/\/weddingvideographeramalficoast.com\/it\/wp-json\/wp\/v2\/comments?post=3477"}],"version-history":[{"count":4,"href":"https:\/\/weddingvideographeramalficoast.com\/it\/wp-json\/wp\/v2\/pages\/3477\/revisions"}],"predecessor-version":[{"id":3978,"href":"https:\/\/weddingvideographeramalficoast.com\/it\/wp-json\/wp\/v2\/pages\/3477\/revisions\/3978"}],"wp:featuredmedia":[{"embeddable":true,"href":"https:\/\/weddingvideographeramalficoast.com\/it\/wp-json\/wp\/v2\/media\/3975"}],"wp:attachment":[{"href":"https:\/\/weddingvideographeramalficoast.com\/it\/wp-json\/wp\/v2\/media?parent=3477"}],"curies":[{"name":"wp","href":"https:\/\/api.w.org\/{rel}","templated":true}]}}