{"id":3464,"date":"2024-01-31T11:56:42","date_gmt":"2024-01-31T11:56:42","guid":{"rendered":"https:\/\/weddingvideographeramalficoast.com\/?page_id=3464"},"modified":"2024-09-19T06:47:59","modified_gmt":"2024-09-19T06:47:59","slug":"elopement-in-ravello","status":"publish","type":"page","link":"https:\/\/weddingvideographeramalficoast.com\/it\/elopement-in-ravello\/","title":{"rendered":"Elopement In Ravello"},"content":{"rendered":"<section class=\"wpb-content-wrapper\"><p>[vc_section css=&#8221;.vc_custom_1706702136888{margin-top: 80px !important;margin-bottom: 80px !important;}&#8221;][vc_row css=&#8221;.vc_custom_1706702143811{margin-bottom: 50px !important;}&#8221;][vc_column][vc_custom_heading text=&#8221;ETERNAL LOVE&#8221; font_container=&#8221;tag:h2|font_size:28px|text_align:center&#8221; use_theme_fonts=&#8221;yes&#8221;][vc_custom_heading text=&#8221;Villa Eva, Ravello&#8221; font_container=&#8221;tag:h1|font_size:22px|text_align:center&#8221; use_theme_fonts=&#8221;yes&#8221; css=&#8221;.vc_custom_1726728470883{margin-top: -10px !important;}&#8221;][vc_raw_html]JTNDZGl2JTIwc3R5bGUlM0QlMjJwYWRkaW5nJTNBJTIwNTYuMjUlMjUlMjAwJTIwMCUyMDAlM0IlMjBwb3NpdGlvbiUzQSUyMHJlbGF0aXZlJTNCJTIyJTNFJTNDaWZyYW1lJTIwc3R5bGUlM0QlMjJwb3NpdGlvbiUzQSUyMGFic29sdXRlJTNCJTIwdG9wJTNBJTIwMCUzQiUyMGxlZnQlM0ElMjAwJTNCJTIwd2lkdGglM0ElMjAxMDAlMjUlM0IlMjBoZWlnaHQlM0ElMjAxMDAlMjUlM0IlMjIlMjBzcmMlM0QlMjJodHRwcyUzQSUyRiUyRnBsYXllci52aW1lby5jb20lMkZ2aWRlbyUyRjkzNDcyNjIxOCUzRmglM0Q4NzBkMjVhMDVjJTI2YW1wJTNCdGl0bGUlM0QwJTI2YW1wJTNCYnlsaW5lJTNEMCUyNmFtcCUzQnBvcnRyYWl0JTNEMCUyMiUyMGZyYW1lYm9yZGVyJTNEJTIyMCUyMiUyMGFsbG93ZnVsbHNjcmVlbiUzRCUyMmFsbG93ZnVsbHNjcmVlbiUyMiUzRSUzQyUyRmlmcmFtZSUzRSUzQyUyRmRpdiUzRSUwQQ==[\/vc_raw_html][\/vc_column][\/vc_row][vc_row][vc_column][vc_custom_heading text=&#8221;Dall&#8217;incontro casuale all&#8217;amore eterno: la fuga d&#8217;amore da sogno a Ravello di Sarah e Joseph.&#8221; font_container=&#8221;tag:h2|font_size:22px|text_align:left&#8221; use_theme_fonts=&#8221;yes&#8221; css=&#8221;.vc_custom_1706702238393{margin-top: -10px !important;}&#8221;][vc_column_text]Sarah e Joe hanno deciso di sposarsi in Costiera Amalfitana, guidati dall&#8217;amore nelle loro scelte. La loro cerimonia italiana da sogno \u00e8 stata un evento intimo, a cui hanno partecipato solo genitori e fratelli, ambientato nella pittoresca cornice di Fuga d&#8217;amore a Ravello &#8211; Videografo di matrimoni, in Italia. La loro storia d&#8217;amore \u00e8 una testimonianza della convinzione che l&#8217;amore vince su tutto e non vedevano l&#8217;ora di condividere il loro giorno speciale con tutti.<\/p>\n<p>Le storie d&#8217;amore hanno un modo magico di svolgersi, spesso quando meno ce lo aspettiamo. Nel caso di Sarah e Joe, il destino ha giocato il suo ruolo nel tessere una bellissima storia di amore, avventura e impegno. Oggi siamo entusiasti di condividere il loro straordinario viaggio, dal loro incontro casuale ad Austin, in Texas, all\u2019esaltante impegno a Ravello, in Italia.<\/p>\n<p>La storia d&#8217;amore di Sarah e Joe \u00e8 la prova che l&#8217;amore non conosce confini e che il destino spesso ha i suoi piani.<\/p>\n<p>Il grande giorno del matrimonio di Sarah e Joe era finalmente arrivato, pieno di aspettative e speranze. Tuttavia, il tempo aveva in serbo per loro altri piani. Gli elementi non erano dalla loro parte, con un cielo grigio e piovoso che incombeva su <a href=\"https:\/\/en.wikipedia.org\/wiki\/Ravello\">Ravello<\/a>, in Italia. Sebbene molte coppie si siano sentite sconfitte da questa inaspettata sfida meteorologica, Sarah e Joe hanno dimostrato che il loro amore era pi\u00f9 forte delle nuvole temporalesche.<\/p>\n<p>Nonostante il tempo sfavorevole, la coppia ha affrontato la situazione con il sorriso sui volti e il cuore gioioso. Hanno dimostrato una straordinaria resilienza e un amore che nulla poteva fermare. I loro volti illuminati di felicit\u00e0 mentre si scambiavano le promesse sotto la pioggia diventeranno un ricordo indelebile nella loro storia d&#8217;amore.<\/p>\n<p>Dopo la commossa cerimonia a <a href=\"https:\/\/weddingvideographeramalficoast.com\/it\/elopement-in-ravello\/\">Ravello<\/a>, Sarah e Joe, insieme al loro intimo gruppo di persone care, hanno continuato la loro celebrazione nell&#8217;incantevole Villa Eva. Questa villa storica, immersa in rigogliosi giardini e affacciata sulla splendida Costiera Amalfitana, ha fornito lo sfondo perfetto per il loro ricevimento. L&#8217;atmosfera era romantica ed elegante mentre cenavano con deliziosa cucina italiana e ballavano tutta la notte sotto il cielo stellato. La bellezza e il fascino senza tempo di Villa Eva hanno aggiunto un ulteriore livello di incanto alla gi\u00e0 magica storia d&#8217;amore di Sarah e Joe, rendendo la loro fuga d&#8217;amore un&#8217;esperienza indimenticabile per tutti coloro che hanno avuto la fortuna di farne parte.<\/p>\n<p>Ogni goccia di pioggia \u00e8 diventata parte di una tela che racconta la storia di un amore che non conosce ostacoli. Il temporale ha aggiunto una dimensione inaspettata e romantica al loro Fuga d&#8217;amore a Ravello &#8211; Videografo di matrimoni, creando un\u2019atmosfera unica e indimenticabile.<\/p>\n<p>Sarah e Joe hanno dimostrato che il vero significato del matrimonio non risiede in circostanze perfette, ma nell\u2019amore, nell\u2019impegno e nella capacit\u00e0 di affrontare insieme le sfide. Il loro giorno speciale rimarr\u00e0 impresso nei cuori e nelle menti di tutti coloro che hanno avuto la fortuna di esserci.<\/p>\n<p>Sarah e Joe hanno dimostrato che quando l&#8217;amore \u00e8 vero, anche il tempo pi\u00f9 grigio pu\u00f2 essere rallegrato dalla loro gioia contagiosa.<\/p>\n<p>E se anche voi state cercando la location perfetta per un matrimonio da sogno in Costiera Amalfitana, Ravello \u00e8 senza dubbio una scelta magica da considerare.[\/vc_column_text][\/vc_column][\/vc_row][\/vc_section]<\/p>\n<\/section>","protected":false},"excerpt":{"rendered":"<p>[vc_section css=&#8221;.vc_custom_1706702136888{margin-top: 80px !important;margin-bottom: 80px !important;}&#8221;][vc_row css=&#8221;.vc_custom_1706702143811{margin-bottom: 50px !important;}&#8221;][vc_column][vc_custom_heading text=&#8221;ETERNAL LOVE&#8221; font_container=&#8221;tag:h2|font_size:28px|text_align:center&#8221; use_theme_fonts=&#8221;yes&#8221;][vc_custom_heading text=&#8221;Villa Eva, Ravello&#8221; font_container=&#8221;tag:h1|font_size:22px|text_align:center&#8221; use_theme_fonts=&#8221;yes&#8221; css=&#8221;.vc_custom_1726728470883{margin-top: -10px !important;}&#8221;][vc_raw_html]JTNDZGl2JTIwc3R5bGUlM0QlMjJwYWRkaW5nJTNBJTIwNTYuMjUlMjUlMjAwJTIwMCUyMDAlM0IlMjBwb3NpdGlvbiUzQSUyMHJlbGF0aXZlJTNCJTIyJTNFJTNDaWZyYW1lJTIwc3R5bGUlM0QlMjJwb3NpdGlvbiUzQSUyMGFic29sdXRlJTNCJTIwdG9wJTNBJTIwMCUzQiUyMGxlZnQlM0ElMjAwJTNCJTIwd2lkdGglM0ElMjAxMDAlMjUlM0IlMjBoZWlnaHQlM0ElMjAxMDAlMjUlM0IlMjIlMjBzcmMlM0QlMjJodHRwcyUzQSUyRiUyRnBsYXllci52aW1lby5jb20lMkZ2aWRlbyUyRjkzNDcyNjIxOCUzRmglM0Q4NzBkMjVhMDVjJTI2YW1wJTNCdGl0bGUlM0QwJTI2YW1wJTNCYnlsaW5lJTNEMCUyNmFtcCUzQnBvcnRyYWl0JTNEMCUyMiUyMGZyYW1lYm9yZGVyJTNEJTIyMCUyMiUyMGFsbG93ZnVsbHNjcmVlbiUzRCUyMmFsbG93ZnVsbHNjcmVlbiUyMiUzRSUzQyUyRmlmcmFtZSUzRSUzQyUyRmRpdiUzRSUwQQ==[\/vc_raw_html][\/vc_column][\/vc_row][vc_row][vc_column][vc_custom_heading text=&#8221;Dall&#8217;incontro casuale all&#8217;amore eterno: la fuga d&#8217;amore da sogno a Ravello di Sarah e Joseph.&#8221; font_container=&#8221;tag:h2|font_size:22px|text_align:left&#8221; use_theme_fonts=&#8221;yes&#8221; css=&#8221;.vc_custom_1706702238393{margin-top: -10px !important;}&#8221;][vc_column_text]Sarah e Joe hanno deciso di sposarsi in Costiera Amalfitana, guidati dall&#8217;amore nelle loro scelte.&hellip; <a class=\"more-link\" href=\"https:\/\/weddingvideographeramalficoast.com\/it\/elopement-in-ravello\/\">Continue reading <span class=\"screen-reader-text\">Elopement In Ravello<\/span><\/a><\/p>\n","protected":false},"author":1,"featured_media":4735,"parent":0,"menu_order":0,"comment_status":"closed","ping_status":"closed","template":"","meta":{"_acf_changed":false,"footnotes":""},"acf":[],"yoast_head":"<!-- This site is optimized with the Yoast SEO plugin v20.5 - https:\/\/yoast.com\/wordpress\/plugins\/seo\/ -->\n<title>Fuga d&#039;amore a Ravello - Videografo di matrimoni<\/title>\n<meta name=\"description\" content=\"Cattura ogni emozione della tua fuga d&#039;amore a Ravello con un maestro videografo. Rivivi la magia del tuo giorno speciale per sempre.\" \/>\n<meta name=\"robots\" content=\"index, follow, max-snippet:-1, max-image-preview:large, max-video-preview:-1\" \/>\n<link rel=\"canonical\" href=\"https:\/\/weddingvideographeramalficoast.com\/it\/elopement-in-ravello\/\" \/>\n<meta property=\"og:locale\" content=\"it_IT\" \/>\n<meta property=\"og:type\" content=\"article\" \/>\n<meta property=\"og:title\" content=\"Fuga d&#039;amore a Ravello - Videografo di matrimoni\" \/>\n<meta property=\"og:description\" content=\"Cattura ogni emozione della tua fuga d&#039;amore a Ravello con un maestro videografo. Rivivi la magia del tuo giorno speciale per sempre.\" \/>\n<meta property=\"og:url\" content=\"https:\/\/weddingvideographeramalficoast.com\/it\/elopement-in-ravello\/\" \/>\n<meta property=\"og:site_name\" content=\"Echo of Journey\" \/>\n<meta property=\"article:modified_time\" content=\"2024-09-19T06:47:59+00:00\" \/>\n<meta property=\"og:image\" content=\"https:\/\/weddingvideographeramalficoast.com\/wp-content\/uploads\/2024\/04\/ravello-wedding-destination.jpg\" \/>\n\t<meta property=\"og:image:width\" content=\"1862\" \/>\n\t<meta property=\"og:image:height\" content=\"1047\" \/>\n\t<meta property=\"og:image:type\" content=\"image\/jpeg\" \/>\n<meta name=\"twitter:card\" content=\"summary_large_image\" \/>\n<meta name=\"twitter:title\" content=\"Fuga d&#039;amore a Ravello - Videografo di matrimoni\" \/>\n<meta name=\"twitter:description\" content=\"Cattura ogni emozione della tua fuga d&#039;amore a Ravello con un maestro videografo. Rivivi la magia del tuo giorno speciale per sempre.\" \/>\n<meta name=\"twitter:label1\" content=\"Tempo di lettura stimato\" \/>\n\t<meta name=\"twitter:data1\" content=\"3 minuti\" \/>\n<script type=\"application\/ld+json\" class=\"yoast-schema-graph\">{\"@context\":\"https:\/\/schema.org\",\"@graph\":[{\"@type\":\"WebPage\",\"@id\":\"https:\/\/weddingvideographeramalficoast.com\/it\/elopement-in-ravello\/\",\"url\":\"https:\/\/weddingvideographeramalficoast.com\/it\/elopement-in-ravello\/\",\"name\":\"Fuga d'amore a Ravello - Videografo di matrimoni\",\"isPartOf\":{\"@id\":\"https:\/\/weddingvideographeramalficoast.com\/#website\"},\"datePublished\":\"2024-01-31T11:56:42+00:00\",\"dateModified\":\"2024-09-19T06:47:59+00:00\",\"description\":\"Cattura ogni emozione della tua fuga d'amore a Ravello con un maestro videografo. Rivivi la magia del tuo giorno speciale per sempre.\",\"breadcrumb\":{\"@id\":\"https:\/\/weddingvideographeramalficoast.com\/it\/elopement-in-ravello\/#breadcrumb\"},\"inLanguage\":\"it-IT\",\"potentialAction\":[{\"@type\":\"ReadAction\",\"target\":[\"https:\/\/weddingvideographeramalficoast.com\/it\/elopement-in-ravello\/\"]}]},{\"@type\":\"BreadcrumbList\",\"@id\":\"https:\/\/weddingvideographeramalficoast.com\/it\/elopement-in-ravello\/#breadcrumb\",\"itemListElement\":[{\"@type\":\"ListItem\",\"position\":1,\"name\":\"Home\",\"item\":\"https:\/\/weddingvideographeramalficoast.com\/it\/\"},{\"@type\":\"ListItem\",\"position\":2,\"name\":\"Elopement In Ravello\"}]},{\"@type\":\"WebSite\",\"@id\":\"https:\/\/weddingvideographeramalficoast.com\/#website\",\"url\":\"https:\/\/weddingvideographeramalficoast.com\/\",\"name\":\"Echo of Journey\",\"description\":\"wedding films\",\"publisher\":{\"@id\":\"https:\/\/weddingvideographeramalficoast.com\/#organization\"},\"potentialAction\":[{\"@type\":\"SearchAction\",\"target\":{\"@type\":\"EntryPoint\",\"urlTemplate\":\"https:\/\/weddingvideographeramalficoast.com\/?s={search_term_string}\"},\"query-input\":\"required name=search_term_string\"}],\"inLanguage\":\"it-IT\"},{\"@type\":\"Organization\",\"@id\":\"https:\/\/weddingvideographeramalficoast.com\/#organization\",\"name\":\"Echo of Journey\",\"url\":\"https:\/\/weddingvideographeramalficoast.com\/\",\"logo\":{\"@type\":\"ImageObject\",\"inLanguage\":\"it-IT\",\"@id\":\"https:\/\/weddingvideographeramalficoast.com\/#\/schema\/logo\/image\/\",\"url\":\"https:\/\/weddingvideographeramalficoast.com\/wp-content\/uploads\/2024\/11\/cropped-3-2.png\",\"contentUrl\":\"https:\/\/weddingvideographeramalficoast.com\/wp-content\/uploads\/2024\/11\/cropped-3-2.png\",\"width\":200,\"height\":111,\"caption\":\"Echo of Journey\"},\"image\":{\"@id\":\"https:\/\/weddingvideographeramalficoast.com\/#\/schema\/logo\/image\/\"}}]}<\/script>\n<!-- \/ Yoast SEO plugin. -->","yoast_head_json":{"title":"Fuga d'amore a Ravello - Videografo di matrimoni","description":"Cattura ogni emozione della tua fuga d'amore a Ravello con un maestro videografo. Rivivi la magia del tuo giorno speciale per sempre.","robots":{"index":"index","follow":"follow","max-snippet":"max-snippet:-1","max-image-preview":"max-image-preview:large","max-video-preview":"max-video-preview:-1"},"canonical":"https:\/\/weddingvideographeramalficoast.com\/it\/elopement-in-ravello\/","og_locale":"it_IT","og_type":"article","og_title":"Fuga d'amore a Ravello - Videografo di matrimoni","og_description":"Cattura ogni emozione della tua fuga d'amore a Ravello con un maestro videografo. Rivivi la magia del tuo giorno speciale per sempre.","og_url":"https:\/\/weddingvideographeramalficoast.com\/it\/elopement-in-ravello\/","og_site_name":"Echo of Journey","article_modified_time":"2024-09-19T06:47:59+00:00","og_image":[{"width":1862,"height":1047,"url":"https:\/\/weddingvideographeramalficoast.com\/wp-content\/uploads\/2024\/04\/ravello-wedding-destination.jpg","type":"image\/jpeg"}],"twitter_card":"summary_large_image","twitter_title":"Fuga d'amore a Ravello - Videografo di matrimoni","twitter_description":"Cattura ogni emozione della tua fuga d'amore a Ravello con un maestro videografo. Rivivi la magia del tuo giorno speciale per sempre.","twitter_misc":{"Tempo di lettura stimato":"3 minuti"},"schema":{"@context":"https:\/\/schema.org","@graph":[{"@type":"WebPage","@id":"https:\/\/weddingvideographeramalficoast.com\/it\/elopement-in-ravello\/","url":"https:\/\/weddingvideographeramalficoast.com\/it\/elopement-in-ravello\/","name":"Fuga d'amore a Ravello - Videografo di matrimoni","isPartOf":{"@id":"https:\/\/weddingvideographeramalficoast.com\/#website"},"datePublished":"2024-01-31T11:56:42+00:00","dateModified":"2024-09-19T06:47:59+00:00","description":"Cattura ogni emozione della tua fuga d'amore a Ravello con un maestro videografo. Rivivi la magia del tuo giorno speciale per sempre.","breadcrumb":{"@id":"https:\/\/weddingvideographeramalficoast.com\/it\/elopement-in-ravello\/#breadcrumb"},"inLanguage":"it-IT","potentialAction":[{"@type":"ReadAction","target":["https:\/\/weddingvideographeramalficoast.com\/it\/elopement-in-ravello\/"]}]},{"@type":"BreadcrumbList","@id":"https:\/\/weddingvideographeramalficoast.com\/it\/elopement-in-ravello\/#breadcrumb","itemListElement":[{"@type":"ListItem","position":1,"name":"Home","item":"https:\/\/weddingvideographeramalficoast.com\/it\/"},{"@type":"ListItem","position":2,"name":"Elopement In Ravello"}]},{"@type":"WebSite","@id":"https:\/\/weddingvideographeramalficoast.com\/#website","url":"https:\/\/weddingvideographeramalficoast.com\/","name":"Echo of Journey","description":"wedding films","publisher":{"@id":"https:\/\/weddingvideographeramalficoast.com\/#organization"},"potentialAction":[{"@type":"SearchAction","target":{"@type":"EntryPoint","urlTemplate":"https:\/\/weddingvideographeramalficoast.com\/?s={search_term_string}"},"query-input":"required name=search_term_string"}],"inLanguage":"it-IT"},{"@type":"Organization","@id":"https:\/\/weddingvideographeramalficoast.com\/#organization","name":"Echo of Journey","url":"https:\/\/weddingvideographeramalficoast.com\/","logo":{"@type":"ImageObject","inLanguage":"it-IT","@id":"https:\/\/weddingvideographeramalficoast.com\/#\/schema\/logo\/image\/","url":"https:\/\/weddingvideographeramalficoast.com\/wp-content\/uploads\/2024\/11\/cropped-3-2.png","contentUrl":"https:\/\/weddingvideographeramalficoast.com\/wp-content\/uploads\/2024\/11\/cropped-3-2.png","width":200,"height":111,"caption":"Echo of Journey"},"image":{"@id":"https:\/\/weddingvideographeramalficoast.com\/#\/schema\/logo\/image\/"}}]}},"_links":{"self":[{"href":"https:\/\/weddingvideographeramalficoast.com\/it\/wp-json\/wp\/v2\/pages\/3464"}],"collection":[{"href":"https:\/\/weddingvideographeramalficoast.com\/it\/wp-json\/wp\/v2\/pages"}],"about":[{"href":"https:\/\/weddingvideographeramalficoast.com\/it\/wp-json\/wp\/v2\/types\/page"}],"author":[{"embeddable":true,"href":"https:\/\/weddingvideographeramalficoast.com\/it\/wp-json\/wp\/v2\/users\/1"}],"replies":[{"embeddable":true,"href":"https:\/\/weddingvideographeramalficoast.com\/it\/wp-json\/wp\/v2\/comments?post=3464"}],"version-history":[{"count":7,"href":"https:\/\/weddingvideographeramalficoast.com\/it\/wp-json\/wp\/v2\/pages\/3464\/revisions"}],"predecessor-version":[{"id":5705,"href":"https:\/\/weddingvideographeramalficoast.com\/it\/wp-json\/wp\/v2\/pages\/3464\/revisions\/5705"}],"wp:featuredmedia":[{"embeddable":true,"href":"https:\/\/weddingvideographeramalficoast.com\/it\/wp-json\/wp\/v2\/media\/4735"}],"wp:attachment":[{"href":"https:\/\/weddingvideographeramalficoast.com\/it\/wp-json\/wp\/v2\/media?parent=3464"}],"curies":[{"name":"wp","href":"https:\/\/api.w.org\/{rel}","templated":true}]}}