{"id":3454,"date":"2024-01-31T11:30:49","date_gmt":"2024-01-31T11:30:49","guid":{"rendered":"https:\/\/weddingvideographeramalficoast.com\/?page_id=3454"},"modified":"2024-09-19T07:35:29","modified_gmt":"2024-09-19T07:35:29","slug":"destination-wedding-villa-eva-2","status":"publish","type":"page","link":"https:\/\/weddingvideographeramalficoast.com\/it\/destination-wedding-villa-eva-2\/","title":{"rendered":"SCOTT AND TIFFANY"},"content":{"rendered":"<section class=\"wpb-content-wrapper\"><p>[vc_section css=&#8221;.vc_custom_1706700995451{margin-top: 80px !important;margin-bottom: 80px !important;}&#8221;][vc_row css=&#8221;.vc_custom_1706701003961{margin-bottom: 50px !important;}&#8221;][vc_column][vc_custom_heading text=&#8221;SCOTT AND TIFFANY&#8221; font_container=&#8221;tag:h2|font_size:28px|text_align:center&#8221; use_theme_fonts=&#8221;yes&#8221;][vc_custom_heading text=&#8221;Villa Eva, Ravello.&#8221; font_container=&#8221;tag:h1|font_size:22px|text_align:center&#8221; use_theme_fonts=&#8221;yes&#8221; css=&#8221;.vc_custom_1726731326870{margin-top: -10px !important;}&#8221;][\/vc_column][\/vc_row][vc_row][vc_column][vc_video link=&#8221;https:\/\/vimeo.com\/783662382&#8243; css=&#8221;.vc_custom_1706701015846{margin-bottom: 50px !important;}&#8221;][vc_column_text]Del loro matrimonio di destinazione, Tiffany e Scott ci raccontano:<\/p>\n<p>\u201cLa nostra storia d\u2019amore \u00e8 iniziata nel 2014, quando due amici provenienti da 3000 miglia di distanza hanno pensato che avrebbero dovuto essere qualcosa di pi\u00f9. I viaggi del fine settimana e i saluti all\u2019aeroporto sono diventati la norma per noi, e le parti migliori della nostra vita da giovani adulti sembravano moltiplicarsi per due. Invece che in una sola citt\u00e0, ci siamo sentiti a casa sia a Toronto che a Los Angeles. Invece di una festa del Ringraziamento, ne abbiamo celebrate due. Invece di un gruppo di amici, eravamo circondati da due fantastici circoli sociali.<\/p>\n<p>Il nostro Destinazione matrimonio Villa Eva \u00e8 stato cos\u00ec speciale per noi perch\u00e9 ha unito le nostre vite in un unico grande e amorevole anello di famiglia e amici. E non c&#8217;era cornice migliore della citt\u00e0 di Ravello. Durante i giorni del nostro <a href=\"https:\/\/weddingvideographeramalficoast.com\/it\/destination-wedding-villa-eva-2\/\">matrimonio<\/a>, amici e parenti si incontravano spontaneamente in citt\u00e0, unendosi tra loro per un pranzo o un bicchiere di vino. Guardare i nostri amici pi\u00f9 cari formare le loro nuove amicizie \u00e8 stato il migliore. Guardare le nostre famiglie ridere insieme mentre preparavamo un piatto di cibo a qualcuno era speciale. C&#8217;\u00e8 qualcosa in Italia in una cena condivisa a base di pizza e vino attorno a un lungo tavolo che ti fa sentire davvero come una grande famiglia&#8230;<\/p>\n<p><a href=\"http:\/\/www.villa-eva.it\/\">Villa Eva<\/a>, la location del nostro <a href=\"https:\/\/weddingvideographeramalficoast.com\/it\/destination-wedding-villa-eva-2\/\">matrimonio<\/a>, ci \u00e8 sembrata la nostra casa per quel giorno. E il romanticismo della nostra cerimonia \u00e8 stato accresciuto ancora di pi\u00f9 dalla splendida vista della Costiera Amalfitana. Il nostro matrimonio in Italia \u00e8 stato perfetto sotto ogni aspetto: ottimo vino, cibo migliore, nuove amicizie, una famiglia in crescita e due persone innamorate che si sono impegnate per sempre a costruire una vita insieme. E questo \u00e8 solo l\u2019inizio\u2026<\/p>\n<p>Grazie,<br \/>\nTiffany e Scott\u201d[\/vc_column_text][\/vc_column][\/vc_row][\/vc_section]<\/p>\n<\/section>","protected":false},"excerpt":{"rendered":"<p>[vc_section css=&#8221;.vc_custom_1706700995451{margin-top: 80px !important;margin-bottom: 80px !important;}&#8221;][vc_row css=&#8221;.vc_custom_1706701003961{margin-bottom: 50px !important;}&#8221;][vc_column][vc_custom_heading text=&#8221;SCOTT AND TIFFANY&#8221; font_container=&#8221;tag:h2|font_size:28px|text_align:center&#8221; use_theme_fonts=&#8221;yes&#8221;][vc_custom_heading text=&#8221;Villa Eva, Ravello.&#8221; font_container=&#8221;tag:h1|font_size:22px|text_align:center&#8221; use_theme_fonts=&#8221;yes&#8221; css=&#8221;.vc_custom_1726731326870{margin-top: -10px !important;}&#8221;][\/vc_column][\/vc_row][vc_row][vc_column][vc_video link=&#8221;https:\/\/vimeo.com\/783662382&#8243; css=&#8221;.vc_custom_1706701015846{margin-bottom: 50px !important;}&#8221;][vc_column_text]Del loro matrimonio di destinazione, Tiffany e Scott ci raccontano: \u201cLa nostra storia d\u2019amore \u00e8 iniziata nel 2014, quando due amici provenienti da 3000 miglia di distanza hanno pensato che&hellip; <a class=\"more-link\" href=\"https:\/\/weddingvideographeramalficoast.com\/it\/destination-wedding-villa-eva-2\/\">Continue reading <span class=\"screen-reader-text\">SCOTT AND TIFFANY<\/span><\/a><\/p>\n","protected":false},"author":1,"featured_media":3955,"parent":0,"menu_order":0,"comment_status":"closed","ping_status":"closed","template":"","meta":{"_acf_changed":false,"footnotes":""},"acf":[],"yoast_head":"<!-- This site is optimized with the Yoast SEO plugin v20.5 - https:\/\/yoast.com\/wordpress\/plugins\/seo\/ -->\n<title>Destinazione Matrimonio Villa Eva - Videografo di matrimoni<\/title>\n<meta name=\"description\" content=\"Emozioni autentiche immortalate con maestria. Videografo specializzato in matrimoni Villa Eva. Momenti senza tempo catturati con eleganza.\" \/>\n<meta name=\"robots\" content=\"index, follow, max-snippet:-1, max-image-preview:large, max-video-preview:-1\" \/>\n<link rel=\"canonical\" href=\"https:\/\/weddingvideographeramalficoast.com\/it\/destination-wedding-villa-eva-2\/\" \/>\n<meta property=\"og:locale\" content=\"it_IT\" \/>\n<meta property=\"og:type\" content=\"article\" \/>\n<meta property=\"og:title\" content=\"Destinazione Matrimonio Villa Eva - Videografo di matrimoni\" \/>\n<meta property=\"og:description\" content=\"Emozioni autentiche immortalate con maestria. Videografo specializzato in matrimoni Villa Eva. Momenti senza tempo catturati con eleganza.\" \/>\n<meta property=\"og:url\" content=\"https:\/\/weddingvideographeramalficoast.com\/it\/destination-wedding-villa-eva-2\/\" \/>\n<meta property=\"og:site_name\" content=\"Echo of Journey\" \/>\n<meta property=\"article:modified_time\" content=\"2024-09-19T07:35:29+00:00\" \/>\n<meta property=\"og:image\" content=\"https:\/\/weddingvideographeramalficoast.com\/wp-content\/uploads\/2024\/02\/Untitled325.png\" \/>\n\t<meta property=\"og:image:width\" content=\"1124\" \/>\n\t<meta property=\"og:image:height\" content=\"596\" \/>\n\t<meta property=\"og:image:type\" content=\"image\/png\" \/>\n<meta name=\"twitter:card\" content=\"summary_large_image\" \/>\n<meta name=\"twitter:title\" content=\"Destinazione Matrimonio Villa Eva - Videografo di matrimoni\" \/>\n<meta name=\"twitter:description\" content=\"Emozioni autentiche immortalate con maestria. Videografo specializzato in matrimoni Villa Eva. Momenti senza tempo catturati con eleganza.\" \/>\n<meta name=\"twitter:label1\" content=\"Tempo di lettura stimato\" \/>\n\t<meta name=\"twitter:data1\" content=\"2 minuti\" \/>\n<script type=\"application\/ld+json\" class=\"yoast-schema-graph\">{\"@context\":\"https:\/\/schema.org\",\"@graph\":[{\"@type\":\"WebPage\",\"@id\":\"https:\/\/weddingvideographeramalficoast.com\/it\/destination-wedding-villa-eva-2\/\",\"url\":\"https:\/\/weddingvideographeramalficoast.com\/it\/destination-wedding-villa-eva-2\/\",\"name\":\"Destinazione Matrimonio Villa Eva - Videografo di matrimoni\",\"isPartOf\":{\"@id\":\"https:\/\/weddingvideographeramalficoast.com\/#website\"},\"datePublished\":\"2024-01-31T11:30:49+00:00\",\"dateModified\":\"2024-09-19T07:35:29+00:00\",\"description\":\"Emozioni autentiche immortalate con maestria. Videografo specializzato in matrimoni Villa Eva. Momenti senza tempo catturati con eleganza.\",\"breadcrumb\":{\"@id\":\"https:\/\/weddingvideographeramalficoast.com\/it\/destination-wedding-villa-eva-2\/#breadcrumb\"},\"inLanguage\":\"it-IT\",\"potentialAction\":[{\"@type\":\"ReadAction\",\"target\":[\"https:\/\/weddingvideographeramalficoast.com\/it\/destination-wedding-villa-eva-2\/\"]}]},{\"@type\":\"BreadcrumbList\",\"@id\":\"https:\/\/weddingvideographeramalficoast.com\/it\/destination-wedding-villa-eva-2\/#breadcrumb\",\"itemListElement\":[{\"@type\":\"ListItem\",\"position\":1,\"name\":\"Home\",\"item\":\"https:\/\/weddingvideographeramalficoast.com\/it\/\"},{\"@type\":\"ListItem\",\"position\":2,\"name\":\"SCOTT AND TIFFANY\"}]},{\"@type\":\"WebSite\",\"@id\":\"https:\/\/weddingvideographeramalficoast.com\/#website\",\"url\":\"https:\/\/weddingvideographeramalficoast.com\/\",\"name\":\"Echo of Journey\",\"description\":\"wedding films\",\"publisher\":{\"@id\":\"https:\/\/weddingvideographeramalficoast.com\/#organization\"},\"potentialAction\":[{\"@type\":\"SearchAction\",\"target\":{\"@type\":\"EntryPoint\",\"urlTemplate\":\"https:\/\/weddingvideographeramalficoast.com\/?s={search_term_string}\"},\"query-input\":\"required name=search_term_string\"}],\"inLanguage\":\"it-IT\"},{\"@type\":\"Organization\",\"@id\":\"https:\/\/weddingvideographeramalficoast.com\/#organization\",\"name\":\"Echo of Journey\",\"url\":\"https:\/\/weddingvideographeramalficoast.com\/\",\"logo\":{\"@type\":\"ImageObject\",\"inLanguage\":\"it-IT\",\"@id\":\"https:\/\/weddingvideographeramalficoast.com\/#\/schema\/logo\/image\/\",\"url\":\"https:\/\/weddingvideographeramalficoast.com\/wp-content\/uploads\/2024\/11\/cropped-3-2.png\",\"contentUrl\":\"https:\/\/weddingvideographeramalficoast.com\/wp-content\/uploads\/2024\/11\/cropped-3-2.png\",\"width\":200,\"height\":111,\"caption\":\"Echo of Journey\"},\"image\":{\"@id\":\"https:\/\/weddingvideographeramalficoast.com\/#\/schema\/logo\/image\/\"}}]}<\/script>\n<!-- \/ Yoast SEO plugin. -->","yoast_head_json":{"title":"Destinazione Matrimonio Villa Eva - Videografo di matrimoni","description":"Emozioni autentiche immortalate con maestria. Videografo specializzato in matrimoni Villa Eva. Momenti senza tempo catturati con eleganza.","robots":{"index":"index","follow":"follow","max-snippet":"max-snippet:-1","max-image-preview":"max-image-preview:large","max-video-preview":"max-video-preview:-1"},"canonical":"https:\/\/weddingvideographeramalficoast.com\/it\/destination-wedding-villa-eva-2\/","og_locale":"it_IT","og_type":"article","og_title":"Destinazione Matrimonio Villa Eva - Videografo di matrimoni","og_description":"Emozioni autentiche immortalate con maestria. Videografo specializzato in matrimoni Villa Eva. Momenti senza tempo catturati con eleganza.","og_url":"https:\/\/weddingvideographeramalficoast.com\/it\/destination-wedding-villa-eva-2\/","og_site_name":"Echo of Journey","article_modified_time":"2024-09-19T07:35:29+00:00","og_image":[{"width":1124,"height":596,"url":"https:\/\/weddingvideographeramalficoast.com\/wp-content\/uploads\/2024\/02\/Untitled325.png","type":"image\/png"}],"twitter_card":"summary_large_image","twitter_title":"Destinazione Matrimonio Villa Eva - Videografo di matrimoni","twitter_description":"Emozioni autentiche immortalate con maestria. Videografo specializzato in matrimoni Villa Eva. Momenti senza tempo catturati con eleganza.","twitter_misc":{"Tempo di lettura stimato":"2 minuti"},"schema":{"@context":"https:\/\/schema.org","@graph":[{"@type":"WebPage","@id":"https:\/\/weddingvideographeramalficoast.com\/it\/destination-wedding-villa-eva-2\/","url":"https:\/\/weddingvideographeramalficoast.com\/it\/destination-wedding-villa-eva-2\/","name":"Destinazione Matrimonio Villa Eva - Videografo di matrimoni","isPartOf":{"@id":"https:\/\/weddingvideographeramalficoast.com\/#website"},"datePublished":"2024-01-31T11:30:49+00:00","dateModified":"2024-09-19T07:35:29+00:00","description":"Emozioni autentiche immortalate con maestria. Videografo specializzato in matrimoni Villa Eva. Momenti senza tempo catturati con eleganza.","breadcrumb":{"@id":"https:\/\/weddingvideographeramalficoast.com\/it\/destination-wedding-villa-eva-2\/#breadcrumb"},"inLanguage":"it-IT","potentialAction":[{"@type":"ReadAction","target":["https:\/\/weddingvideographeramalficoast.com\/it\/destination-wedding-villa-eva-2\/"]}]},{"@type":"BreadcrumbList","@id":"https:\/\/weddingvideographeramalficoast.com\/it\/destination-wedding-villa-eva-2\/#breadcrumb","itemListElement":[{"@type":"ListItem","position":1,"name":"Home","item":"https:\/\/weddingvideographeramalficoast.com\/it\/"},{"@type":"ListItem","position":2,"name":"SCOTT AND TIFFANY"}]},{"@type":"WebSite","@id":"https:\/\/weddingvideographeramalficoast.com\/#website","url":"https:\/\/weddingvideographeramalficoast.com\/","name":"Echo of Journey","description":"wedding films","publisher":{"@id":"https:\/\/weddingvideographeramalficoast.com\/#organization"},"potentialAction":[{"@type":"SearchAction","target":{"@type":"EntryPoint","urlTemplate":"https:\/\/weddingvideographeramalficoast.com\/?s={search_term_string}"},"query-input":"required name=search_term_string"}],"inLanguage":"it-IT"},{"@type":"Organization","@id":"https:\/\/weddingvideographeramalficoast.com\/#organization","name":"Echo of Journey","url":"https:\/\/weddingvideographeramalficoast.com\/","logo":{"@type":"ImageObject","inLanguage":"it-IT","@id":"https:\/\/weddingvideographeramalficoast.com\/#\/schema\/logo\/image\/","url":"https:\/\/weddingvideographeramalficoast.com\/wp-content\/uploads\/2024\/11\/cropped-3-2.png","contentUrl":"https:\/\/weddingvideographeramalficoast.com\/wp-content\/uploads\/2024\/11\/cropped-3-2.png","width":200,"height":111,"caption":"Echo of Journey"},"image":{"@id":"https:\/\/weddingvideographeramalficoast.com\/#\/schema\/logo\/image\/"}}]}},"_links":{"self":[{"href":"https:\/\/weddingvideographeramalficoast.com\/it\/wp-json\/wp\/v2\/pages\/3454"}],"collection":[{"href":"https:\/\/weddingvideographeramalficoast.com\/it\/wp-json\/wp\/v2\/pages"}],"about":[{"href":"https:\/\/weddingvideographeramalficoast.com\/it\/wp-json\/wp\/v2\/types\/page"}],"author":[{"embeddable":true,"href":"https:\/\/weddingvideographeramalficoast.com\/it\/wp-json\/wp\/v2\/users\/1"}],"replies":[{"embeddable":true,"href":"https:\/\/weddingvideographeramalficoast.com\/it\/wp-json\/wp\/v2\/comments?post=3454"}],"version-history":[{"count":6,"href":"https:\/\/weddingvideographeramalficoast.com\/it\/wp-json\/wp\/v2\/pages\/3454\/revisions"}],"predecessor-version":[{"id":5721,"href":"https:\/\/weddingvideographeramalficoast.com\/it\/wp-json\/wp\/v2\/pages\/3454\/revisions\/5721"}],"wp:featuredmedia":[{"embeddable":true,"href":"https:\/\/weddingvideographeramalficoast.com\/it\/wp-json\/wp\/v2\/media\/3955"}],"wp:attachment":[{"href":"https:\/\/weddingvideographeramalficoast.com\/it\/wp-json\/wp\/v2\/media?parent=3454"}],"curies":[{"name":"wp","href":"https:\/\/api.w.org\/{rel}","templated":true}]}}