{"id":3438,"date":"2024-01-31T10:21:48","date_gmt":"2024-01-31T10:21:48","guid":{"rendered":"https:\/\/weddingvideographeramalficoast.com\/?page_id=3438"},"modified":"2024-02-08T07:10:14","modified_gmt":"2024-02-08T07:10:14","slug":"same-sex-wedding-sorrento","status":"publish","type":"page","link":"https:\/\/weddingvideographeramalficoast.com\/it\/same-sex-wedding-sorrento\/","title":{"rendered":"Same Sex Wedding Sorrento"},"content":{"rendered":"<section class=\"wpb-content-wrapper\"><p>[vc_section css=&#8221;.vc_custom_1706696376203{margin-top: 80px !important;margin-bottom: 80px !important;}&#8221;][vc_row css=&#8221;.vc_custom_1706696413299{margin-bottom: 50px !important;}&#8221;][vc_column][vc_custom_heading text=&#8221;LOVE IS LOVE&#8221; font_container=&#8221;tag:h2|font_size:28|text_align:center&#8221; use_theme_fonts=&#8221;yes&#8221;][vc_custom_heading text=&#8221;Sea Farm, Sorrento&#8221; font_container=&#8221;tag:h2|font_size:22px|text_align:center&#8221; use_theme_fonts=&#8221;yes&#8221; css=&#8221;.vc_custom_1706696004975{margin-top: -10px !important;}&#8221;][\/vc_column][\/vc_row][vc_row][vc_column][vc_video link=&#8221;https:\/\/vimeo.com\/871497592&#8243; css=&#8221;.vc_custom_1706696419367{margin-bottom: 50px !important;}&#8221;][vc_custom_heading text=&#8221;Una gioiosa celebrazione dell&#8217;amore: il matrimonio omosessuale di Jason e Layne alla Sea Farm Marecoccola&#8221; font_container=&#8221;tag:h2|font_size:22px|text_align:left&#8221; use_theme_fonts=&#8221;yes&#8221; css=&#8221;.vc_custom_1706696608026{margin-top: -10px !important;}&#8221;][vc_column_text]Nel cuore della pittoresca Penisola Sorrentina, affacciato sulla distesa infinita del Mar Tirreno, l&#8217;amore ha trovato la sua espressione pi\u00f9 vera quando Jason e Layne, due anime vivaci e profondamente innamorate, si sono scambiati i voti nuziali in una cerimonia di matrimonio omosessuale tanto bella quanto \u00e8 stato sincero. Nello scenario mozzafiato della Sea Farm Marecoccola, questa intima ma esuberante celebrazione dell&#8217;amore ha lasciato un segno indelebile in tutti coloro che hanno avuto la fortuna di assistervi.<\/p>\n<p><strong>Un&#8217;unione perfetta in una location unica<\/strong><\/p>\n<p>La storia d&#8217;amore di Jason e Layne \u00e8 culminata in una straordinaria unione al Sea Farm Marecoccola, un luogo esclusivo situato nel cuore di Sorrento, in Italia. La loro decisione di sposarsi con una cerimonia civile in questo luogo idilliaco esemplifica l&#8217;essenza del loro amore: unico, audace e impenitentemente genuino. Circondati dalle acque azzurre del Mar Tirreno e dal verde lussureggiante delle colline sorrentine, il luogo del loro matrimonio ha fornito lo sfondo perfetto per una celebrazione a dir poco magica.<\/p>\n<p><strong>Un preludio intimo: gioia a bordo piscina<\/strong><\/p>\n<p>I festeggiamenti sono iniziati con un&#8217;intima festa in piscina, che ha riunito la coppia, il loro affiatato gruppo di familiari e i pi\u00f9 cari amici. Le risate echeggiarono e i cuori si mescolarono mentre la celebrazione pre-matrimonio a bordo piscina preparava il terreno per una giornata di felicit\u00e0 sfrenata. \u00c8 stato un momento di genuina connessione e gioia condivisa, preludio alla profondit\u00e0 emotiva che sarebbe seguita durante la cerimonia.<\/p>\n<p><strong>Una cerimonia commovente: l&#8217;amore nell&#8217;abbraccio della natura<\/strong><\/p>\n<p>Sullo sfondo della Sea Farm Marecoccola, un ambiente che sembrava quasi surreale nella sua bellezza, Jason e Layne si sono scambiati i loro voti. La loro storia d&#8217;amore, cos\u00ec meravigliosamente intrecciata, \u00e8 stata onorata con una cerimonia che non ha lasciato gli occhi asciutti tra i partecipanti. Mentre il sole iniziava a calare, dipingendo il cielo con sfumature di arancione e rosa, la coppia professava il proprio amore, promettendo di sostenersi a vicenda attraverso la miriade di sfide e trionfi della vita.<\/p>\n<p><strong>Ricordare un&#8217;amata madre<\/strong><\/p>\n<p>Nel mezzo della loro gioia, la coppia si \u00e8 presa un momento per ricordare la defunta madre di Layne, una presenza profondamente mancata ma senza dubbio sentita durante tutta la celebrazione. Nei loro discorsi accorati, sia Jason che Layne hanno reso omaggio alla sua memoria, onorando la donna che aveva avuto un ruolo essenziale nella vita di Layne. Le loro parole portavano il peso dell\u2019amore e della perdita, ricordando a tutti i presenti il potere duraturo della famiglia e i legami che trascendono il tempo e lo spazio.<\/p>\n<p><strong>L&#8217;amore non conosce confini<\/strong><\/p>\n<p>In un mondo in cui l\u2019amore non conosce confini, il matrimonio tra persone dello stesso sesso di Jason e Layne testimonia il potere duraturo dell\u2019amore. La scelta di Sea Farm Marecoccola come location per il matrimonio mette in mostra il fascino dei matrimoni in Italia, una tendenza che sta guadagnando popolarit\u00e0 tra le coppie in cerca di esperienze uniche e memorabili.<\/p>\n<p>Per le coppie alla ricerca della destinazione perfetta per il matrimonio,<a href=\"https:\/\/en.wikipedia.org\/wiki\/Sorrento\"> Sorrento<\/a>, con i suoi paesaggi mozzafiato e luoghi esclusivi come Sea Farm Marecoccola, offre un rifugio romantico. L\u2019intima festa in piscina e la cerimonia emozionante, sullo sfondo della grandiosit\u00e0 della natura, riflettono la tendenza crescente dei matrimoni intimi celebrati con amici intimi e familiari.<\/p>\n<p><strong>Amore, risate e momenti indimenticabili<\/strong><\/p>\n<p>Il matrimonio omosessuale di Jason e Layne alla Sea Farm Marecoccola non \u00e8 stato semplicemente una celebrazione del loro amore; era una testimonianza della verit\u00e0 universale che l&#8217;amore trascende tutti i confini. Il loro matrimonio intimo ma vibrante, pieno di risate, lacrime e momenti indimenticabili, \u00e8 servito a ricordare che ogni storia d&#8217;amore \u00e8 unica e bella di per s\u00e9.<\/p>\n<p>Nell\u2019abbraccio della bellezza di Sorrento e del fascino di Sea Farm Marecoccola, il giorno del <a href=\"https:\/\/weddingvideographeramalficoast.com\/it\/same-sex-wedding-sorrento\/\">matrimonio<\/a> di Jason e Layne si \u00e8 svolto come una favola, lasciando un\u2019impronta eterna nel cuore di tutti i presenti. La loro storia \u00e8 un faro di speranza e una celebrazione dell\u2019amore, che riecheggia in tutta la Penisola Sorrentina e oltre, ispirando le coppie ad abbracciare le loro storie d\u2019amore con orgoglio e gioia, indipendentemente da chi sono e da chi amano.[\/vc_column_text][\/vc_column][\/vc_row][\/vc_section]<\/p>\n<\/section>","protected":false},"excerpt":{"rendered":"<p>[vc_section css=&#8221;.vc_custom_1706696376203{margin-top: 80px !important;margin-bottom: 80px !important;}&#8221;][vc_row css=&#8221;.vc_custom_1706696413299{margin-bottom: 50px !important;}&#8221;][vc_column][vc_custom_heading text=&#8221;LOVE IS LOVE&#8221; font_container=&#8221;tag:h2|font_size:28|text_align:center&#8221; use_theme_fonts=&#8221;yes&#8221;][vc_custom_heading text=&#8221;Sea Farm, Sorrento&#8221; font_container=&#8221;tag:h2|font_size:22px|text_align:center&#8221; use_theme_fonts=&#8221;yes&#8221; css=&#8221;.vc_custom_1706696004975{margin-top: -10px !important;}&#8221;][\/vc_column][\/vc_row][vc_row][vc_column][vc_video link=&#8221;https:\/\/vimeo.com\/871497592&#8243; css=&#8221;.vc_custom_1706696419367{margin-bottom: 50px !important;}&#8221;][vc_custom_heading text=&#8221;Una gioiosa celebrazione dell&#8217;amore: il matrimonio omosessuale di Jason e Layne alla Sea Farm Marecoccola&#8221; font_container=&#8221;tag:h2|font_size:22px|text_align:left&#8221; use_theme_fonts=&#8221;yes&#8221; css=&#8221;.vc_custom_1706696608026{margin-top: -10px !important;}&#8221;][vc_column_text]Nel cuore della pittoresca Penisola Sorrentina, affacciato sulla distesa infinita&hellip; <a class=\"more-link\" href=\"https:\/\/weddingvideographeramalficoast.com\/it\/same-sex-wedding-sorrento\/\">Continue reading <span class=\"screen-reader-text\">Same Sex Wedding Sorrento<\/span><\/a><\/p>\n","protected":false},"author":1,"featured_media":3845,"parent":0,"menu_order":0,"comment_status":"closed","ping_status":"closed","template":"","meta":{"_acf_changed":false,"footnotes":""},"acf":[],"yoast_head":"<!-- This site is optimized with the Yoast SEO plugin v20.5 - https:\/\/yoast.com\/wordpress\/plugins\/seo\/ -->\n<title>Matrimonio omosessuale Sorrento - Videografo di matrimoni<\/title>\n<meta name=\"description\" content=\"Emozioni autentiche immortalate con maestria. Matrimonio omosessuale a Sorrento: esperienze senza confini catturate con eleganza.\" \/>\n<meta name=\"robots\" content=\"index, follow, max-snippet:-1, max-image-preview:large, max-video-preview:-1\" \/>\n<link rel=\"canonical\" href=\"https:\/\/weddingvideographeramalficoast.com\/it\/same-sex-wedding-sorrento\/\" \/>\n<meta property=\"og:locale\" content=\"it_IT\" \/>\n<meta property=\"og:type\" content=\"article\" \/>\n<meta property=\"og:title\" content=\"Matrimonio omosessuale Sorrento - Videografo di matrimoni\" \/>\n<meta property=\"og:description\" content=\"Emozioni autentiche immortalate con maestria. Matrimonio omosessuale a Sorrento: esperienze senza confini catturate con eleganza.\" \/>\n<meta property=\"og:url\" content=\"https:\/\/weddingvideographeramalficoast.com\/it\/same-sex-wedding-sorrento\/\" \/>\n<meta property=\"og:site_name\" content=\"Echo of Journey\" \/>\n<meta property=\"article:modified_time\" content=\"2024-02-08T07:10:14+00:00\" \/>\n<meta property=\"og:image\" content=\"https:\/\/weddingvideographeramalficoast.com\/wp-content\/uploads\/2024\/02\/Untitled20.png\" \/>\n\t<meta property=\"og:image:width\" content=\"1165\" \/>\n\t<meta property=\"og:image:height\" content=\"624\" \/>\n\t<meta property=\"og:image:type\" content=\"image\/png\" \/>\n<meta name=\"twitter:card\" content=\"summary_large_image\" \/>\n<meta name=\"twitter:title\" content=\"Matrimonio omosessuale Sorrento - Videografo di matrimoni\" \/>\n<meta name=\"twitter:description\" content=\"Emozioni autentiche immortalate con maestria. Matrimonio omosessuale a Sorrento: esperienze senza confini catturate con eleganza.\" \/>\n<meta name=\"twitter:label1\" content=\"Tempo di lettura stimato\" \/>\n\t<meta name=\"twitter:data1\" content=\"4 minuti\" \/>\n<script type=\"application\/ld+json\" class=\"yoast-schema-graph\">{\"@context\":\"https:\/\/schema.org\",\"@graph\":[{\"@type\":\"WebPage\",\"@id\":\"https:\/\/weddingvideographeramalficoast.com\/it\/same-sex-wedding-sorrento\/\",\"url\":\"https:\/\/weddingvideographeramalficoast.com\/it\/same-sex-wedding-sorrento\/\",\"name\":\"Matrimonio omosessuale Sorrento - Videografo di matrimoni\",\"isPartOf\":{\"@id\":\"https:\/\/weddingvideographeramalficoast.com\/#website\"},\"datePublished\":\"2024-01-31T10:21:48+00:00\",\"dateModified\":\"2024-02-08T07:10:14+00:00\",\"description\":\"Emozioni autentiche immortalate con maestria. Matrimonio omosessuale a Sorrento: esperienze senza confini catturate con eleganza.\",\"breadcrumb\":{\"@id\":\"https:\/\/weddingvideographeramalficoast.com\/it\/same-sex-wedding-sorrento\/#breadcrumb\"},\"inLanguage\":\"it-IT\",\"potentialAction\":[{\"@type\":\"ReadAction\",\"target\":[\"https:\/\/weddingvideographeramalficoast.com\/it\/same-sex-wedding-sorrento\/\"]}]},{\"@type\":\"BreadcrumbList\",\"@id\":\"https:\/\/weddingvideographeramalficoast.com\/it\/same-sex-wedding-sorrento\/#breadcrumb\",\"itemListElement\":[{\"@type\":\"ListItem\",\"position\":1,\"name\":\"Home\",\"item\":\"https:\/\/weddingvideographeramalficoast.com\/it\/\"},{\"@type\":\"ListItem\",\"position\":2,\"name\":\"Same Sex Wedding Sorrento\"}]},{\"@type\":\"WebSite\",\"@id\":\"https:\/\/weddingvideographeramalficoast.com\/#website\",\"url\":\"https:\/\/weddingvideographeramalficoast.com\/\",\"name\":\"Echo of Journey\",\"description\":\"wedding films\",\"publisher\":{\"@id\":\"https:\/\/weddingvideographeramalficoast.com\/#organization\"},\"potentialAction\":[{\"@type\":\"SearchAction\",\"target\":{\"@type\":\"EntryPoint\",\"urlTemplate\":\"https:\/\/weddingvideographeramalficoast.com\/?s={search_term_string}\"},\"query-input\":\"required name=search_term_string\"}],\"inLanguage\":\"it-IT\"},{\"@type\":\"Organization\",\"@id\":\"https:\/\/weddingvideographeramalficoast.com\/#organization\",\"name\":\"Echo of Journey\",\"url\":\"https:\/\/weddingvideographeramalficoast.com\/\",\"logo\":{\"@type\":\"ImageObject\",\"inLanguage\":\"it-IT\",\"@id\":\"https:\/\/weddingvideographeramalficoast.com\/#\/schema\/logo\/image\/\",\"url\":\"https:\/\/weddingvideographeramalficoast.com\/wp-content\/uploads\/2024\/11\/cropped-3-2.png\",\"contentUrl\":\"https:\/\/weddingvideographeramalficoast.com\/wp-content\/uploads\/2024\/11\/cropped-3-2.png\",\"width\":200,\"height\":111,\"caption\":\"Echo of Journey\"},\"image\":{\"@id\":\"https:\/\/weddingvideographeramalficoast.com\/#\/schema\/logo\/image\/\"}}]}<\/script>\n<!-- \/ Yoast SEO plugin. -->","yoast_head_json":{"title":"Matrimonio omosessuale Sorrento - Videografo di matrimoni","description":"Emozioni autentiche immortalate con maestria. Matrimonio omosessuale a Sorrento: esperienze senza confini catturate con eleganza.","robots":{"index":"index","follow":"follow","max-snippet":"max-snippet:-1","max-image-preview":"max-image-preview:large","max-video-preview":"max-video-preview:-1"},"canonical":"https:\/\/weddingvideographeramalficoast.com\/it\/same-sex-wedding-sorrento\/","og_locale":"it_IT","og_type":"article","og_title":"Matrimonio omosessuale Sorrento - Videografo di matrimoni","og_description":"Emozioni autentiche immortalate con maestria. Matrimonio omosessuale a Sorrento: esperienze senza confini catturate con eleganza.","og_url":"https:\/\/weddingvideographeramalficoast.com\/it\/same-sex-wedding-sorrento\/","og_site_name":"Echo of Journey","article_modified_time":"2024-02-08T07:10:14+00:00","og_image":[{"width":1165,"height":624,"url":"https:\/\/weddingvideographeramalficoast.com\/wp-content\/uploads\/2024\/02\/Untitled20.png","type":"image\/png"}],"twitter_card":"summary_large_image","twitter_title":"Matrimonio omosessuale Sorrento - Videografo di matrimoni","twitter_description":"Emozioni autentiche immortalate con maestria. Matrimonio omosessuale a Sorrento: esperienze senza confini catturate con eleganza.","twitter_misc":{"Tempo di lettura stimato":"4 minuti"},"schema":{"@context":"https:\/\/schema.org","@graph":[{"@type":"WebPage","@id":"https:\/\/weddingvideographeramalficoast.com\/it\/same-sex-wedding-sorrento\/","url":"https:\/\/weddingvideographeramalficoast.com\/it\/same-sex-wedding-sorrento\/","name":"Matrimonio omosessuale Sorrento - Videografo di matrimoni","isPartOf":{"@id":"https:\/\/weddingvideographeramalficoast.com\/#website"},"datePublished":"2024-01-31T10:21:48+00:00","dateModified":"2024-02-08T07:10:14+00:00","description":"Emozioni autentiche immortalate con maestria. Matrimonio omosessuale a Sorrento: esperienze senza confini catturate con eleganza.","breadcrumb":{"@id":"https:\/\/weddingvideographeramalficoast.com\/it\/same-sex-wedding-sorrento\/#breadcrumb"},"inLanguage":"it-IT","potentialAction":[{"@type":"ReadAction","target":["https:\/\/weddingvideographeramalficoast.com\/it\/same-sex-wedding-sorrento\/"]}]},{"@type":"BreadcrumbList","@id":"https:\/\/weddingvideographeramalficoast.com\/it\/same-sex-wedding-sorrento\/#breadcrumb","itemListElement":[{"@type":"ListItem","position":1,"name":"Home","item":"https:\/\/weddingvideographeramalficoast.com\/it\/"},{"@type":"ListItem","position":2,"name":"Same Sex Wedding Sorrento"}]},{"@type":"WebSite","@id":"https:\/\/weddingvideographeramalficoast.com\/#website","url":"https:\/\/weddingvideographeramalficoast.com\/","name":"Echo of Journey","description":"wedding films","publisher":{"@id":"https:\/\/weddingvideographeramalficoast.com\/#organization"},"potentialAction":[{"@type":"SearchAction","target":{"@type":"EntryPoint","urlTemplate":"https:\/\/weddingvideographeramalficoast.com\/?s={search_term_string}"},"query-input":"required name=search_term_string"}],"inLanguage":"it-IT"},{"@type":"Organization","@id":"https:\/\/weddingvideographeramalficoast.com\/#organization","name":"Echo of Journey","url":"https:\/\/weddingvideographeramalficoast.com\/","logo":{"@type":"ImageObject","inLanguage":"it-IT","@id":"https:\/\/weddingvideographeramalficoast.com\/#\/schema\/logo\/image\/","url":"https:\/\/weddingvideographeramalficoast.com\/wp-content\/uploads\/2024\/11\/cropped-3-2.png","contentUrl":"https:\/\/weddingvideographeramalficoast.com\/wp-content\/uploads\/2024\/11\/cropped-3-2.png","width":200,"height":111,"caption":"Echo of Journey"},"image":{"@id":"https:\/\/weddingvideographeramalficoast.com\/#\/schema\/logo\/image\/"}}]}},"_links":{"self":[{"href":"https:\/\/weddingvideographeramalficoast.com\/it\/wp-json\/wp\/v2\/pages\/3438"}],"collection":[{"href":"https:\/\/weddingvideographeramalficoast.com\/it\/wp-json\/wp\/v2\/pages"}],"about":[{"href":"https:\/\/weddingvideographeramalficoast.com\/it\/wp-json\/wp\/v2\/types\/page"}],"author":[{"embeddable":true,"href":"https:\/\/weddingvideographeramalficoast.com\/it\/wp-json\/wp\/v2\/users\/1"}],"replies":[{"embeddable":true,"href":"https:\/\/weddingvideographeramalficoast.com\/it\/wp-json\/wp\/v2\/comments?post=3438"}],"version-history":[{"count":4,"href":"https:\/\/weddingvideographeramalficoast.com\/it\/wp-json\/wp\/v2\/pages\/3438\/revisions"}],"predecessor-version":[{"id":3954,"href":"https:\/\/weddingvideographeramalficoast.com\/it\/wp-json\/wp\/v2\/pages\/3438\/revisions\/3954"}],"wp:featuredmedia":[{"embeddable":true,"href":"https:\/\/weddingvideographeramalficoast.com\/it\/wp-json\/wp\/v2\/media\/3845"}],"wp:attachment":[{"href":"https:\/\/weddingvideographeramalficoast.com\/it\/wp-json\/wp\/v2\/media?parent=3438"}],"curies":[{"name":"wp","href":"https:\/\/api.w.org\/{rel}","templated":true}]}}