{"id":3428,"date":"2024-01-31T10:07:18","date_gmt":"2024-01-31T10:07:18","guid":{"rendered":"https:\/\/weddingvideographeramalficoast.com\/?page_id=3428"},"modified":"2024-02-08T05:20:35","modified_gmt":"2024-02-08T05:20:35","slug":"destination-wedding-in-italy-belmonte","status":"publish","type":"page","link":"https:\/\/weddingvideographeramalficoast.com\/it\/destination-wedding-in-italy-belmonte\/","title":{"rendered":"Destination Wedding In Italy Belmonte"},"content":{"rendered":"<section class=\"wpb-content-wrapper\"><p>[vc_section css=&#8221;.vc_custom_1706695611810{margin-top: 80px !important;margin-bottom: 80px !important;}&#8221;][vc_row css=&#8221;.vc_custom_1706695620139{margin-bottom: 50px !important;}&#8221;][vc_column][vc_custom_heading text=&#8221;KARL AND LYN&#8221; font_container=&#8221;tag:h2|font_size:28px|text_align:center&#8221; use_theme_fonts=&#8221;yes&#8221;][vc_custom_heading text=&#8221;Palazzo Belmonte, Costiera Cilentana&#8221; font_container=&#8221;tag:h2|font_size:22px|text_align:center&#8221; use_theme_fonts=&#8221;yes&#8221;][\/vc_column][\/vc_row][vc_row][vc_column][vc_video link=&#8221;https:\/\/vimeo.com\/889068505&#8243; css=&#8221;.vc_custom_1706695628663{margin-bottom: 50px !important;}&#8221;][vc_column_text]Il fascino senza tempo dell&#8217;Italia ha catturato i cuori di Karl Bowe, ex Mr Ireland, e della famosa star di Fair City, Lynseyanne Mulvey. Questa affascinante coppia ha scelto la pittoresca cittadina di Santa Maria Di Castellabate come sfondo per il loro indimenticabile <a href=\"https:\/\/weddingvideographeramalficoast.com\/it\/destination-wedding-in-italy-belmonte\/\">matrimonio<\/a> italiano, organizzato in modo impeccabile dalla fantastica wedding planner Amore Weddings. In questo articolo esploreremo i dettagli di questo evento speciale che ha unito amore, bellezza e il tocco esperto di Amore Weddings.<\/p>\n<p><strong>Il luogo del &#8220;s\u00ec&#8221;<\/strong><\/p>\n<p>Santa Maria Di Castellabate ha fornito il palcoscenico perfetto per il \u201cI do\u201d di Karl e Lyn. Non si trattava solo di una pittoresca ambientazione italiana, ma di un luogo carico di significato personale, sapientemente evidenziato da Amore Weddings. \u00c8 l\u00ec che la coppia ha vissuto il momento magico della proposta di matrimonio, trasformando questa cittadina in un simbolo indelebile del loro amore.<\/p>\n<p><strong>Un anniversario da festeggiare<\/strong><\/p>\n<p>Il destino ha voluto che il quarto anniversario del primo appuntamento di Karl e Lyn coincidesse con il giorno del loro matrimonio, un&#8217;orchestrazione perfetta di Amore Weddings. Un tocco romantico che ha aggiunto un ulteriore livello di significato alla loro unione. Le strade che hanno percorso quel giorno di quattro anni fa li hanno portati a un altare italiano, creando un legame indissolubile con il Paese che ha visto la nascita del loro amore.<\/p>\n<p><strong>Un&#8217;affascinante giornata italiana<\/strong><\/p>\n<p>L\u2019attrazione per l\u2019Italia non si limitava alla storia personale della coppia. Il clima soleggiato e le viste panoramiche, sapientemente selezionate da Amore Weddings, hanno contribuito a creare un&#8217;atmosfera da sogno. Il <a href=\"https:\/\/it.wikipedia.org\/wiki\/Matrimonio\">matrimonio<\/a> italiano di Karl e Lyn, accompagnato dalle vivaci melodie dei The Guanti, una sensazionale band dal vivo, \u00e8 stato un incanto di colori, profumi e sapori, un\u2019esperienza sensoriale che ha reso la giornata indimenticabile non solo per loro ma anche per tutti gli invitati.<\/p>\n<p>Il matrimonio di Karl Bowe e Lynseyanne Mulvey \u00e8 stato molto pi\u00f9 di un evento: \u00e8 stato un viaggio attraverso l\u2019amore, la tradizione e l\u2019impeccabile organizzazione di Amore Weddings. Santa Maria Di Castellabate non ha ospitato solo un matrimonio; ha dato vita a una fiaba moderna. Un&#8217;esperienza che rimarr\u00e0 impressa nei cuori di Karl, Lyn e di tutti coloro che hanno avuto la fortuna di partecipare a questo indimenticabile matrimonio in Italia, intensificato dai ritmi vibranti dei The Guanti.[\/vc_column_text][\/vc_column][\/vc_row][\/vc_section]<\/p>\n<\/section>","protected":false},"excerpt":{"rendered":"<p>[vc_section css=&#8221;.vc_custom_1706695611810{margin-top: 80px !important;margin-bottom: 80px !important;}&#8221;][vc_row css=&#8221;.vc_custom_1706695620139{margin-bottom: 50px !important;}&#8221;][vc_column][vc_custom_heading text=&#8221;KARL AND LYN&#8221; font_container=&#8221;tag:h2|font_size:28px|text_align:center&#8221; use_theme_fonts=&#8221;yes&#8221;][vc_custom_heading text=&#8221;Palazzo Belmonte, Costiera Cilentana&#8221; font_container=&#8221;tag:h2|font_size:22px|text_align:center&#8221; use_theme_fonts=&#8221;yes&#8221;][\/vc_column][\/vc_row][vc_row][vc_column][vc_video link=&#8221;https:\/\/vimeo.com\/889068505&#8243; css=&#8221;.vc_custom_1706695628663{margin-bottom: 50px !important;}&#8221;][vc_column_text]Il fascino senza tempo dell&#8217;Italia ha catturato i cuori di Karl Bowe, ex Mr Ireland, e della famosa star di Fair City, Lynseyanne Mulvey. Questa affascinante coppia ha scelto la pittoresca cittadina&hellip; <a class=\"more-link\" href=\"https:\/\/weddingvideographeramalficoast.com\/it\/destination-wedding-in-italy-belmonte\/\">Continue reading <span class=\"screen-reader-text\">Destination Wedding In Italy Belmonte<\/span><\/a><\/p>\n","protected":false},"author":1,"featured_media":3928,"parent":0,"menu_order":0,"comment_status":"closed","ping_status":"closed","template":"","meta":{"_acf_changed":false,"footnotes":""},"acf":[],"yoast_head":"<!-- This site is optimized with the Yoast SEO plugin v20.5 - https:\/\/yoast.com\/wordpress\/plugins\/seo\/ -->\n<title>Matrimonio di destinazione in Italia Belmonte<\/title>\n<meta name=\"description\" content=\"Scopri il matrimonio dei tuoi sogni a Belmonte, Italia. Scegli una destinazione mozzafiato per celebrare il tuo amore in grande stile.\" \/>\n<meta name=\"robots\" content=\"index, follow, max-snippet:-1, max-image-preview:large, max-video-preview:-1\" \/>\n<link rel=\"canonical\" href=\"https:\/\/weddingvideographeramalficoast.com\/it\/destination-wedding-in-italy-belmonte\/\" \/>\n<meta property=\"og:locale\" content=\"it_IT\" \/>\n<meta property=\"og:type\" content=\"article\" \/>\n<meta property=\"og:title\" content=\"Matrimonio di destinazione in Italia Belmonte\" \/>\n<meta property=\"og:description\" content=\"Scopri il matrimonio dei tuoi sogni a Belmonte, Italia. Scegli una destinazione mozzafiato per celebrare il tuo amore in grande stile.\" \/>\n<meta property=\"og:url\" content=\"https:\/\/weddingvideographeramalficoast.com\/it\/destination-wedding-in-italy-belmonte\/\" \/>\n<meta property=\"og:site_name\" content=\"Echo of Journey\" \/>\n<meta property=\"article:modified_time\" content=\"2024-02-08T05:20:35+00:00\" \/>\n<meta property=\"og:image\" content=\"https:\/\/weddingvideographeramalficoast.com\/wp-content\/uploads\/2024\/02\/Untitled231.png\" \/>\n\t<meta property=\"og:image:width\" content=\"1114\" \/>\n\t<meta property=\"og:image:height\" content=\"597\" \/>\n\t<meta property=\"og:image:type\" content=\"image\/png\" \/>\n<meta name=\"twitter:card\" content=\"summary_large_image\" \/>\n<meta name=\"twitter:title\" content=\"Matrimonio di destinazione in Italia Belmonte\" \/>\n<meta name=\"twitter:description\" content=\"Scopri il matrimonio dei tuoi sogni a Belmonte, Italia. Scegli una destinazione mozzafiato per celebrare il tuo amore in grande stile.\" \/>\n<meta name=\"twitter:label1\" content=\"Tempo di lettura stimato\" \/>\n\t<meta name=\"twitter:data1\" content=\"2 minuti\" \/>\n<script type=\"application\/ld+json\" class=\"yoast-schema-graph\">{\"@context\":\"https:\/\/schema.org\",\"@graph\":[{\"@type\":\"WebPage\",\"@id\":\"https:\/\/weddingvideographeramalficoast.com\/it\/destination-wedding-in-italy-belmonte\/\",\"url\":\"https:\/\/weddingvideographeramalficoast.com\/it\/destination-wedding-in-italy-belmonte\/\",\"name\":\"Matrimonio di destinazione in Italia Belmonte\",\"isPartOf\":{\"@id\":\"https:\/\/weddingvideographeramalficoast.com\/#website\"},\"datePublished\":\"2024-01-31T10:07:18+00:00\",\"dateModified\":\"2024-02-08T05:20:35+00:00\",\"description\":\"Scopri il matrimonio dei tuoi sogni a Belmonte, Italia. Scegli una destinazione mozzafiato per celebrare il tuo amore in grande stile.\",\"breadcrumb\":{\"@id\":\"https:\/\/weddingvideographeramalficoast.com\/it\/destination-wedding-in-italy-belmonte\/#breadcrumb\"},\"inLanguage\":\"it-IT\",\"potentialAction\":[{\"@type\":\"ReadAction\",\"target\":[\"https:\/\/weddingvideographeramalficoast.com\/it\/destination-wedding-in-italy-belmonte\/\"]}]},{\"@type\":\"BreadcrumbList\",\"@id\":\"https:\/\/weddingvideographeramalficoast.com\/it\/destination-wedding-in-italy-belmonte\/#breadcrumb\",\"itemListElement\":[{\"@type\":\"ListItem\",\"position\":1,\"name\":\"Home\",\"item\":\"https:\/\/weddingvideographeramalficoast.com\/it\/\"},{\"@type\":\"ListItem\",\"position\":2,\"name\":\"Destination Wedding In Italy Belmonte\"}]},{\"@type\":\"WebSite\",\"@id\":\"https:\/\/weddingvideographeramalficoast.com\/#website\",\"url\":\"https:\/\/weddingvideographeramalficoast.com\/\",\"name\":\"Echo of Journey\",\"description\":\"wedding films\",\"publisher\":{\"@id\":\"https:\/\/weddingvideographeramalficoast.com\/#organization\"},\"potentialAction\":[{\"@type\":\"SearchAction\",\"target\":{\"@type\":\"EntryPoint\",\"urlTemplate\":\"https:\/\/weddingvideographeramalficoast.com\/?s={search_term_string}\"},\"query-input\":\"required name=search_term_string\"}],\"inLanguage\":\"it-IT\"},{\"@type\":\"Organization\",\"@id\":\"https:\/\/weddingvideographeramalficoast.com\/#organization\",\"name\":\"Echo of Journey\",\"url\":\"https:\/\/weddingvideographeramalficoast.com\/\",\"logo\":{\"@type\":\"ImageObject\",\"inLanguage\":\"it-IT\",\"@id\":\"https:\/\/weddingvideographeramalficoast.com\/#\/schema\/logo\/image\/\",\"url\":\"https:\/\/weddingvideographeramalficoast.com\/wp-content\/uploads\/2024\/11\/cropped-3-2.png\",\"contentUrl\":\"https:\/\/weddingvideographeramalficoast.com\/wp-content\/uploads\/2024\/11\/cropped-3-2.png\",\"width\":200,\"height\":111,\"caption\":\"Echo of Journey\"},\"image\":{\"@id\":\"https:\/\/weddingvideographeramalficoast.com\/#\/schema\/logo\/image\/\"}}]}<\/script>\n<!-- \/ Yoast SEO plugin. -->","yoast_head_json":{"title":"Matrimonio di destinazione in Italia Belmonte","description":"Scopri il matrimonio dei tuoi sogni a Belmonte, Italia. Scegli una destinazione mozzafiato per celebrare il tuo amore in grande stile.","robots":{"index":"index","follow":"follow","max-snippet":"max-snippet:-1","max-image-preview":"max-image-preview:large","max-video-preview":"max-video-preview:-1"},"canonical":"https:\/\/weddingvideographeramalficoast.com\/it\/destination-wedding-in-italy-belmonte\/","og_locale":"it_IT","og_type":"article","og_title":"Matrimonio di destinazione in Italia Belmonte","og_description":"Scopri il matrimonio dei tuoi sogni a Belmonte, Italia. Scegli una destinazione mozzafiato per celebrare il tuo amore in grande stile.","og_url":"https:\/\/weddingvideographeramalficoast.com\/it\/destination-wedding-in-italy-belmonte\/","og_site_name":"Echo of Journey","article_modified_time":"2024-02-08T05:20:35+00:00","og_image":[{"width":1114,"height":597,"url":"https:\/\/weddingvideographeramalficoast.com\/wp-content\/uploads\/2024\/02\/Untitled231.png","type":"image\/png"}],"twitter_card":"summary_large_image","twitter_title":"Matrimonio di destinazione in Italia Belmonte","twitter_description":"Scopri il matrimonio dei tuoi sogni a Belmonte, Italia. Scegli una destinazione mozzafiato per celebrare il tuo amore in grande stile.","twitter_misc":{"Tempo di lettura stimato":"2 minuti"},"schema":{"@context":"https:\/\/schema.org","@graph":[{"@type":"WebPage","@id":"https:\/\/weddingvideographeramalficoast.com\/it\/destination-wedding-in-italy-belmonte\/","url":"https:\/\/weddingvideographeramalficoast.com\/it\/destination-wedding-in-italy-belmonte\/","name":"Matrimonio di destinazione in Italia Belmonte","isPartOf":{"@id":"https:\/\/weddingvideographeramalficoast.com\/#website"},"datePublished":"2024-01-31T10:07:18+00:00","dateModified":"2024-02-08T05:20:35+00:00","description":"Scopri il matrimonio dei tuoi sogni a Belmonte, Italia. Scegli una destinazione mozzafiato per celebrare il tuo amore in grande stile.","breadcrumb":{"@id":"https:\/\/weddingvideographeramalficoast.com\/it\/destination-wedding-in-italy-belmonte\/#breadcrumb"},"inLanguage":"it-IT","potentialAction":[{"@type":"ReadAction","target":["https:\/\/weddingvideographeramalficoast.com\/it\/destination-wedding-in-italy-belmonte\/"]}]},{"@type":"BreadcrumbList","@id":"https:\/\/weddingvideographeramalficoast.com\/it\/destination-wedding-in-italy-belmonte\/#breadcrumb","itemListElement":[{"@type":"ListItem","position":1,"name":"Home","item":"https:\/\/weddingvideographeramalficoast.com\/it\/"},{"@type":"ListItem","position":2,"name":"Destination Wedding In Italy Belmonte"}]},{"@type":"WebSite","@id":"https:\/\/weddingvideographeramalficoast.com\/#website","url":"https:\/\/weddingvideographeramalficoast.com\/","name":"Echo of Journey","description":"wedding films","publisher":{"@id":"https:\/\/weddingvideographeramalficoast.com\/#organization"},"potentialAction":[{"@type":"SearchAction","target":{"@type":"EntryPoint","urlTemplate":"https:\/\/weddingvideographeramalficoast.com\/?s={search_term_string}"},"query-input":"required name=search_term_string"}],"inLanguage":"it-IT"},{"@type":"Organization","@id":"https:\/\/weddingvideographeramalficoast.com\/#organization","name":"Echo of Journey","url":"https:\/\/weddingvideographeramalficoast.com\/","logo":{"@type":"ImageObject","inLanguage":"it-IT","@id":"https:\/\/weddingvideographeramalficoast.com\/#\/schema\/logo\/image\/","url":"https:\/\/weddingvideographeramalficoast.com\/wp-content\/uploads\/2024\/11\/cropped-3-2.png","contentUrl":"https:\/\/weddingvideographeramalficoast.com\/wp-content\/uploads\/2024\/11\/cropped-3-2.png","width":200,"height":111,"caption":"Echo of Journey"},"image":{"@id":"https:\/\/weddingvideographeramalficoast.com\/#\/schema\/logo\/image\/"}}]}},"_links":{"self":[{"href":"https:\/\/weddingvideographeramalficoast.com\/it\/wp-json\/wp\/v2\/pages\/3428"}],"collection":[{"href":"https:\/\/weddingvideographeramalficoast.com\/it\/wp-json\/wp\/v2\/pages"}],"about":[{"href":"https:\/\/weddingvideographeramalficoast.com\/it\/wp-json\/wp\/v2\/types\/page"}],"author":[{"embeddable":true,"href":"https:\/\/weddingvideographeramalficoast.com\/it\/wp-json\/wp\/v2\/users\/1"}],"replies":[{"embeddable":true,"href":"https:\/\/weddingvideographeramalficoast.com\/it\/wp-json\/wp\/v2\/comments?post=3428"}],"version-history":[{"count":3,"href":"https:\/\/weddingvideographeramalficoast.com\/it\/wp-json\/wp\/v2\/pages\/3428\/revisions"}],"predecessor-version":[{"id":3930,"href":"https:\/\/weddingvideographeramalficoast.com\/it\/wp-json\/wp\/v2\/pages\/3428\/revisions\/3930"}],"wp:featuredmedia":[{"embeddable":true,"href":"https:\/\/weddingvideographeramalficoast.com\/it\/wp-json\/wp\/v2\/media\/3928"}],"wp:attachment":[{"href":"https:\/\/weddingvideographeramalficoast.com\/it\/wp-json\/wp\/v2\/media?parent=3428"}],"curies":[{"name":"wp","href":"https:\/\/api.w.org\/{rel}","templated":true}]}}