{"id":3291,"date":"2024-01-30T13:47:27","date_gmt":"2024-01-30T13:47:27","guid":{"rendered":"https:\/\/weddingvideographeramalficoast.com\/?page_id=3291"},"modified":"2024-02-08T05:53:59","modified_gmt":"2024-02-08T05:53:59","slug":"destination-wedding-tuscany","status":"publish","type":"page","link":"https:\/\/weddingvideographeramalficoast.com\/it\/destination-wedding-tuscany\/","title":{"rendered":"Destination Wedding Tuscany"},"content":{"rendered":"<section class=\"wpb-content-wrapper\"><p>[vc_section css=&#8221;.vc_custom_1706689710996{margin-top: 80px !important;margin-bottom: 80px !important;}&#8221;][vc_row css=&#8221;.vc_custom_1706689734225{margin-bottom: 50px !important;}&#8221;][vc_column][vc_custom_heading text=&#8221;THAT&#8217;S AMORE&#8221; font_container=&#8221;tag:h2|font_size:28|text_align:center&#8221; use_theme_fonts=&#8221;yes&#8221;][vc_custom_heading text=&#8221;Borgo Stomennano, Tuscany.&#8221; font_container=&#8221;tag:h2|font_size:20|text_align:center&#8221; css=&#8221;.vc_custom_1706689768106{margin-top: -10px !important;}&#8221;][\/vc_column][\/vc_row][vc_row][vc_column][vc_video link=&#8221;https:\/\/vimeo.com\/655618487&#8243; css=&#8221;.vc_custom_1706689741632{margin-bottom: 50px !important;}&#8221;][vc_column_text]Sposarsi in Italia \u00e8 un sogno accompagnato dalla scelta della giusta location. Oggi vi racconter\u00f2 la storia del matrimonio di Fiona e John, una coppia irlandese di Dublino che per il loro matrimonio di destinazione hanno scelto un piccolo e affascinante borgo nella bellissima campagna senese, nel cuore della <a href=\"https:\/\/weddingvideographeramalficoast.com\/it\/destination-wedding-positano\/\">Toscana<\/a>.<\/p>\n<p>Borgo Stomennano \u00e8 una location molto apprezzata dalle coppie straniere che scelgono di sposarsi in Italia. La sua bellezza e la posizione strategica ne fanno una meta particolarmente attrattiva. Situato a Monteriggione, antico borgo medievale a pochi chilometri da Siena, Borgo. Stomennano \u00e8 adatto a chi vuole celebrare il proprio matrimonio in una location cinematografica, tra campi di grano e panorami suggestivi.<\/p>\n<p>Fiona e John ci hanno raccontato che se ne sono innamorati subito, per loro Borgo Stomennano era la location perfetta dove trascorrere tre giorni con i loro centoventi invitati per il loro <a href=\"https:\/\/it.wikipedia.org\/wiki\/Matrimonio_(ordinamento_italiano)\">matrimonio in Toscana<\/a><\/p>\n<p>Per noi \u00e8 stato bellissimo ritornare e rincontrare Luisa Lupi Grassi che ogni volta non si nega la sua gentilezza e ospitalit\u00e0. \u00c8 stato ancora pi\u00f9 bello per il videografo del matrimonio filmare tutte le fasi dell&#8217;evento, dai preparativi, ai momenti di relax, tra tuffi in piscina bruscamente interrotti da un temporale improvviso che non ha minimamente demoralizzato i nostri sposi, che hanno continuato a i preparativi tra le splendide sale affrescate di Borgo Stomennano (luogo pi\u00f9 famoso per il Destination Wedding in Toscana).<\/p>\n<p>La wedding planner internazionale Lisa Stark di Amore Weddings non ha lasciato nulla al caso, curando ogni aspetto e dettaglio, dalla funzione religiosa, alla musica suonata con l&#8217;arpa, ai fiori e alla mise en place che hanno contribuito a rendere i giardini un vero e proprio sogno. Tutto \u00e8 diventato ancora pi\u00f9 suggestivo al tramonto, tra i discorsi e la commozione di tutti, il padre di John ha accolto calorosamente Fiona in famiglia, stringendola in un abbraccio che ha sciolto in lacrime tutti gli invitati.<\/p>\n<p>Matrimonio in Toscana<\/p>\n<p>John ha poi ripercorso come ha conosciuto la sua Fiona: in un viaggio con amici comuni tra Los Angeles e San Diego. Ha detto di essere rimasto letteralmente affascinato dal suo sorriso. Al termine della cerimonia e della cena, gli sposi e gli invitati hanno dato vita ad una frizzante danza animata dai Four Kicks, gruppo francese che ha tenuto tutti svegli con musica e luci. Il pi\u00f9 bel matrimonio in Toscana[\/vc_column_text][\/vc_column][\/vc_row][\/vc_section]<\/p>\n<\/section>","protected":false},"excerpt":{"rendered":"<p>[vc_section css=&#8221;.vc_custom_1706689710996{margin-top: 80px !important;margin-bottom: 80px !important;}&#8221;][vc_row css=&#8221;.vc_custom_1706689734225{margin-bottom: 50px !important;}&#8221;][vc_column][vc_custom_heading text=&#8221;THAT&#8217;S AMORE&#8221; font_container=&#8221;tag:h2|font_size:28|text_align:center&#8221; use_theme_fonts=&#8221;yes&#8221;][vc_custom_heading text=&#8221;Borgo Stomennano, Tuscany.&#8221; font_container=&#8221;tag:h2|font_size:20|text_align:center&#8221; css=&#8221;.vc_custom_1706689768106{margin-top: -10px !important;}&#8221;][\/vc_column][\/vc_row][vc_row][vc_column][vc_video link=&#8221;https:\/\/vimeo.com\/655618487&#8243; css=&#8221;.vc_custom_1706689741632{margin-bottom: 50px !important;}&#8221;][vc_column_text]Sposarsi in Italia \u00e8 un sogno accompagnato dalla scelta della giusta location. Oggi vi racconter\u00f2 la storia del matrimonio di Fiona e John, una coppia irlandese di Dublino che per il loro&hellip; <a class=\"more-link\" href=\"https:\/\/weddingvideographeramalficoast.com\/it\/destination-wedding-tuscany\/\">Continue reading <span class=\"screen-reader-text\">Destination Wedding Tuscany<\/span><\/a><\/p>\n","protected":false},"author":1,"featured_media":3828,"parent":0,"menu_order":0,"comment_status":"closed","ping_status":"closed","template":"","meta":{"_acf_changed":false,"om_disable_all_campaigns":false,"_monsterinsights_skip_tracking":false,"_monsterinsights_sitenote_active":false,"_monsterinsights_sitenote_note":"","_monsterinsights_sitenote_category":0,"footnotes":""},"acf":[],"aioseo_notices":[],"_links":{"self":[{"href":"https:\/\/weddingvideographeramalficoast.com\/it\/wp-json\/wp\/v2\/pages\/3291"}],"collection":[{"href":"https:\/\/weddingvideographeramalficoast.com\/it\/wp-json\/wp\/v2\/pages"}],"about":[{"href":"https:\/\/weddingvideographeramalficoast.com\/it\/wp-json\/wp\/v2\/types\/page"}],"author":[{"embeddable":true,"href":"https:\/\/weddingvideographeramalficoast.com\/it\/wp-json\/wp\/v2\/users\/1"}],"replies":[{"embeddable":true,"href":"https:\/\/weddingvideographeramalficoast.com\/it\/wp-json\/wp\/v2\/comments?post=3291"}],"version-history":[{"count":5,"href":"https:\/\/weddingvideographeramalficoast.com\/it\/wp-json\/wp\/v2\/pages\/3291\/revisions"}],"predecessor-version":[{"id":3936,"href":"https:\/\/weddingvideographeramalficoast.com\/it\/wp-json\/wp\/v2\/pages\/3291\/revisions\/3936"}],"wp:featuredmedia":[{"embeddable":true,"href":"https:\/\/weddingvideographeramalficoast.com\/it\/wp-json\/wp\/v2\/media\/3828"}],"wp:attachment":[{"href":"https:\/\/weddingvideographeramalficoast.com\/it\/wp-json\/wp\/v2\/media?parent=3291"}],"curies":[{"name":"wp","href":"https:\/\/api.w.org\/{rel}","templated":true}]}}