{"id":3280,"date":"2024-01-30T13:30:22","date_gmt":"2024-01-30T13:30:22","guid":{"rendered":"https:\/\/weddingvideographeramalficoast.com\/?page_id=3280"},"modified":"2024-09-19T06:03:35","modified_gmt":"2024-09-19T06:03:35","slug":"destination-wedding-positano","status":"publish","type":"page","link":"https:\/\/weddingvideographeramalficoast.com\/it\/destination-wedding-positano\/","title":{"rendered":"Destination Wedding Positano"},"content":{"rendered":"<section class=\"wpb-content-wrapper\"><p>[vc_section css=&#8221;.vc_custom_1706689400442{margin-top: 80px !important;margin-bottom: 80px !important;}&#8221;][vc_row css=&#8221;.vc_custom_1706689428742{margin-bottom: 50px !important;}&#8221;][vc_column][vc_custom_heading text=&#8221;AMORE IN ITALIA&#8221; font_container=&#8221;tag:h2|font_size:28|text_align:center&#8221; use_theme_fonts=&#8221;yes&#8221;][vc_custom_heading text=&#8221;Hotel Marincanto, Positano.&#8221; font_container=&#8221;tag:h2|font_size:20|text_align:center&#8221; use_theme_fonts=&#8221;yes&#8221; css=&#8221;.vc_custom_1706687034997{margin-top: -10px !important;}&#8221;][\/vc_column][\/vc_row][vc_row][vc_column][vc_video link=&#8221;https:\/\/vimeo.com\/794535380&#8243; css=&#8221;.vc_custom_1706689438688{margin-bottom: 50px !important;}&#8221;][vc_column_text]Se stai cercando un matrimonio indimenticabile in una destinazione affascinante, Positano, in Italia, \u00e8 la scelta perfetta. Alec e Thu, una coppia di Los Angeles che condivide la passione per i viaggi e la buona cucina, hanno deciso di fare di questo luogo incantevole il palcoscenico del loro matrimonio.<\/p>\n<p>Per l&#8217;evento principale, Alec e Thu hanno scelto l&#8217;Hotel Marincanto, che offre viste mozzafiato sulla famosa localit\u00e0 della Costiera Amalfitana. La cerimonia civile si \u00e8 svolta sulla terrazza dell\u2019hotel, immersi nella romantica atmosfera di Positano. Con il mare azzurro e gli edifici colorati che caratterizzano la cittadina, la location ha fornito lo sfondo perfetto per un matrimonio intimo ed emozionante.<\/p>\n<p>Alec e Thu hanno reso il loro matrimonio ancora pi\u00f9 speciale con una selezione di dettagli personalizzati. Dalle raffinate decorazioni floreali ai segnaposti unici, hanno curato ogni aspetto per creare un&#8217;atmosfera unica che riflettesse la loro personalit\u00e0. Gli ospiti sono stati accolti calorosamente e hanno potuto vivere un&#8217;esperienza autentica e coinvolgente.<\/p>\n<p>Alec e Thu hanno realizzato un matrimonio indimenticabile in Costiera Amalfitana, arricchito da una Fiat 500 Cabrio, icona dell&#8217;eleganza italiana, che ha accompagnato Alec e Thu in una romantica avventura lungo la spettacolare Costiera Amalfitana, immortalata in un prezioso video di matrimonio. Questi elementi combinati renderanno i loro ricordi ancora pi\u00f9 tangibili e preziosi per tutta la vita, mantenendo viva la magia del loro amore e dell&#8217;incantevole avventura vissuta insieme.<\/p>\n<p>La passione di Alec e Thu per i viaggi e la buona cucina si sono fuse perfettamente nel loro <a href=\"https:\/\/weddingvideographeramalficoast.com\/it\/destination-wedding-positano\/\">Matrimonio di destinazione Positano<\/a>. Hanno deliziato i loro ospiti con un raffinato pranzo di nozze preparato con ingredienti freschi locali e servito con l&#8217;eleganza tipica della cucina italiana. Ogni piatto \u00e8 stato una vera delizia per il palato, regalando un&#8217;esperienza gastronomica indimenticabile.<\/p>\n<p>Durante il loro soggiorno a Positano, Alec e Thu hanno avuto l&#8217;opportunit\u00e0 di esplorare i tesori di questa incantevole citt\u00e0. Passeggiarono per strade strette, visitarono boutique di moda locali e scoprirono spiagge pittoresche. Positano offre anche numerose escursioni, come una gita in barca per ammirare la costa e le grotte marine circostanti.<\/p>\n<p>Il <a href=\"https:\/\/it.wikipedia.org\/wiki\/Positano\">Matrimonio di destinazione Positano<\/a> Alec e Thu a Positano \u00e8 stato un sogno diventato realt\u00e0. Questa affascinante coppia ha creato un&#8217;esperienza indimenticabile per s\u00e9 e per i propri cari, celebrando l&#8217;amore in una delle destinazioni pi\u00f9 romantiche del mondo. Positano ha fornito lo sfondo perfetto per un matrimonio intimo ma ricco di emozioni, riunendo la passione per i viaggi e la buona cucina in un evento unico e magico.[\/vc_column_text][\/vc_column][\/vc_row][\/vc_section]<\/p>\n<\/section>","protected":false},"excerpt":{"rendered":"<p>[vc_section css=&#8221;.vc_custom_1706689400442{margin-top: 80px !important;margin-bottom: 80px !important;}&#8221;][vc_row css=&#8221;.vc_custom_1706689428742{margin-bottom: 50px !important;}&#8221;][vc_column][vc_custom_heading text=&#8221;AMORE IN ITALIA&#8221; font_container=&#8221;tag:h2|font_size:28|text_align:center&#8221; use_theme_fonts=&#8221;yes&#8221;][vc_custom_heading text=&#8221;Hotel Marincanto, Positano.&#8221; font_container=&#8221;tag:h2|font_size:20|text_align:center&#8221; use_theme_fonts=&#8221;yes&#8221; css=&#8221;.vc_custom_1706687034997{margin-top: -10px !important;}&#8221;][\/vc_column][\/vc_row][vc_row][vc_column][vc_video link=&#8221;https:\/\/vimeo.com\/794535380&#8243; css=&#8221;.vc_custom_1706689438688{margin-bottom: 50px !important;}&#8221;][vc_column_text]Se stai cercando un matrimonio indimenticabile in una destinazione affascinante, Positano, in Italia, \u00e8 la scelta perfetta. Alec e Thu, una coppia di Los Angeles che condivide la passione per&hellip; <a class=\"more-link\" href=\"https:\/\/weddingvideographeramalficoast.com\/it\/destination-wedding-positano\/\">Continue reading <span class=\"screen-reader-text\">Destination Wedding Positano<\/span><\/a><\/p>\n","protected":false},"author":1,"featured_media":3041,"parent":0,"menu_order":0,"comment_status":"closed","ping_status":"closed","template":"","meta":{"_acf_changed":false,"footnotes":""},"acf":[],"yoast_head":"<!-- This site is optimized with the Yoast SEO plugin v20.5 - https:\/\/yoast.com\/wordpress\/plugins\/seo\/ -->\n<title>Matrimonio di destinazione Positano: il paradiso romantico d&#039;Italia<\/title>\n<meta name=\"description\" content=\"Matrimonio di destinazione Positano, il paradiso romantico d&#039;Italia. Scopri una destinazione mozzafiato sulla costa amalfitana.\" \/>\n<meta name=\"robots\" content=\"index, follow, max-snippet:-1, max-image-preview:large, max-video-preview:-1\" \/>\n<link rel=\"canonical\" href=\"https:\/\/weddingvideographeramalficoast.com\/it\/destination-wedding-positano\/\" \/>\n<meta property=\"og:locale\" content=\"it_IT\" \/>\n<meta property=\"og:type\" content=\"article\" \/>\n<meta property=\"og:title\" content=\"Matrimonio di destinazione Positano: il paradiso romantico d&#039;Italia\" \/>\n<meta property=\"og:description\" content=\"Matrimonio di destinazione Positano, il paradiso romantico d&#039;Italia. Scopri una destinazione mozzafiato sulla costa amalfitana.\" \/>\n<meta property=\"og:url\" content=\"https:\/\/weddingvideographeramalficoast.com\/it\/destination-wedding-positano\/\" \/>\n<meta property=\"og:site_name\" content=\"Echo of Journey\" \/>\n<meta property=\"article:modified_time\" content=\"2024-09-19T06:03:35+00:00\" \/>\n<meta property=\"og:image\" content=\"https:\/\/weddingvideographeramalficoast.com\/wp-content\/uploads\/2022\/11\/villa-eva-12-1536x864-1.jpg\" \/>\n\t<meta property=\"og:image:width\" content=\"1536\" \/>\n\t<meta property=\"og:image:height\" content=\"864\" \/>\n\t<meta property=\"og:image:type\" content=\"image\/jpeg\" \/>\n<meta name=\"twitter:card\" content=\"summary_large_image\" \/>\n<meta name=\"twitter:title\" content=\"Matrimonio di destinazione Positano: il paradiso romantico d&#039;Italia\" \/>\n<meta name=\"twitter:description\" content=\"Matrimonio di destinazione Positano, il paradiso romantico d&#039;Italia. Scopri una destinazione mozzafiato sulla costa amalfitana.\" \/>\n<meta name=\"twitter:label1\" content=\"Tempo di lettura stimato\" \/>\n\t<meta name=\"twitter:data1\" content=\"2 minuti\" \/>\n<script type=\"application\/ld+json\" class=\"yoast-schema-graph\">{\"@context\":\"https:\/\/schema.org\",\"@graph\":[{\"@type\":\"WebPage\",\"@id\":\"https:\/\/weddingvideographeramalficoast.com\/it\/destination-wedding-positano\/\",\"url\":\"https:\/\/weddingvideographeramalficoast.com\/it\/destination-wedding-positano\/\",\"name\":\"Matrimonio di destinazione Positano: il paradiso romantico d'Italia\",\"isPartOf\":{\"@id\":\"https:\/\/weddingvideographeramalficoast.com\/#website\"},\"datePublished\":\"2024-01-30T13:30:22+00:00\",\"dateModified\":\"2024-09-19T06:03:35+00:00\",\"description\":\"Matrimonio di destinazione Positano, il paradiso romantico d'Italia. Scopri una destinazione mozzafiato sulla costa amalfitana.\",\"breadcrumb\":{\"@id\":\"https:\/\/weddingvideographeramalficoast.com\/it\/destination-wedding-positano\/#breadcrumb\"},\"inLanguage\":\"it-IT\",\"potentialAction\":[{\"@type\":\"ReadAction\",\"target\":[\"https:\/\/weddingvideographeramalficoast.com\/it\/destination-wedding-positano\/\"]}]},{\"@type\":\"BreadcrumbList\",\"@id\":\"https:\/\/weddingvideographeramalficoast.com\/it\/destination-wedding-positano\/#breadcrumb\",\"itemListElement\":[{\"@type\":\"ListItem\",\"position\":1,\"name\":\"Home\",\"item\":\"https:\/\/weddingvideographeramalficoast.com\/it\/\"},{\"@type\":\"ListItem\",\"position\":2,\"name\":\"Destination Wedding Positano\"}]},{\"@type\":\"WebSite\",\"@id\":\"https:\/\/weddingvideographeramalficoast.com\/#website\",\"url\":\"https:\/\/weddingvideographeramalficoast.com\/\",\"name\":\"Echo of Journey\",\"description\":\"wedding films\",\"publisher\":{\"@id\":\"https:\/\/weddingvideographeramalficoast.com\/#organization\"},\"potentialAction\":[{\"@type\":\"SearchAction\",\"target\":{\"@type\":\"EntryPoint\",\"urlTemplate\":\"https:\/\/weddingvideographeramalficoast.com\/?s={search_term_string}\"},\"query-input\":\"required name=search_term_string\"}],\"inLanguage\":\"it-IT\"},{\"@type\":\"Organization\",\"@id\":\"https:\/\/weddingvideographeramalficoast.com\/#organization\",\"name\":\"Echo of Journey\",\"url\":\"https:\/\/weddingvideographeramalficoast.com\/\",\"logo\":{\"@type\":\"ImageObject\",\"inLanguage\":\"it-IT\",\"@id\":\"https:\/\/weddingvideographeramalficoast.com\/#\/schema\/logo\/image\/\",\"url\":\"https:\/\/weddingvideographeramalficoast.com\/wp-content\/uploads\/2024\/11\/cropped-3-2.png\",\"contentUrl\":\"https:\/\/weddingvideographeramalficoast.com\/wp-content\/uploads\/2024\/11\/cropped-3-2.png\",\"width\":200,\"height\":111,\"caption\":\"Echo of Journey\"},\"image\":{\"@id\":\"https:\/\/weddingvideographeramalficoast.com\/#\/schema\/logo\/image\/\"}}]}<\/script>\n<!-- \/ Yoast SEO plugin. -->","yoast_head_json":{"title":"Matrimonio di destinazione Positano: il paradiso romantico d'Italia","description":"Matrimonio di destinazione Positano, il paradiso romantico d'Italia. Scopri una destinazione mozzafiato sulla costa amalfitana.","robots":{"index":"index","follow":"follow","max-snippet":"max-snippet:-1","max-image-preview":"max-image-preview:large","max-video-preview":"max-video-preview:-1"},"canonical":"https:\/\/weddingvideographeramalficoast.com\/it\/destination-wedding-positano\/","og_locale":"it_IT","og_type":"article","og_title":"Matrimonio di destinazione Positano: il paradiso romantico d'Italia","og_description":"Matrimonio di destinazione Positano, il paradiso romantico d'Italia. Scopri una destinazione mozzafiato sulla costa amalfitana.","og_url":"https:\/\/weddingvideographeramalficoast.com\/it\/destination-wedding-positano\/","og_site_name":"Echo of Journey","article_modified_time":"2024-09-19T06:03:35+00:00","og_image":[{"width":1536,"height":864,"url":"https:\/\/weddingvideographeramalficoast.com\/wp-content\/uploads\/2022\/11\/villa-eva-12-1536x864-1.jpg","type":"image\/jpeg"}],"twitter_card":"summary_large_image","twitter_title":"Matrimonio di destinazione Positano: il paradiso romantico d'Italia","twitter_description":"Matrimonio di destinazione Positano, il paradiso romantico d'Italia. Scopri una destinazione mozzafiato sulla costa amalfitana.","twitter_misc":{"Tempo di lettura stimato":"2 minuti"},"schema":{"@context":"https:\/\/schema.org","@graph":[{"@type":"WebPage","@id":"https:\/\/weddingvideographeramalficoast.com\/it\/destination-wedding-positano\/","url":"https:\/\/weddingvideographeramalficoast.com\/it\/destination-wedding-positano\/","name":"Matrimonio di destinazione Positano: il paradiso romantico d'Italia","isPartOf":{"@id":"https:\/\/weddingvideographeramalficoast.com\/#website"},"datePublished":"2024-01-30T13:30:22+00:00","dateModified":"2024-09-19T06:03:35+00:00","description":"Matrimonio di destinazione Positano, il paradiso romantico d'Italia. Scopri una destinazione mozzafiato sulla costa amalfitana.","breadcrumb":{"@id":"https:\/\/weddingvideographeramalficoast.com\/it\/destination-wedding-positano\/#breadcrumb"},"inLanguage":"it-IT","potentialAction":[{"@type":"ReadAction","target":["https:\/\/weddingvideographeramalficoast.com\/it\/destination-wedding-positano\/"]}]},{"@type":"BreadcrumbList","@id":"https:\/\/weddingvideographeramalficoast.com\/it\/destination-wedding-positano\/#breadcrumb","itemListElement":[{"@type":"ListItem","position":1,"name":"Home","item":"https:\/\/weddingvideographeramalficoast.com\/it\/"},{"@type":"ListItem","position":2,"name":"Destination Wedding Positano"}]},{"@type":"WebSite","@id":"https:\/\/weddingvideographeramalficoast.com\/#website","url":"https:\/\/weddingvideographeramalficoast.com\/","name":"Echo of Journey","description":"wedding films","publisher":{"@id":"https:\/\/weddingvideographeramalficoast.com\/#organization"},"potentialAction":[{"@type":"SearchAction","target":{"@type":"EntryPoint","urlTemplate":"https:\/\/weddingvideographeramalficoast.com\/?s={search_term_string}"},"query-input":"required name=search_term_string"}],"inLanguage":"it-IT"},{"@type":"Organization","@id":"https:\/\/weddingvideographeramalficoast.com\/#organization","name":"Echo of Journey","url":"https:\/\/weddingvideographeramalficoast.com\/","logo":{"@type":"ImageObject","inLanguage":"it-IT","@id":"https:\/\/weddingvideographeramalficoast.com\/#\/schema\/logo\/image\/","url":"https:\/\/weddingvideographeramalficoast.com\/wp-content\/uploads\/2024\/11\/cropped-3-2.png","contentUrl":"https:\/\/weddingvideographeramalficoast.com\/wp-content\/uploads\/2024\/11\/cropped-3-2.png","width":200,"height":111,"caption":"Echo of Journey"},"image":{"@id":"https:\/\/weddingvideographeramalficoast.com\/#\/schema\/logo\/image\/"}}]}},"_links":{"self":[{"href":"https:\/\/weddingvideographeramalficoast.com\/it\/wp-json\/wp\/v2\/pages\/3280"}],"collection":[{"href":"https:\/\/weddingvideographeramalficoast.com\/it\/wp-json\/wp\/v2\/pages"}],"about":[{"href":"https:\/\/weddingvideographeramalficoast.com\/it\/wp-json\/wp\/v2\/types\/page"}],"author":[{"embeddable":true,"href":"https:\/\/weddingvideographeramalficoast.com\/it\/wp-json\/wp\/v2\/users\/1"}],"replies":[{"embeddable":true,"href":"https:\/\/weddingvideographeramalficoast.com\/it\/wp-json\/wp\/v2\/comments?post=3280"}],"version-history":[{"count":7,"href":"https:\/\/weddingvideographeramalficoast.com\/it\/wp-json\/wp\/v2\/pages\/3280\/revisions"}],"predecessor-version":[{"id":3935,"href":"https:\/\/weddingvideographeramalficoast.com\/it\/wp-json\/wp\/v2\/pages\/3280\/revisions\/3935"}],"wp:featuredmedia":[{"embeddable":true,"href":"https:\/\/weddingvideographeramalficoast.com\/it\/wp-json\/wp\/v2\/media\/3041"}],"wp:attachment":[{"href":"https:\/\/weddingvideographeramalficoast.com\/it\/wp-json\/wp\/v2\/media?parent=3280"}],"curies":[{"name":"wp","href":"https:\/\/api.w.org\/{rel}","templated":true}]}}