{"id":3217,"date":"2024-01-30T09:54:36","date_gmt":"2024-01-30T09:54:36","guid":{"rendered":"https:\/\/weddingvideographeramalficoast.com\/?page_id=3217"},"modified":"2024-02-13T12:13:21","modified_gmt":"2024-02-13T12:13:21","slug":"about-us-wedding-videographer","status":"publish","type":"page","link":"https:\/\/weddingvideographeramalficoast.com\/it\/about-us-wedding-videographer\/","title":{"rendered":"About Us Wedding Videographer"},"content":{"rendered":"<section class=\"wpb-content-wrapper\"><p>[vc_section css=&#8221;.vc_custom_1706603234852{margin-top: 50px !important;margin-bottom: 50px !important;}&#8221;][vc_row][vc_column][vc_custom_heading text=&#8221;HI I&#8217;M LUCIANO&#8221; font_container=&#8221;tag:h2|font_size:28|text_align:center&#8221; use_theme_fonts=&#8221;yes&#8221;][vc_custom_heading text=&#8221;Get To Know Me&#8221; font_container=&#8221;tag:h2|font_size:18|text_align:center&#8221; use_theme_fonts=&#8221;yes&#8221;][\/vc_column][\/vc_row][\/vc_section][vc_section full_width=&#8221;stretch_row&#8221; css=&#8221;.vc_custom_1706608213990{margin-bottom: 50px !important;padding-top: 60px !important;padding-bottom: 30px !important;background-color: rgba(246,246,246,0.74) !important;*background-color: rgb(246,246,246) !important;}&#8221;][vc_row][vc_column width=&#8221;2\/3&#8243;][vc_custom_heading text=&#8221;CHI SIAMO&#8221; font_container=&#8221;tag:h2|font_size:28|text_align:left&#8221; use_theme_fonts=&#8221;yes&#8221;][vc_custom_heading text=&#8221;videografo di matrimoni con sede in Italia, disponibile in tutto il mondo.&#8221; font_container=&#8221;tag:h2|font_size:18|text_align:left&#8221; use_theme_fonts=&#8221;yes&#8221;][vc_column_text]La fotografia \u00e8 una passione nata quando ero bambino. Mio padre possedeva una compatta Pentax, la portavo spesso per fotografare. In verit\u00e0 ho simulato il gesto, non c&#8217;era mai il rullino all&#8217;interno, mi piaceva guardare nel mirino, vedere il taglio e mettere a fuoco. Questo mi bastava. La passione \u00e8 diventata professione molto presto, ho iniziato a lavorare in uno studio fotografico quando avevo solo quindici anni. D&#8217;estate uscivo per cerimonie, facevo da assistente: l\u00ec ho imparato gran parte della tecnica. D\u2019inverno, invece, subito dopo la scuola \u2013 mi sono diplomata all\u2019Istituto d\u2019Arte Filiberto Menna di Salerno \u2013 davo una mano in studio.<\/p>\n<p>In particolare mi sono occupata della stampa artigianale in bianco e nero, una magia che mi ha stregato. La specializzazione in linguaggio cinematografico \u00e8 arrivata dopo, anche un po&#8217; casualmente, l&#8217;urgenza di sostituire un collega, ed in effetti s\u00ec, a parte il peso non indifferente delle macchine da presa dell&#8217;epoca, le riprese e il montaggio mi hanno subito affascinato. Quindi quello che \u00e8 evidente \u00e8 che nella mia formazione si intrecciano <a href=\"https:\/\/weddingvideographeramalficoast.com\/en\/key-questions-to-find-your-ideal-wedding-videographer\/\">fotografia<\/a> e <span class=\"Y2IQFc\" lang=\"it\"><a href=\"https:\/\/en.wikipedia.org\/wiki\/Wedding_videography\">Videografo Matrimonio<\/a>\u00a0<\/span>, lo studio della luce e della composizione, elementi chiave dei wedding film di nuova concezione.[\/vc_column_text][\/vc_column][vc_column width=&#8221;1\/3&#8243;][vc_single_image image=&#8221;2967&#8243; img_size=&#8221;full&#8221;][\/vc_column][\/vc_row][\/vc_section][vc_section css=&#8221;.vc_custom_1706608222497{margin-top: 50px !important;padding-top: 30px !important;padding-bottom: 30px !important;}&#8221;][vc_row][vc_column width=&#8221;1\/4&#8243; css=&#8221;.vc_custom_1706607969854{padding-right: 35px !important;}&#8221;][vc_empty_space height=&#8221;250px&#8221;][vc_custom_heading text=&#8221;OUR STYLE&#8221; font_container=&#8221;tag:h2|font_size:28|text_align:right&#8221; use_theme_fonts=&#8221;yes&#8221;][vc_custom_heading text=&#8221;We Are Story Tellers&#8221; font_container=&#8221;tag:h2|font_size:28|text_align:right&#8221; use_theme_fonts=&#8221;yes&#8221;][\/vc_column][vc_column width=&#8221;3\/4&#8243; css=&#8221;.vc_custom_1706608149969{padding-left: 50px !important;}&#8221; el_class=&#8221;gt-bdr-line&#8221;][vc_custom_heading text=&#8221;vivi il momento, prova le emozioni&#8221; font_container=&#8221;tag:h2|font_size:26|text_align:right&#8221; use_theme_fonts=&#8221;yes&#8221;][vc_column_text]<\/p>\n<p style=\"text-align: right;\">Vogliamo raccontare momenti veri, realizzare un film personalizzato e senza tempo.<br \/>\nIl film del <a href=\"https:\/\/weddingvideographeramalficoast.com\/it\/about-us-wedding-videographer\/\">matrimonio<\/a> \u00e8 un vero film d\u2019autore, realizzato secondo un concetto definito, una narrazione. Ma allo stesso tempo, ci lasciamo travolgere dalle emozioni della giornata, da tutto ci\u00f2 che accade intorno a noi. Per noi l\u2019empatia \u00e8 fondamentale per permetterci di lavorare nel modo pi\u00f9 naturale possibile, per questo preferiamo conoscere personalmente i nostri clienti.<\/p>\n<p style=\"text-align: right;\">La chiamiamo pellicola, e vogliamo farlo, non per abitudine, ma perch\u00e9 le fotocamere mirrorless offrono la possibilit\u00e0 di lavorare in 35mm proprio come al cinema, sfruttando le peculiarit\u00e0 dell\u2019ottica fotografica, pi\u00f9 l\u2019utilizzo dei droni. , sound design, colore, fotografia, regia, cose su cui lavoriamo con cura per produrre il film di un evento reale. L\u2019uso dell\u2019audio ambientale, dei microfoni per garantire la chiarezza dei suoni e delle voci durante i discorsi, la scelta della colonna sonora di supporto, per la quale a volte passiamo ore, se non giorni, tutte queste cose fanno il film.<\/p>\n<p style=\"text-align: right;\">Durante i nostri servizi siamo poco invasivi, ci muoviamo con grande discrezione, limitando il pi\u00f9 possibile il tempo delle sedute di coppia. Ci impegniamo ad instaurare un rapporto di amicizia con gli sposi e i loro invitati, cercando di farli sentire a proprio agio. Sappiamo che il giorno del tuo matrimonio \u00e8 unico e importante, \u00e8 loro, di nessun altro.<\/p>\n<p style=\"text-align: right;\">Grazie alle tecniche, all\u2019innovazione, alle competenze e soprattutto alla sensibilit\u00e0 del <a href=\"https:\/\/weddingvideographeramalficoast.com\/it\/\">videomarker<\/a>, oggi \u00e8 possibile creare un vero e proprio racconto cinematografico capace non solo di evocare le emozioni del giorno della cerimonia, ma di generarne di nuove. La formazione in questo senso \u00e8 fondamentale come elemento capace di dare quel valore aggiunto che differenzia il lavoro di ognuno. E non parlo solo di conoscenze o competenze tecniche, ma di esperienze personali, passioni e quindi: viaggi, film, musica, libri, musei, teatro; tutti elementi necessari alla formazione del suo know-how. Il processo creativo non \u00e8 del tutto lineare, ma una volta immagazzinate tutte le suggestioni, ci capita di tirarle fuori nel momento pi\u00f9 propizio.<\/p>\n<p>[\/vc_column_text][\/vc_column][\/vc_row][\/vc_section][vc_section full_width=&#8221;stretch_row&#8221; css=&#8221;.vc_custom_1706608230369{margin-top: 50px !important;padding-top: 60px !important;padding-bottom: 30px !important;}&#8221;][vc_row][vc_column width=&#8221;2\/3&#8243;][vc_single_image image=&#8221;2987&#8243; img_size=&#8221;full&#8221; css=&#8221;.vc_custom_1706607662739{margin-right: 35px !important;}&#8221;][\/vc_column][vc_column width=&#8221;1\/3&#8243; el_class=&#8221;gt-bdr-line&#8221; css=&#8221;.vc_custom_1706607854330{margin-left: 25px !important;}&#8221;][vc_empty_space height=&#8221;130px&#8221;][vc_custom_heading text=&#8221;Contattaci&#8221; font_container=&#8221;tag:h2|font_size:26|text_align:left&#8221; use_theme_fonts=&#8221;yes&#8221;][vc_custom_heading text=&#8221;Prenota la tua data&#8221; font_container=&#8221;tag:h2|font_size:28|text_align:left&#8221; use_theme_fonts=&#8221;yes&#8221;][vc_column_text]<a style=\"color: #000;\" href=\"tel:+39 3281060248\">+39 3281060248<\/a><br \/>\n<a style=\"color: #000;\" href=\"mailto:info@weddingvideographeramalficoast.com\">info@weddingvideographeramalficoast.com<\/a>[\/vc_column_text][vc_column_text]<a class=\"rd-mr-btn\" href=\"https:\/\/weddingvideographeramalficoast.com\/en\/contactus\/\">CONTACT US<\/a>[\/vc_column_text][vc_empty_space height=&#8221;113px&#8221;][\/vc_column][\/vc_row][\/vc_section]<\/p>\n<\/section>","protected":false},"excerpt":{"rendered":"<p>[vc_section css=&#8221;.vc_custom_1706603234852{margin-top: 50px !important;margin-bottom: 50px !important;}&#8221;][vc_row][vc_column][vc_custom_heading text=&#8221;HI I&#8217;M LUCIANO&#8221; font_container=&#8221;tag:h2|font_size:28|text_align:center&#8221; use_theme_fonts=&#8221;yes&#8221;][vc_custom_heading text=&#8221;Get To Know Me&#8221; font_container=&#8221;tag:h2|font_size:18|text_align:center&#8221; use_theme_fonts=&#8221;yes&#8221;][\/vc_column][\/vc_row][\/vc_section][vc_section full_width=&#8221;stretch_row&#8221; css=&#8221;.vc_custom_1706608213990{margin-bottom: 50px !important;padding-top: 60px !important;padding-bottom: 30px !important;background-color: rgba(246,246,246,0.74) !important;*background-color: rgb(246,246,246) !important;}&#8221;][vc_row][vc_column width=&#8221;2\/3&#8243;][vc_custom_heading text=&#8221;CHI SIAMO&#8221; font_container=&#8221;tag:h2|font_size:28|text_align:left&#8221; use_theme_fonts=&#8221;yes&#8221;][vc_custom_heading text=&#8221;videografo di matrimoni con sede in Italia, disponibile in tutto il mondo.&#8221; font_container=&#8221;tag:h2|font_size:18|text_align:left&#8221; use_theme_fonts=&#8221;yes&#8221;][vc_column_text]La fotografia \u00e8 una passione nata quando ero&hellip; <a class=\"more-link\" href=\"https:\/\/weddingvideographeramalficoast.com\/it\/about-us-wedding-videographer\/\">Continue reading <span class=\"screen-reader-text\">About Us Wedding Videographer<\/span><\/a><\/p>\n","protected":false},"author":1,"featured_media":3805,"parent":0,"menu_order":0,"comment_status":"closed","ping_status":"closed","template":"","meta":{"_acf_changed":false,"footnotes":""},"acf":[],"yoast_head":"<!-- This site is optimized with the Yoast SEO plugin v20.5 - https:\/\/yoast.com\/wordpress\/plugins\/seo\/ -->\n<title>Chi Siamo - Videografo Matrimonio Costiera Amalfitana<\/title>\n<meta name=\"description\" content=\"Siamo i principali Videografo Matrimonio in Costiera Amalfitana, dediti a preservare i vostri momenti preziosi con arte cinematografica.\" \/>\n<meta name=\"robots\" content=\"index, follow, max-snippet:-1, max-image-preview:large, max-video-preview:-1\" \/>\n<link rel=\"canonical\" href=\"https:\/\/weddingvideographeramalficoast.com\/it\/about-us-wedding-videographer\/\" \/>\n<meta property=\"og:locale\" content=\"it_IT\" \/>\n<meta property=\"og:type\" content=\"article\" \/>\n<meta property=\"og:title\" content=\"Chi Siamo - Videografo Matrimonio Costiera Amalfitana\" \/>\n<meta property=\"og:description\" content=\"Siamo i principali Videografo Matrimonio in Costiera Amalfitana, dediti a preservare i vostri momenti preziosi con arte cinematografica.\" \/>\n<meta property=\"og:url\" content=\"https:\/\/weddingvideographeramalficoast.com\/it\/about-us-wedding-videographer\/\" \/>\n<meta property=\"og:site_name\" content=\"Echo of Journey\" \/>\n<meta property=\"article:modified_time\" content=\"2024-02-13T12:13:21+00:00\" \/>\n<meta property=\"og:image\" content=\"https:\/\/weddingvideographeramalficoast.com\/wp-content\/uploads\/2024\/02\/about-img-page-1.jpg\" \/>\n\t<meta property=\"og:image:width\" content=\"401\" \/>\n\t<meta property=\"og:image:height\" content=\"446\" \/>\n\t<meta property=\"og:image:type\" content=\"image\/jpeg\" \/>\n<meta name=\"twitter:card\" content=\"summary_large_image\" \/>\n<meta name=\"twitter:title\" content=\"Chi Siamo - Videografo Matrimonio Costiera Amalfitana\" \/>\n<meta name=\"twitter:description\" content=\"Siamo i principali Videografo Matrimonio in Costiera Amalfitana, dediti a preservare i vostri momenti preziosi con arte cinematografica.\" \/>\n<meta name=\"twitter:label1\" content=\"Tempo di lettura stimato\" \/>\n\t<meta name=\"twitter:data1\" content=\"3 minuti\" \/>\n<script type=\"application\/ld+json\" class=\"yoast-schema-graph\">{\"@context\":\"https:\/\/schema.org\",\"@graph\":[{\"@type\":\"WebPage\",\"@id\":\"https:\/\/weddingvideographeramalficoast.com\/it\/about-us-wedding-videographer\/\",\"url\":\"https:\/\/weddingvideographeramalficoast.com\/it\/about-us-wedding-videographer\/\",\"name\":\"Chi Siamo - Videografo Matrimonio Costiera Amalfitana\",\"isPartOf\":{\"@id\":\"https:\/\/weddingvideographeramalficoast.com\/#website\"},\"datePublished\":\"2024-01-30T09:54:36+00:00\",\"dateModified\":\"2024-02-13T12:13:21+00:00\",\"description\":\"Siamo i principali Videografo Matrimonio in Costiera Amalfitana, dediti a preservare i vostri momenti preziosi con arte cinematografica.\",\"breadcrumb\":{\"@id\":\"https:\/\/weddingvideographeramalficoast.com\/it\/about-us-wedding-videographer\/#breadcrumb\"},\"inLanguage\":\"it-IT\",\"potentialAction\":[{\"@type\":\"ReadAction\",\"target\":[\"https:\/\/weddingvideographeramalficoast.com\/it\/about-us-wedding-videographer\/\"]}]},{\"@type\":\"BreadcrumbList\",\"@id\":\"https:\/\/weddingvideographeramalficoast.com\/it\/about-us-wedding-videographer\/#breadcrumb\",\"itemListElement\":[{\"@type\":\"ListItem\",\"position\":1,\"name\":\"Home\",\"item\":\"https:\/\/weddingvideographeramalficoast.com\/it\/\"},{\"@type\":\"ListItem\",\"position\":2,\"name\":\"About Us Wedding Videographer\"}]},{\"@type\":\"WebSite\",\"@id\":\"https:\/\/weddingvideographeramalficoast.com\/#website\",\"url\":\"https:\/\/weddingvideographeramalficoast.com\/\",\"name\":\"Echo of Journey\",\"description\":\"wedding films\",\"publisher\":{\"@id\":\"https:\/\/weddingvideographeramalficoast.com\/#organization\"},\"potentialAction\":[{\"@type\":\"SearchAction\",\"target\":{\"@type\":\"EntryPoint\",\"urlTemplate\":\"https:\/\/weddingvideographeramalficoast.com\/?s={search_term_string}\"},\"query-input\":\"required name=search_term_string\"}],\"inLanguage\":\"it-IT\"},{\"@type\":\"Organization\",\"@id\":\"https:\/\/weddingvideographeramalficoast.com\/#organization\",\"name\":\"Echo of Journey\",\"url\":\"https:\/\/weddingvideographeramalficoast.com\/\",\"logo\":{\"@type\":\"ImageObject\",\"inLanguage\":\"it-IT\",\"@id\":\"https:\/\/weddingvideographeramalficoast.com\/#\/schema\/logo\/image\/\",\"url\":\"https:\/\/weddingvideographeramalficoast.com\/wp-content\/uploads\/2024\/11\/cropped-3-2.png\",\"contentUrl\":\"https:\/\/weddingvideographeramalficoast.com\/wp-content\/uploads\/2024\/11\/cropped-3-2.png\",\"width\":200,\"height\":111,\"caption\":\"Echo of Journey\"},\"image\":{\"@id\":\"https:\/\/weddingvideographeramalficoast.com\/#\/schema\/logo\/image\/\"}}]}<\/script>\n<!-- \/ Yoast SEO plugin. -->","yoast_head_json":{"title":"Chi Siamo - Videografo Matrimonio Costiera Amalfitana","description":"Siamo i principali Videografo Matrimonio in Costiera Amalfitana, dediti a preservare i vostri momenti preziosi con arte cinematografica.","robots":{"index":"index","follow":"follow","max-snippet":"max-snippet:-1","max-image-preview":"max-image-preview:large","max-video-preview":"max-video-preview:-1"},"canonical":"https:\/\/weddingvideographeramalficoast.com\/it\/about-us-wedding-videographer\/","og_locale":"it_IT","og_type":"article","og_title":"Chi Siamo - Videografo Matrimonio Costiera Amalfitana","og_description":"Siamo i principali Videografo Matrimonio in Costiera Amalfitana, dediti a preservare i vostri momenti preziosi con arte cinematografica.","og_url":"https:\/\/weddingvideographeramalficoast.com\/it\/about-us-wedding-videographer\/","og_site_name":"Echo of Journey","article_modified_time":"2024-02-13T12:13:21+00:00","og_image":[{"width":401,"height":446,"url":"https:\/\/weddingvideographeramalficoast.com\/wp-content\/uploads\/2024\/02\/about-img-page-1.jpg","type":"image\/jpeg"}],"twitter_card":"summary_large_image","twitter_title":"Chi Siamo - Videografo Matrimonio Costiera Amalfitana","twitter_description":"Siamo i principali Videografo Matrimonio in Costiera Amalfitana, dediti a preservare i vostri momenti preziosi con arte cinematografica.","twitter_misc":{"Tempo di lettura stimato":"3 minuti"},"schema":{"@context":"https:\/\/schema.org","@graph":[{"@type":"WebPage","@id":"https:\/\/weddingvideographeramalficoast.com\/it\/about-us-wedding-videographer\/","url":"https:\/\/weddingvideographeramalficoast.com\/it\/about-us-wedding-videographer\/","name":"Chi Siamo - Videografo Matrimonio Costiera Amalfitana","isPartOf":{"@id":"https:\/\/weddingvideographeramalficoast.com\/#website"},"datePublished":"2024-01-30T09:54:36+00:00","dateModified":"2024-02-13T12:13:21+00:00","description":"Siamo i principali Videografo Matrimonio in Costiera Amalfitana, dediti a preservare i vostri momenti preziosi con arte cinematografica.","breadcrumb":{"@id":"https:\/\/weddingvideographeramalficoast.com\/it\/about-us-wedding-videographer\/#breadcrumb"},"inLanguage":"it-IT","potentialAction":[{"@type":"ReadAction","target":["https:\/\/weddingvideographeramalficoast.com\/it\/about-us-wedding-videographer\/"]}]},{"@type":"BreadcrumbList","@id":"https:\/\/weddingvideographeramalficoast.com\/it\/about-us-wedding-videographer\/#breadcrumb","itemListElement":[{"@type":"ListItem","position":1,"name":"Home","item":"https:\/\/weddingvideographeramalficoast.com\/it\/"},{"@type":"ListItem","position":2,"name":"About Us Wedding Videographer"}]},{"@type":"WebSite","@id":"https:\/\/weddingvideographeramalficoast.com\/#website","url":"https:\/\/weddingvideographeramalficoast.com\/","name":"Echo of Journey","description":"wedding films","publisher":{"@id":"https:\/\/weddingvideographeramalficoast.com\/#organization"},"potentialAction":[{"@type":"SearchAction","target":{"@type":"EntryPoint","urlTemplate":"https:\/\/weddingvideographeramalficoast.com\/?s={search_term_string}"},"query-input":"required name=search_term_string"}],"inLanguage":"it-IT"},{"@type":"Organization","@id":"https:\/\/weddingvideographeramalficoast.com\/#organization","name":"Echo of Journey","url":"https:\/\/weddingvideographeramalficoast.com\/","logo":{"@type":"ImageObject","inLanguage":"it-IT","@id":"https:\/\/weddingvideographeramalficoast.com\/#\/schema\/logo\/image\/","url":"https:\/\/weddingvideographeramalficoast.com\/wp-content\/uploads\/2024\/11\/cropped-3-2.png","contentUrl":"https:\/\/weddingvideographeramalficoast.com\/wp-content\/uploads\/2024\/11\/cropped-3-2.png","width":200,"height":111,"caption":"Echo of Journey"},"image":{"@id":"https:\/\/weddingvideographeramalficoast.com\/#\/schema\/logo\/image\/"}}]}},"_links":{"self":[{"href":"https:\/\/weddingvideographeramalficoast.com\/it\/wp-json\/wp\/v2\/pages\/3217"}],"collection":[{"href":"https:\/\/weddingvideographeramalficoast.com\/it\/wp-json\/wp\/v2\/pages"}],"about":[{"href":"https:\/\/weddingvideographeramalficoast.com\/it\/wp-json\/wp\/v2\/types\/page"}],"author":[{"embeddable":true,"href":"https:\/\/weddingvideographeramalficoast.com\/it\/wp-json\/wp\/v2\/users\/1"}],"replies":[{"embeddable":true,"href":"https:\/\/weddingvideographeramalficoast.com\/it\/wp-json\/wp\/v2\/comments?post=3217"}],"version-history":[{"count":9,"href":"https:\/\/weddingvideographeramalficoast.com\/it\/wp-json\/wp\/v2\/pages\/3217\/revisions"}],"predecessor-version":[{"id":4197,"href":"https:\/\/weddingvideographeramalficoast.com\/it\/wp-json\/wp\/v2\/pages\/3217\/revisions\/4197"}],"wp:featuredmedia":[{"embeddable":true,"href":"https:\/\/weddingvideographeramalficoast.com\/it\/wp-json\/wp\/v2\/media\/3805"}],"wp:attachment":[{"href":"https:\/\/weddingvideographeramalficoast.com\/it\/wp-json\/wp\/v2\/media?parent=3217"}],"curies":[{"name":"wp","href":"https:\/\/api.w.org\/{rel}","templated":true}]}}