{"id":12,"date":"2022-11-05T08:16:21","date_gmt":"2022-11-05T08:16:21","guid":{"rendered":"https:\/\/weddingvideographeramalficoast.com\/?page_id=12"},"modified":"2024-02-07T12:55:00","modified_gmt":"2024-02-07T12:55:00","slug":"aree-di-attivita","status":"publish","type":"page","link":"https:\/\/weddingvideographeramalficoast.com\/it\/aree-di-attivita\/","title":{"rendered":"Aree di Attivit\u00e0"},"content":{"rendered":"<section class=\"wpb-content-wrapper\"><p>[vc_section full_width=&#8221;stretch_row&#8221; css=&#8221;.vc_custom_1669274990906{background-color: #fcfcfc !important;}&#8221;][vc_row][vc_column][vc_custom_heading text=&#8221;<b>Aree di attivit\u00e0<\/b>&#8221; font_container=&#8221;tag:h2|text_align:center&#8221; use_theme_fonts=&#8221;yes&#8221;][vc_custom_heading text=&#8221;<i>I nostri Servizi Legali<\/i>&#8221; font_container=&#8221;tag:h2|font_size:20|text_align:center&#8221; use_theme_fonts=&#8221;yes&#8221;][vc_single_image image=&#8221;159&#8243; img_size=&#8221;full&#8221; alignment=&#8221;center&#8221;][vc_column_text]<\/p>\n<div class=\"os-about-content\">\n<p style=\"text-align: left;\">Operiamo in modo completo nell\u2019ambito del <b>diritto civile,<\/b> con particolare focus sul <b>diritto societario<\/b> e <b>commerciale.<\/b><\/p>\n<p style=\"text-align: left;\">Ulteriori aree di <a href=\"https:\/\/it.wikipedia.org\/wiki\/Attivit%C3%A0\">attivit\u00e0<\/a> sono rappresentate dal <b>diritto bancario, diritto di internet e delle nuove tecnologie, diritto internazionale privato, diritto tributario, contrattualistica di impresa e contenzioso giudiziale ed arbitrale, sia a livello italiano che internazionale.<\/b><\/p>\n<p style=\"text-align: left;\">Riteniamo che solo uno studio costante volto a conseguire una sempre maggior <b>specializzazione<\/b> consenta di apportare un valore aggiunto e qualit\u00e0 nei servizi offerti.<\/p>\n<\/div>\n<p>[\/vc_column_text][\/vc_column][\/vc_row][\/vc_section][vc_section css=&#8221;.vc_custom_1669266062051{margin-top: 40px !important;}&#8221;][vc_row][vc_column width=&#8221;1\/3&#8243;][vc_single_image image=&#8221;2209&#8243; img_size=&#8221;192px&#8221; alignment=&#8221;center&#8221; onclick=&#8221;custom_link&#8221; css_animation=&#8221;bounceInUp&#8221; link=&#8221;https:\/\/weddingvideographeramalficoast.com\/diritto-commerciale-societario\/&#8221;][vc_column_text css_animation=&#8221;bounceInUp&#8221; css=&#8221;.vc_custom_1676915989050{margin-top: -15px !important;}&#8221;]<\/p>\n<div class=\"practice-content\">\n<h4 style=\"text-align: left;\"><strong><a href=\"https:\/\/weddingvideographeramalficoast.com\/diritto-commerciale-societario-legale-Brescia\/\">Diritto Commerciale e Societario<\/a><\/strong><\/h4>\n<p class=\"para\">Cerchi un avvocato per la tua Azienda? Devi acquistare o vendere un&#8217;Azienda?<\/p>\n<p><a class=\"details-btn\" href=\"https:\/\/weddingvideographeramalficoast.com\/diritto-commerciale-societario-legale-Brescia\/\">Learn More<\/a><\/p>\n<\/div>\n<p>[\/vc_column_text][\/vc_column][vc_column width=&#8221;1\/3&#8243;][vc_single_image image=&#8221;2169&#8243; img_size=&#8221;192px&#8221; alignment=&#8221;center&#8221; onclick=&#8221;custom_link&#8221; css_animation=&#8221;bounceInUp&#8221; link=&#8221;https:\/\/weddingvideographeramalficoast.com\/contratti-commerciali\/&#8221;][vc_column_text css_animation=&#8221;bounceInUp&#8221; css=&#8221;.vc_custom_1676915914760{margin-top: -15px !important;}&#8221;]<\/p>\n<div class=\"practice-content\">\n<h4><strong><a href=\"https:\/\/weddingvideographeramalficoast.com\/avvocato-brescia-contratti-internazionali\/\">Contratti Commerciali<\/a><\/strong><\/h4>\n<p class=\"para\">Crea su misura il Contratto per i tuoi affari, anche internazionali, e esporta senza patemi<\/p>\n<p><a class=\"details-btn\" href=\"https:\/\/weddingvideographeramalficoast.com\/avvocato-brescia-contratti-internazionali\/\">Learn More<\/a><\/p>\n<\/div>\n<p>[\/vc_column_text][\/vc_column][vc_column width=&#8221;1\/3&#8243;][vc_single_image image=&#8221;2161&#8243; img_size=&#8221;192px&#8221; alignment=&#8221;center&#8221; onclick=&#8221;custom_link&#8221; css_animation=&#8221;bounceInUp&#8221; link=&#8221;https:\/\/weddingvideographeramalficoast.com\/ecommerce-diritto-web\/&#8221;][vc_column_text css_animation=&#8221;bounceInUp&#8221; css=&#8221;.vc_custom_1676916101272{margin-top: -15px !important;}&#8221;]<\/p>\n<div class=\"practice-content\">\n<h4><strong><a href=\"https:\/\/weddingvideographeramalficoast.com\/ecommerce-diritto-web-brescia\/\">E-Commerce | Diritto del Web<\/a><\/strong><\/h4>\n<p class=\"para\">Il tuo Sito Web e il tuo portale E-commerce sempre a norma di legge<\/p>\n<p><a class=\"details-btn\" href=\"https:\/\/weddingvideographeramalficoast.com\/ecommerce-diritto-web-brescia\/\">Learn More<\/a><\/p>\n<\/div>\n<p>[\/vc_column_text][\/vc_column][\/vc_row][vc_row][vc_column width=&#8221;1\/3&#8243;][vc_single_image image=&#8221;2205&#8243; img_size=&#8221;192px&#8221; alignment=&#8221;center&#8221; onclick=&#8221;custom_link&#8221; css_animation=&#8221;bounceInUp&#8221; link=&#8221;https:\/\/weddingvideographeramalficoast.com\/diritto-bancario-finanziario\/&#8221;][vc_column_text css_animation=&#8221;bounceInUp&#8221; css=&#8221;.vc_custom_1676916309863{margin-top: -15px !important;}&#8221;]<\/p>\n<div class=\"practice-content\">\n<h4><strong><a href=\"https:\/\/weddingvideographeramalficoast.com\/diritto-bancario-anatocismo-usura-brescia\/\">Diritto Bancario e Finanziario<\/a><\/strong><\/h4>\n<p class=\"para\">Problemi nei rapporti con le Banche? Hai subito perdite da investimenti finanziari?<\/p>\n<p><a class=\"details-btn\" href=\"https:\/\/weddingvideographeramalficoast.com\/diritto-bancario-anatocismo-usura-brescia\/\">Learn More<\/a><\/p>\n<\/div>\n<p>[\/vc_column_text][\/vc_column][vc_column width=&#8221;1\/3&#8243;][vc_single_image image=&#8221;2175&#8243; img_size=&#8221;192px&#8221; alignment=&#8221;center&#8221; onclick=&#8221;custom_link&#8221; css_animation=&#8221;bounceInUp&#8221; link=&#8221;https:\/\/weddingvideographeramalficoast.com\/contenzioso-e-arbitrati\/&#8221;][vc_column_text css_animation=&#8221;bounceInUp&#8221; css=&#8221;.vc_custom_1676916414402{margin-top: -15px !important;}&#8221;]<\/p>\n<div class=\"practice-content\">\n<h4><strong><a href=\"https:\/\/weddingvideographeramalficoast.com\/contenzioso-recupero-crediti-brescia\/\">Contenzioso e Arbitrati<\/a><\/strong><\/h4>\n<p class=\"para\">Devi intraprendere una Causa Civile? Devi recuperare un Credito?<\/p>\n<p><a class=\"details-btn\" href=\"https:\/\/weddingvideographeramalficoast.com\/contenzioso-e-arbitrati\/\">Learn More<\/a><\/p>\n<\/div>\n<p>[\/vc_column_text][\/vc_column][vc_column width=&#8221;1\/3&#8243;][vc_single_image image=&#8221;2179&#8243; img_size=&#8221;192px&#8221; alignment=&#8221;center&#8221; onclick=&#8221;custom_link&#8221; css_animation=&#8221;bounceInUp&#8221; link=&#8221;https:\/\/weddingvideographeramalficoast.com\/real-estate-aste-crediti-npl\/&#8221;][vc_column_text css_animation=&#8221;bounceInUp&#8221; css=&#8221;.vc_custom_1676916557578{margin-top: -15px !important;}&#8221;]<\/p>\n<div class=\"practice-content\">\n<h4><strong><a href=\"https:\/\/weddingvideographeramalficoast.com\/real-estate-aste-crediti-npl-brescia\/\">Real Estate | Aste | Crediti NPL<\/a><\/strong><\/h4>\n<p class=\"para\">Hai bisogno di assistenza per Aste immobiliari o per acquisire Crediti NPL ipotecari?<\/p>\n<p><a class=\"details-btn\" href=\"https:\/\/weddingvideographeramalficoast.com\/real-estate-aste-crediti-npl-brescia\/\">Learn More<\/a><\/p>\n<\/div>\n<p>[\/vc_column_text][\/vc_column][\/vc_row][vc_row][vc_column width=&#8221;1\/3&#8243;][vc_single_image image=&#8221;2182&#8243; img_size=&#8221;192px&#8221; alignment=&#8221;center&#8221; onclick=&#8221;custom_link&#8221; css_animation=&#8221;bounceInUp&#8221; link=&#8221;https:\/\/weddingvideographeramalficoast.com\/passaggio-generazionale-impresa-successioni-trust\/&#8221;][vc_column_text css_animation=&#8221;bounceInUp&#8221; css=&#8221;.vc_custom_1674426926187{margin-top: -15px !important;}&#8221;]<\/p>\n<div class=\"practice-content\">\n<h4><strong><a href=\"https:\/\/weddingvideographeramalficoast.com\/passaggio-generazionale-impresa-successioni-trust\/\">Passaggio generazionale Impresa<\/a><\/strong><\/h4>\n<p class=\"para\">Hai l&#8217;esigenza di pianificare la tua Successione? Devi affrontare un contenzioso ereditario?<\/p>\n<p><a class=\"details-btn\" href=\"https:\/\/weddingvideographeramalficoast.com\/passaggio-generazionale-impresa-successioni-trust\/\">Learn More<\/a><\/p>\n<\/div>\n<p>[\/vc_column_text][\/vc_column][vc_column width=&#8221;1\/3&#8243;][vc_single_image image=&#8221;2201&#8243; img_size=&#8221;192px&#8221; alignment=&#8221;center&#8221; onclick=&#8221;custom_link&#8221; css_animation=&#8221;bounceInUp&#8221; link=&#8221;https:\/\/weddingvideographeramalficoast.com\/diritto-tributario\/&#8221;][vc_column_text css_animation=&#8221;bounceInUp&#8221; css=&#8221;.vc_custom_1674426824134{margin-top: -15px !important;}&#8221;]<\/p>\n<div class=\"practice-content\">\n<h4><a href=\"https:\/\/weddingvideographeramalficoast.com\/diritto-tributario\/\"><strong>Diritto Tributario<\/strong><\/a><\/h4>\n<p class=\"para\">Hai bisogno di consulenza sul Tax Planning? Ti trovi a dover affrontare un contenzioso Tributario?<\/p>\n<p><a class=\"details-btn\" href=\"https:\/\/weddingvideographeramalficoast.com\/diritto-tributario\/\">Learn More<\/a><\/p>\n<\/div>\n<p>[\/vc_column_text][\/vc_column][vc_column width=&#8221;1\/3&#8243;][vc_single_image image=&#8221;2185&#8243; img_size=&#8221;192px&#8221; alignment=&#8221;center&#8221; onclick=&#8221;custom_link&#8221; css_animation=&#8221;bounceInUp&#8221; link=&#8221;https:\/\/weddingvideographeramalficoast.com\/compliance-privacy-responsabilita-enti\/&#8221;][vc_column_text css_animation=&#8221;bounceInUp&#8221; css=&#8221;.vc_custom_1674426846253{margin-top: -15px !important;}&#8221;]<\/p>\n<div class=\"practice-content\">\n<h4><strong><a href=\"https:\/\/weddingvideographeramalficoast.com\/compliance-privacy-responsabilita-enti\/\">Compliance | Privacy (GDPR)<\/a><\/strong><\/h4>\n<p class=\"para\">Necessiti di assistenza e consulenza in materia di compliance Privacy e GDPR, o di redazione del &#8220;Modello 231&#8221;?<\/p>\n<p><a class=\"details-btn\" href=\"https:\/\/weddingvideographeramalficoast.com\/compliance-privacy-responsabilita-enti\/\">Learn More<\/a><\/p>\n<\/div>\n<p>[\/vc_column_text][\/vc_column][\/vc_row][vc_row][vc_column width=&#8221;1\/3&#8243;][vc_single_image image=&#8221;2188&#8243; img_size=&#8221;192px&#8221; alignment=&#8221;center&#8221; onclick=&#8221;custom_link&#8221; css_animation=&#8221;bounceInUp&#8221; link=&#8221;https:\/\/weddingvideographeramalficoast.com\/diritto-vitivinicolo\/&#8221;][vc_column_text css_animation=&#8221;bounceInUp&#8221; css=&#8221;.vc_custom_1674426964710{margin-top: -15px !important;}&#8221;]<\/p>\n<div class=\"practice-content\">\n<h4><strong><a href=\"https:\/\/weddingvideographeramalficoast.com\/diritto-vitivinicolo\/\">Diritto Vi<\/a><a href=\"https:\/\/weddingvideographeramalficoast.com\/diritto-vitivinicolo\/\">tivinicolo<\/a><\/strong><\/h4>\n<p class=\"para\">Hai un&#8217;azienda vinicola? Necessiti di assistenza specifica in materia di Diritto Vitivinicolo o contrattualistica del settore?<\/p>\n<p><a class=\"details-btn\" href=\"https:\/\/weddingvideographeramalficoast.com\/diritto-vitivinicolo\/\">Learn More<\/a><\/p>\n<\/div>\n<p>[\/vc_column_text][\/vc_column][vc_column width=&#8221;1\/3&#8243;][vc_single_image image=&#8221;2197&#8243; img_size=&#8221;192px&#8221; alignment=&#8221;center&#8221; onclick=&#8221;custom_link&#8221; css_animation=&#8221;bounceInUp&#8221; link=&#8221;https:\/\/weddingvideographeramalficoast.com\/ip-registrazione-marchi\/&#8221;][vc_column_text css_animation=&#8221;bounceInUp&#8221; css=&#8221;.vc_custom_1674426985727{margin-top: -15px !important;}&#8221;]<\/p>\n<div class=\"practice-content\">\n<h4><strong><a href=\"https:\/\/weddingvideographeramalficoast.com\/ip-registrazione-marchi\/\">IP | Registrazione Marchi<\/a><\/strong><\/h4>\n<p class=\"para\">Devi registrare o tutelare un Marchio? Devi vendere o concedere in licenza il tuo Marchio o il tuo Brevetto?<\/p>\n<p><a class=\"details-btn\" href=\"https:\/\/weddingvideographeramalficoast.com\/ip-registrazione-marchi\/\">Learn More<\/a><\/p>\n<\/div>\n<p>[\/vc_column_text][\/vc_column][vc_column width=&#8221;1\/3&#8243;][vc_single_image image=&#8221;2194&#8243; img_size=&#8221;192px&#8221; alignment=&#8221;center&#8221; onclick=&#8221;custom_link&#8221; css_animation=&#8221;bounceInUp&#8221; link=&#8221;https:\/\/weddingvideographeramalficoast.com\/diritto-sportivo\/&#8221;][vc_column_text css_animation=&#8221;bounceInUp&#8221; css=&#8221;.vc_custom_1674426996776{margin-top: -15px !important;}&#8221;]<\/p>\n<div class=\"practice-content\">\n<h4><strong><a href=\"https:\/\/weddingvideographeramalficoast.com\/diritto-sportivo\/\">Diritto Sportivo<\/a><\/strong><\/h4>\n<p class=\"para\">Ti serve assistenza per la negoziazione di un contratto per la cessione di prestazioni sportive o di sponsorizzazione?<\/p>\n<p><a class=\"details-btn\" href=\"https:\/\/weddingvideographeramalficoast.com\/diritto-sportivo\/\">Learn More<\/a><\/p>\n<\/div>\n<p>[\/vc_column_text][\/vc_column][\/vc_row][\/vc_section]<\/p>\n<\/section>","protected":false},"excerpt":{"rendered":"<p>[vc_section full_width=&#8221;stretch_row&#8221; css=&#8221;.vc_custom_1669274990906{background-color: #fcfcfc !important;}&#8221;][vc_row][vc_column][vc_custom_heading text=&#8221;Aree di attivit\u00e0&#8221; font_container=&#8221;tag:h2|text_align:center&#8221; use_theme_fonts=&#8221;yes&#8221;][vc_custom_heading text=&#8221;I nostri Servizi Legali&#8221; font_container=&#8221;tag:h2|font_size:20|text_align:center&#8221; use_theme_fonts=&#8221;yes&#8221;][vc_single_image image=&#8221;159&#8243; img_size=&#8221;full&#8221; alignment=&#8221;center&#8221;][vc_column_text] Operiamo in modo completo nell\u2019ambito del diritto civile, con particolare focus sul diritto societario e commerciale. Ulteriori aree di attivit\u00e0 sono rappresentate dal diritto bancario, diritto di internet e delle nuove tecnologie, diritto internazionale privato, diritto&hellip; <a class=\"more-link\" href=\"https:\/\/weddingvideographeramalficoast.com\/it\/aree-di-attivita\/\">Continue reading <span class=\"screen-reader-text\">Aree di Attivit\u00e0<\/span><\/a><\/p>\n","protected":false},"author":1,"featured_media":77,"parent":0,"menu_order":0,"comment_status":"closed","ping_status":"closed","template":"","meta":{"_acf_changed":false,"footnotes":""},"acf":[],"yoast_head":"<!-- This site is optimized with the Yoast SEO plugin v20.5 - https:\/\/yoast.com\/wordpress\/plugins\/seo\/ -->\n<title>Aree di Attivit\u00e0 - Wedding Videographer<\/title>\n<meta name=\"description\" content=\"Esplora le diverse aree di attivit\u00e0 del nostro servizio di videografia per matrimoni. Catturiamo i momenti pi\u00f9 belli del tuo giorno speciale.\" \/>\n<meta name=\"robots\" content=\"index, follow, max-snippet:-1, max-image-preview:large, max-video-preview:-1\" \/>\n<link rel=\"canonical\" href=\"https:\/\/weddingvideographeramalficoast.com\/it\/aree-di-attivita\/\" \/>\n<meta property=\"og:locale\" content=\"it_IT\" \/>\n<meta property=\"og:type\" content=\"article\" \/>\n<meta property=\"og:title\" content=\"Aree di Attivit\u00e0 - Wedding Videographer\" \/>\n<meta property=\"og:description\" content=\"Esplora le diverse aree di attivit\u00e0 del nostro servizio di videografia per matrimoni. Catturiamo i momenti pi\u00f9 belli del tuo giorno speciale.\" \/>\n<meta property=\"og:url\" content=\"https:\/\/weddingvideographeramalficoast.com\/it\/aree-di-attivita\/\" \/>\n<meta property=\"og:site_name\" content=\"Echo of Journey\" \/>\n<meta property=\"article:modified_time\" content=\"2024-02-07T12:55:00+00:00\" \/>\n<meta property=\"og:image\" content=\"https:\/\/weddingvideographeramalficoast.com\/wp-content\/uploads\/2022\/11\/innerbanner.jpg\" \/>\n\t<meta property=\"og:image:width\" content=\"1600\" \/>\n\t<meta property=\"og:image:height\" content=\"800\" \/>\n\t<meta property=\"og:image:type\" content=\"image\/jpeg\" \/>\n<meta name=\"twitter:card\" content=\"summary_large_image\" \/>\n<meta name=\"twitter:title\" content=\"Aree di Attivit\u00e0 - Wedding Videographer\" \/>\n<meta name=\"twitter:description\" content=\"Esplora le diverse aree di attivit\u00e0 del nostro servizio di videografia per matrimoni. Catturiamo i momenti pi\u00f9 belli del tuo giorno speciale.\" \/>\n<meta name=\"twitter:label1\" content=\"Tempo di lettura stimato\" \/>\n\t<meta name=\"twitter:data1\" content=\"3 minuti\" \/>\n<script type=\"application\/ld+json\" class=\"yoast-schema-graph\">{\"@context\":\"https:\/\/schema.org\",\"@graph\":[{\"@type\":\"WebPage\",\"@id\":\"https:\/\/weddingvideographeramalficoast.com\/it\/aree-di-attivita\/\",\"url\":\"https:\/\/weddingvideographeramalficoast.com\/it\/aree-di-attivita\/\",\"name\":\"Aree di Attivit\u00e0 - Wedding Videographer\",\"isPartOf\":{\"@id\":\"https:\/\/weddingvideographeramalficoast.com\/#website\"},\"datePublished\":\"2022-11-05T08:16:21+00:00\",\"dateModified\":\"2024-02-07T12:55:00+00:00\",\"description\":\"Esplora le diverse aree di attivit\u00e0 del nostro servizio di videografia per matrimoni. Catturiamo i momenti pi\u00f9 belli del tuo giorno speciale.\",\"breadcrumb\":{\"@id\":\"https:\/\/weddingvideographeramalficoast.com\/it\/aree-di-attivita\/#breadcrumb\"},\"inLanguage\":\"it-IT\",\"potentialAction\":[{\"@type\":\"ReadAction\",\"target\":[\"https:\/\/weddingvideographeramalficoast.com\/it\/aree-di-attivita\/\"]}]},{\"@type\":\"BreadcrumbList\",\"@id\":\"https:\/\/weddingvideographeramalficoast.com\/it\/aree-di-attivita\/#breadcrumb\",\"itemListElement\":[{\"@type\":\"ListItem\",\"position\":1,\"name\":\"Home\",\"item\":\"https:\/\/weddingvideographeramalficoast.com\/it\/\"},{\"@type\":\"ListItem\",\"position\":2,\"name\":\"Aree di Attivit\u00e0\"}]},{\"@type\":\"WebSite\",\"@id\":\"https:\/\/weddingvideographeramalficoast.com\/#website\",\"url\":\"https:\/\/weddingvideographeramalficoast.com\/\",\"name\":\"Echo of Journey\",\"description\":\"wedding films\",\"publisher\":{\"@id\":\"https:\/\/weddingvideographeramalficoast.com\/#organization\"},\"potentialAction\":[{\"@type\":\"SearchAction\",\"target\":{\"@type\":\"EntryPoint\",\"urlTemplate\":\"https:\/\/weddingvideographeramalficoast.com\/?s={search_term_string}\"},\"query-input\":\"required name=search_term_string\"}],\"inLanguage\":\"it-IT\"},{\"@type\":\"Organization\",\"@id\":\"https:\/\/weddingvideographeramalficoast.com\/#organization\",\"name\":\"Echo of Journey\",\"url\":\"https:\/\/weddingvideographeramalficoast.com\/\",\"logo\":{\"@type\":\"ImageObject\",\"inLanguage\":\"it-IT\",\"@id\":\"https:\/\/weddingvideographeramalficoast.com\/#\/schema\/logo\/image\/\",\"url\":\"https:\/\/weddingvideographeramalficoast.com\/wp-content\/uploads\/2024\/11\/cropped-3-2.png\",\"contentUrl\":\"https:\/\/weddingvideographeramalficoast.com\/wp-content\/uploads\/2024\/11\/cropped-3-2.png\",\"width\":200,\"height\":111,\"caption\":\"Echo of Journey\"},\"image\":{\"@id\":\"https:\/\/weddingvideographeramalficoast.com\/#\/schema\/logo\/image\/\"}}]}<\/script>\n<!-- \/ Yoast SEO plugin. -->","yoast_head_json":{"title":"Aree di Attivit\u00e0 - Wedding Videographer","description":"Esplora le diverse aree di attivit\u00e0 del nostro servizio di videografia per matrimoni. Catturiamo i momenti pi\u00f9 belli del tuo giorno speciale.","robots":{"index":"index","follow":"follow","max-snippet":"max-snippet:-1","max-image-preview":"max-image-preview:large","max-video-preview":"max-video-preview:-1"},"canonical":"https:\/\/weddingvideographeramalficoast.com\/it\/aree-di-attivita\/","og_locale":"it_IT","og_type":"article","og_title":"Aree di Attivit\u00e0 - Wedding Videographer","og_description":"Esplora le diverse aree di attivit\u00e0 del nostro servizio di videografia per matrimoni. Catturiamo i momenti pi\u00f9 belli del tuo giorno speciale.","og_url":"https:\/\/weddingvideographeramalficoast.com\/it\/aree-di-attivita\/","og_site_name":"Echo of Journey","article_modified_time":"2024-02-07T12:55:00+00:00","og_image":[{"width":1600,"height":800,"url":"https:\/\/weddingvideographeramalficoast.com\/wp-content\/uploads\/2022\/11\/innerbanner.jpg","type":"image\/jpeg"}],"twitter_card":"summary_large_image","twitter_title":"Aree di Attivit\u00e0 - Wedding Videographer","twitter_description":"Esplora le diverse aree di attivit\u00e0 del nostro servizio di videografia per matrimoni. Catturiamo i momenti pi\u00f9 belli del tuo giorno speciale.","twitter_misc":{"Tempo di lettura stimato":"3 minuti"},"schema":{"@context":"https:\/\/schema.org","@graph":[{"@type":"WebPage","@id":"https:\/\/weddingvideographeramalficoast.com\/it\/aree-di-attivita\/","url":"https:\/\/weddingvideographeramalficoast.com\/it\/aree-di-attivita\/","name":"Aree di Attivit\u00e0 - Wedding Videographer","isPartOf":{"@id":"https:\/\/weddingvideographeramalficoast.com\/#website"},"datePublished":"2022-11-05T08:16:21+00:00","dateModified":"2024-02-07T12:55:00+00:00","description":"Esplora le diverse aree di attivit\u00e0 del nostro servizio di videografia per matrimoni. Catturiamo i momenti pi\u00f9 belli del tuo giorno speciale.","breadcrumb":{"@id":"https:\/\/weddingvideographeramalficoast.com\/it\/aree-di-attivita\/#breadcrumb"},"inLanguage":"it-IT","potentialAction":[{"@type":"ReadAction","target":["https:\/\/weddingvideographeramalficoast.com\/it\/aree-di-attivita\/"]}]},{"@type":"BreadcrumbList","@id":"https:\/\/weddingvideographeramalficoast.com\/it\/aree-di-attivita\/#breadcrumb","itemListElement":[{"@type":"ListItem","position":1,"name":"Home","item":"https:\/\/weddingvideographeramalficoast.com\/it\/"},{"@type":"ListItem","position":2,"name":"Aree di Attivit\u00e0"}]},{"@type":"WebSite","@id":"https:\/\/weddingvideographeramalficoast.com\/#website","url":"https:\/\/weddingvideographeramalficoast.com\/","name":"Echo of Journey","description":"wedding films","publisher":{"@id":"https:\/\/weddingvideographeramalficoast.com\/#organization"},"potentialAction":[{"@type":"SearchAction","target":{"@type":"EntryPoint","urlTemplate":"https:\/\/weddingvideographeramalficoast.com\/?s={search_term_string}"},"query-input":"required name=search_term_string"}],"inLanguage":"it-IT"},{"@type":"Organization","@id":"https:\/\/weddingvideographeramalficoast.com\/#organization","name":"Echo of Journey","url":"https:\/\/weddingvideographeramalficoast.com\/","logo":{"@type":"ImageObject","inLanguage":"it-IT","@id":"https:\/\/weddingvideographeramalficoast.com\/#\/schema\/logo\/image\/","url":"https:\/\/weddingvideographeramalficoast.com\/wp-content\/uploads\/2024\/11\/cropped-3-2.png","contentUrl":"https:\/\/weddingvideographeramalficoast.com\/wp-content\/uploads\/2024\/11\/cropped-3-2.png","width":200,"height":111,"caption":"Echo of Journey"},"image":{"@id":"https:\/\/weddingvideographeramalficoast.com\/#\/schema\/logo\/image\/"}}]}},"_links":{"self":[{"href":"https:\/\/weddingvideographeramalficoast.com\/it\/wp-json\/wp\/v2\/pages\/12"}],"collection":[{"href":"https:\/\/weddingvideographeramalficoast.com\/it\/wp-json\/wp\/v2\/pages"}],"about":[{"href":"https:\/\/weddingvideographeramalficoast.com\/it\/wp-json\/wp\/v2\/types\/page"}],"author":[{"embeddable":true,"href":"https:\/\/weddingvideographeramalficoast.com\/it\/wp-json\/wp\/v2\/users\/1"}],"replies":[{"embeddable":true,"href":"https:\/\/weddingvideographeramalficoast.com\/it\/wp-json\/wp\/v2\/comments?post=12"}],"version-history":[{"count":63,"href":"https:\/\/weddingvideographeramalficoast.com\/it\/wp-json\/wp\/v2\/pages\/12\/revisions"}],"predecessor-version":[{"id":3908,"href":"https:\/\/weddingvideographeramalficoast.com\/it\/wp-json\/wp\/v2\/pages\/12\/revisions\/3908"}],"wp:featuredmedia":[{"embeddable":true,"href":"https:\/\/weddingvideographeramalficoast.com\/it\/wp-json\/wp\/v2\/media\/77"}],"wp:attachment":[{"href":"https:\/\/weddingvideographeramalficoast.com\/it\/wp-json\/wp\/v2\/media?parent=12"}],"curies":[{"name":"wp","href":"https:\/\/api.w.org\/{rel}","templated":true}]}}